{"id":6368,"date":"2023-02-17T16:02:27","date_gmt":"2023-02-17T16:02:27","guid":{"rendered":"https:\/\/kindart.is\/product\/islenskt-malshattasafn\/"},"modified":"2023-03-09T08:56:07","modified_gmt":"2023-03-09T08:56:07","slug":"islenskt-malshattasafn","status":"publish","type":"product","link":"https:\/\/kindart.is\/en\/vara\/islenskt-malshattasafn\/","title":{"rendered":"I\u0301slenskt ma\u0301lsha\u0301ttasafn"},"content":{"rendered":"<p><strong>I\u0301slenskt ma\u0301lsha\u0301ttasafn<\/strong>. Finnur J\u00f3nsson setti saman. B\u00f3kin er bundin \u00ed \u00f3s\u00fdnilegan dj\u00fapfals, sjagrinskinn \u00e1 kj\u00f6l og horn, gyllt langsum \u00e1 kj\u00f6l. K\u00e1pur \u00e1l\u00edmdar hver \u00e1 s\u00ednum sta\u00f0. St\u00e6r\u00f0: 22.3 X 14.3 cm og 223 bls.<\/p>\n<p><strong>\u00datg\u00e1fa og prentun<\/strong>:<br \/>\nGefi\u00f0 \u00fat af Hinu \u00edsl. Fr\u00e6\u00f0af\u00e9lagi 1920 \u00ed Kaupmannah\u00f6fn. Prentsmi\u00f0ja Gyldendals.<\/p>\n<p>Forngripur.<\/p>\n","protected":false},"excerpt":{"rendered":"<p>I\u0301slenskt ma\u0301lsha\u0301ttasafn. Finnur J\u00f3nsson setti saman. B\u00f3kin er bundin \u00ed \u00f3s\u00fdnilegan dj\u00fapfals, sjagrinskinn \u00e1 kj\u00f6l og horn, gyllt langsum \u00e1 kj\u00f6l. K\u00e1pur \u00e1l\u00edmdar hver \u00e1 s\u00ednum sta\u00f0. St\u00e6r\u00f0: 22.3 X 14.3 cm og 223 bls. \u00datg\u00e1fa og prentun: Gefi\u00f0 \u00fat af Hinu \u00edsl. Fr\u00e6\u00f0af\u00e9lagi 1920 \u00ed Kaupmannah\u00f6fn. Prentsmi\u00f0ja Gyldendals. Forngripur.<\/p>\n","protected":false},"featured_media":6362,"template":"","meta":{"slim_seo":{"title":"I\u0301slenskt ma\u0301lsha\u0301ttasafn - KindArt","description":"I\u0301slenskt ma\u0301lsha\u0301ttasafn . Finnur J\u00f3nsson setti saman. B\u00f3kin er bundin \u00ed \u00f3s\u00fdnilegan dj\u00fapfals, sjagrinskinn \u00e1 kj\u00f6l og horn, gyllt langsum \u00e1 kj\u00f6l. K\u00e1pur \u00e1l\u00edmdar"}},"product_brand":[],"product_cat":[83],"product_tag":[],"class_list":{"0":"post-6368","1":"product","2":"type-product","3":"status-publish","4":"has-post-thumbnail","6":"product_cat-books","7":"product_shipping_class-small-en","9":"first","10":"outofstock","11":"purchasable","12":"product-type-simple"},"_links":{"self":[{"href":"https:\/\/kindart.is\/en\/wp-json\/wp\/v2\/product\/6368","targetHints":{"allow":["GET"]}}],"collection":[{"href":"https:\/\/kindart.is\/en\/wp-json\/wp\/v2\/product"}],"about":[{"href":"https:\/\/kindart.is\/en\/wp-json\/wp\/v2\/types\/product"}],"wp:featuredmedia":[{"embeddable":true,"href":"https:\/\/kindart.is\/en\/wp-json\/wp\/v2\/media\/6362"}],"wp:attachment":[{"href":"https:\/\/kindart.is\/en\/wp-json\/wp\/v2\/media?parent=6368"}],"wp:term":[{"taxonomy":"product_brand","embeddable":true,"href":"https:\/\/kindart.is\/en\/wp-json\/wp\/v2\/product_brand?post=6368"},{"taxonomy":"product_cat","embeddable":true,"href":"https:\/\/kindart.is\/en\/wp-json\/wp\/v2\/product_cat?post=6368"},{"taxonomy":"product_tag","embeddable":true,"href":"https:\/\/kindart.is\/en\/wp-json\/wp\/v2\/product_tag?post=6368"}],"curies":[{"name":"wp","href":"https:\/\/api.w.org\/{rel}","templated":true}]}}