{"id":6375,"date":"2023-02-17T16:11:18","date_gmt":"2023-02-17T16:11:18","guid":{"rendered":"https:\/\/kindart.is\/product\/island-i-myndum\/"},"modified":"2023-02-17T16:38:05","modified_gmt":"2023-02-17T16:38:05","slug":"island-i-myndum","status":"publish","type":"product","link":"https:\/\/kindart.is\/en\/vara\/island-i-myndum\/","title":{"rendered":"\u00cdsland \u00ed myndum"},"content":{"rendered":"<p><strong>\u00cdsland \u00ed myndum.<\/strong> Through Iceland with a Camera. Halld\u00f3r E. Arn\u00f3rsson lj\u00f3smyndari og P\u00e1ll J\u00f3nsson augl\u00fdsingastj\u00f3ri v\u00f6ldu myndirnar. P\u00e1lmi Hannesson rektor og G\u00edsli Gestsson bankaritari a\u00f0sto\u00f0u\u00f0u vi\u00f0 r\u00f6\u00f0un myndanna og samninga textanna vi\u00f0 \u00fe\u00e6r. Einar Magn\u00fasson menntask\u00f3lakennari rita\u00f0i form\u00e1la. A\u00f0albj\u00f6rg Johnson og Mr. Mc. Kenzie bla\u00f0afulltr\u00fai \u00f6nnu\u00f0ust \u00fe\u00fd\u00f0ingar. B\u00f3kin er 22.2 cm \u00e1 h\u00e6\u00f0 X 28.8 cm \u00e1 breidd, \u00ed svok\u00f6llu\u00f0u grallarabroti, sem er mj\u00f6g \u00f3venjulegt \u00e1 svona st\u00f3rri b\u00f3k. H\u00fan er bundin \u00ed mj\u00fakt efni, l\u00edkast plastbornum shirtingi, en ekki \u00ed har\u00f0spj\u00f6ldum. Skr\u00e1 fylgir um lj\u00f3smyndarana og aftast er Eftirm\u00e1li \u00e1n h\u00f6fundarnafns.<\/p>\n<p><strong>\u00datg\u00e1fa og prentun<\/strong>:<br \/>\n\u00datgefandi: \u00cdsafoldarprentsmi\u00f0ja 1943 Reykjav\u00edk. Prentun:\u00cdsafoldarprentsmi\u00f0ja.<\/p>\n","protected":false},"excerpt":{"rendered":"<p>\u00cdsland \u00ed myndum. Through Iceland with a Camera. Halld\u00f3r E. Arn\u00f3rsson lj\u00f3smyndari og P\u00e1ll J\u00f3nsson augl\u00fdsingastj\u00f3ri v\u00f6ldu myndirnar. P\u00e1lmi Hannesson rektor og G\u00edsli Gestsson bankaritari a\u00f0sto\u00f0u\u00f0u vi\u00f0 r\u00f6\u00f0un myndanna og samninga textanna vi\u00f0 \u00fe\u00e6r. Einar Magn\u00fasson menntask\u00f3lakennari rita\u00f0i form\u00e1la. A\u00f0albj\u00f6rg Johnson og Mr. Mc. Kenzie bla\u00f0afulltr\u00fai \u00f6nnu\u00f0ust \u00fe\u00fd\u00f0ingar. B\u00f3kin er 22.2 cm \u00e1 h\u00e6\u00f0 X [&hellip;]<\/p>\n","protected":false},"featured_media":6371,"template":"","meta":{"slim_seo":{"title":"\u00cdsland \u00ed myndum - KindArt","description":"\u00cdsland \u00ed myndum. Through Iceland with a Camera. Halld\u00f3r E. Arn\u00f3rsson lj\u00f3smyndari og P\u00e1ll J\u00f3nsson augl\u00fdsingastj\u00f3ri v\u00f6ldu myndirnar. P\u00e1lmi Hannesson rektor og G\u00eds"}},"product_brand":[],"product_cat":[83],"product_tag":[],"class_list":{"0":"post-6375","1":"product","2":"type-product","3":"status-publish","4":"has-post-thumbnail","6":"product_cat-books","7":"product_shipping_class-small-en","9":"first","10":"outofstock","11":"purchasable","12":"product-type-simple"},"_links":{"self":[{"href":"https:\/\/kindart.is\/en\/wp-json\/wp\/v2\/product\/6375","targetHints":{"allow":["GET"]}}],"collection":[{"href":"https:\/\/kindart.is\/en\/wp-json\/wp\/v2\/product"}],"about":[{"href":"https:\/\/kindart.is\/en\/wp-json\/wp\/v2\/types\/product"}],"wp:featuredmedia":[{"embeddable":true,"href":"https:\/\/kindart.is\/en\/wp-json\/wp\/v2\/media\/6371"}],"wp:attachment":[{"href":"https:\/\/kindart.is\/en\/wp-json\/wp\/v2\/media?parent=6375"}],"wp:term":[{"taxonomy":"product_brand","embeddable":true,"href":"https:\/\/kindart.is\/en\/wp-json\/wp\/v2\/product_brand?post=6375"},{"taxonomy":"product_cat","embeddable":true,"href":"https:\/\/kindart.is\/en\/wp-json\/wp\/v2\/product_cat?post=6375"},{"taxonomy":"product_tag","embeddable":true,"href":"https:\/\/kindart.is\/en\/wp-json\/wp\/v2\/product_tag?post=6375"}],"curies":[{"name":"wp","href":"https:\/\/api.w.org\/{rel}","templated":true}]}}