{"id":6384,"date":"2023-02-17T20:21:47","date_gmt":"2023-02-17T20:21:47","guid":{"rendered":"https:\/\/kindart.is\/product\/kennslubok-i-natturufraedi\/"},"modified":"2023-02-17T20:21:47","modified_gmt":"2023-02-17T20:21:47","slug":"kennslubok-i-natturufraedi","status":"publish","type":"product","link":"https:\/\/kindart.is\/en\/vara\/kennslubok-i-natturufraedi\/","title":{"rendered":"Kennslub\u00f3k \u00ed n\u00e1tt\u00farufr\u00e6\u00f0i"},"content":{"rendered":"<p><strong>Kennslub\u00f3k \u00ed n\u00e1tt\u00farufr\u00e6\u00f0i<\/strong> handa al\u00fe\u00fd\u00f0usk\u00f3lum eftir Karl Schimdt. J\u00f3n \u00de\u00f3rarinsson \u00edslenska\u00f0i. B\u00f3kin er bundin \u00ed gr\u00e6nan shirting \u00e1 kj\u00f6l og horn og kl\u00e6dd me\u00f0 g\u00f6mlum gulbr\u00fanum marmor papp\u00edr. St\u00e6r\u00f0: 20.5 X 13 cm og 115 bls.<\/p>\n<p><strong>\u00datg\u00e1fa og prentun<\/strong>:<br \/>\n\u00datgefin \u00e1 kostna\u00f0 b\u00f3kaverslunarinnar H. Hagerups 1895 Kaupmannah\u00f6fn. Prentu\u00f0 \u00ed prentsmi\u00f0ju Triers (H.J. Schou).<\/p>\n<p>FORNGRIPUR.<br \/>\nF\u00e1s\u00e9\u00f0ur.<\/p>\n","protected":false},"excerpt":{"rendered":"<p>Kennslub\u00f3k \u00ed n\u00e1tt\u00farufr\u00e6\u00f0i handa al\u00fe\u00fd\u00f0usk\u00f3lum eftir Karl Schimdt. J\u00f3n \u00de\u00f3rarinsson \u00edslenska\u00f0i. B\u00f3kin er bundin \u00ed gr\u00e6nan shirting \u00e1 kj\u00f6l og horn og kl\u00e6dd me\u00f0 g\u00f6mlum gulbr\u00fanum marmor papp\u00edr. St\u00e6r\u00f0: 20.5 X 13 cm og 115 bls. \u00datg\u00e1fa og prentun: \u00datgefin \u00e1 kostna\u00f0 b\u00f3kaverslunarinnar H. Hagerups 1895 Kaupmannah\u00f6fn. Prentu\u00f0 \u00ed prentsmi\u00f0ju Triers (H.J. Schou). FORNGRIPUR. F\u00e1s\u00e9\u00f0ur.<\/p>\n","protected":false},"featured_media":6380,"template":"","meta":{"slim_seo":{"title":"Kennslub\u00f3k \u00ed n\u00e1tt\u00farufr\u00e6\u00f0i - KindArt","description":"Kennslub\u00f3k \u00ed n\u00e1tt\u00farufr\u00e6\u00f0i handa al\u00fe\u00fd\u00f0usk\u00f3lum eftir Karl Schimdt. J\u00f3n \u00de\u00f3rarinsson \u00edslenska\u00f0i. B\u00f3kin er bundin \u00ed gr\u00e6nan shirting \u00e1 kj\u00f6l og horn og kl\u00e6dd me\u00f0 g\u00f6mlu"}},"product_brand":[],"product_cat":[83],"product_tag":[],"class_list":{"0":"post-6384","1":"product","2":"type-product","3":"status-publish","4":"has-post-thumbnail","6":"product_cat-books","7":"product_shipping_class-small-en","9":"first","10":"instock","11":"purchasable","12":"product-type-simple"},"_links":{"self":[{"href":"https:\/\/kindart.is\/en\/wp-json\/wp\/v2\/product\/6384","targetHints":{"allow":["GET"]}}],"collection":[{"href":"https:\/\/kindart.is\/en\/wp-json\/wp\/v2\/product"}],"about":[{"href":"https:\/\/kindart.is\/en\/wp-json\/wp\/v2\/types\/product"}],"wp:featuredmedia":[{"embeddable":true,"href":"https:\/\/kindart.is\/en\/wp-json\/wp\/v2\/media\/6380"}],"wp:attachment":[{"href":"https:\/\/kindart.is\/en\/wp-json\/wp\/v2\/media?parent=6384"}],"wp:term":[{"taxonomy":"product_brand","embeddable":true,"href":"https:\/\/kindart.is\/en\/wp-json\/wp\/v2\/product_brand?post=6384"},{"taxonomy":"product_cat","embeddable":true,"href":"https:\/\/kindart.is\/en\/wp-json\/wp\/v2\/product_cat?post=6384"},{"taxonomy":"product_tag","embeddable":true,"href":"https:\/\/kindart.is\/en\/wp-json\/wp\/v2\/product_tag?post=6384"}],"curies":[{"name":"wp","href":"https:\/\/api.w.org\/{rel}","templated":true}]}}