{"id":6394,"date":"2023-02-18T16:24:37","date_gmt":"2023-02-18T16:24:37","guid":{"rendered":"https:\/\/kindart.is\/product\/dalamadur-segir-fra\/"},"modified":"2023-02-18T16:24:37","modified_gmt":"2023-02-18T16:24:37","slug":"dalamadur-segir-fra","status":"publish","type":"product","link":"https:\/\/kindart.is\/en\/vara\/dalamadur-segir-fra\/","title":{"rendered":"Dalama\u00f0ur segir fr\u00e1"},"content":{"rendered":"<p><strong>Dalama\u00f0ur segir fr\u00e1<\/strong> eftir \u00c1g\u00fast Vigf\u00fasson. Stuttir \u00fe\u00e6ttir um \u00fdmislegt vestan \u00far D\u00f6lum, m.a. \u00far Lax\u00e1rdal. B\u00f3kin er bundin \u00ed alband \u00ed svart plastefni, gyllt \u00e1 kj\u00f6l. Hl\u00edf\u00f0ark\u00e1pa fylgir.<\/p>\n<p><strong>\u00datg\u00e1fa og prentun<\/strong>:<br \/>\n\u00c6gis\u00fatg\u00e1fan 1978 Reykjav\u00edk. Prentun: Prentverk Akraness. B\u00f3kband: B\u00f3kbindarinn.<\/p>\n","protected":false},"excerpt":{"rendered":"<p>Dalama\u00f0ur segir fr\u00e1 eftir \u00c1g\u00fast Vigf\u00fasson. Stuttir \u00fe\u00e6ttir um \u00fdmislegt vestan \u00far D\u00f6lum, m.a. \u00far Lax\u00e1rdal. B\u00f3kin er bundin \u00ed alband \u00ed svart plastefni, gyllt \u00e1 kj\u00f6l. Hl\u00edf\u00f0ark\u00e1pa fylgir. \u00datg\u00e1fa og prentun: \u00c6gis\u00fatg\u00e1fan 1978 Reykjav\u00edk. Prentun: Prentverk Akraness. B\u00f3kband: B\u00f3kbindarinn.<\/p>\n","protected":false},"featured_media":6388,"template":"","meta":{"slim_seo":{"title":"Dalama\u00f0ur segir fr\u00e1 - KindArt","description":"Dalama\u00f0ur segir fr\u00e1 eftir \u00c1g\u00fast Vigf\u00fasson. Stuttir \u00fe\u00e6ttir um \u00fdmislegt vestan \u00far D\u00f6lum, m.a. \u00far Lax\u00e1rdal. B\u00f3kin er bundin \u00ed alband \u00ed svart plastefni, gyllt \u00e1 kj\u00f6"}},"product_brand":[],"product_cat":[83],"product_tag":[],"class_list":{"0":"post-6394","1":"product","2":"type-product","3":"status-publish","4":"has-post-thumbnail","6":"product_cat-books","7":"product_shipping_class-small-en","9":"first","10":"instock","11":"purchasable","12":"product-type-simple"},"_links":{"self":[{"href":"https:\/\/kindart.is\/en\/wp-json\/wp\/v2\/product\/6394","targetHints":{"allow":["GET"]}}],"collection":[{"href":"https:\/\/kindart.is\/en\/wp-json\/wp\/v2\/product"}],"about":[{"href":"https:\/\/kindart.is\/en\/wp-json\/wp\/v2\/types\/product"}],"wp:featuredmedia":[{"embeddable":true,"href":"https:\/\/kindart.is\/en\/wp-json\/wp\/v2\/media\/6388"}],"wp:attachment":[{"href":"https:\/\/kindart.is\/en\/wp-json\/wp\/v2\/media?parent=6394"}],"wp:term":[{"taxonomy":"product_brand","embeddable":true,"href":"https:\/\/kindart.is\/en\/wp-json\/wp\/v2\/product_brand?post=6394"},{"taxonomy":"product_cat","embeddable":true,"href":"https:\/\/kindart.is\/en\/wp-json\/wp\/v2\/product_cat?post=6394"},{"taxonomy":"product_tag","embeddable":true,"href":"https:\/\/kindart.is\/en\/wp-json\/wp\/v2\/product_tag?post=6394"}],"curies":[{"name":"wp","href":"https:\/\/api.w.org\/{rel}","templated":true}]}}