{"id":6401,"date":"2023-02-18T16:28:54","date_gmt":"2023-02-18T16:28:54","guid":{"rendered":"https:\/\/kindart.is\/product\/ordbog\/"},"modified":"2023-02-18T16:28:54","modified_gmt":"2023-02-18T16:28:54","slug":"ordbog","status":"publish","type":"product","link":"https:\/\/kindart.is\/en\/vara\/ordbog\/","title":{"rendered":"Ordbog"},"content":{"rendered":"<p><strong>ORDBOG<\/strong> til de af samfund til udg. Af GML. NORD. Litteratur udgivne r\u00edmur samt til de af dr. O.Jericzek udgivne R\u00f3sar\u00edmur af Finnur J\u00f3nsson. B\u00f3kin er bundin \u00ed \u00f3s\u00fdnilegan dj\u00fapfals, rex\u00edn \u00e1 kj\u00f6l og horn og gyllt \u00e1 kj\u00f6l. Kl\u00e6dd me\u00f0 rau\u00f0leitum n\u00fabru\u00f0um spjaldapapp\u00edr. St\u00e6r\u00f0: 21 X 13.3 cm og 420 bls. Framk\u00e1pa l\u00edmd a\u00f0 aftan.<\/p>\n<p><strong>\u00datg\u00e1fa og prentun<\/strong>:<br \/>\nP\u00e5 Carlsbergfondets bekostning, K\u00f8benhavn. 1926-28. Trykt hos J.J\u00f8rgensen &amp; Co (Ivar Jantzen).<\/p>\n","protected":false},"excerpt":{"rendered":"<p>ORDBOG til de af samfund til udg. Af GML. NORD. Litteratur udgivne r\u00edmur samt til de af dr. O.Jericzek udgivne R\u00f3sar\u00edmur af Finnur J\u00f3nsson. B\u00f3kin er bundin \u00ed \u00f3s\u00fdnilegan dj\u00fapfals, rex\u00edn \u00e1 kj\u00f6l og horn og gyllt \u00e1 kj\u00f6l. Kl\u00e6dd me\u00f0 rau\u00f0leitum n\u00fabru\u00f0um spjaldapapp\u00edr. St\u00e6r\u00f0: 21 X 13.3 cm og 420 bls. Framk\u00e1pa l\u00edmd a\u00f0 [&hellip;]<\/p>\n","protected":false},"featured_media":6397,"template":"","meta":{"slim_seo":{"title":"Ordbog - KindArt","description":"ORDBOG til de af samfund til udg. Af GML. NORD. Litteratur udgivne r\u00edmur samt til de af dr. O.Jericzek udgivne R\u00f3sar\u00edmur af Finnur J\u00f3nsson. B\u00f3kin er bundin \u00ed \u00f3s"}},"product_brand":[],"product_cat":[83],"product_tag":[],"class_list":{"0":"post-6401","1":"product","2":"type-product","3":"status-publish","4":"has-post-thumbnail","6":"product_cat-books","7":"product_shipping_class-small-en","9":"first","10":"outofstock","11":"purchasable","12":"product-type-simple"},"_links":{"self":[{"href":"https:\/\/kindart.is\/en\/wp-json\/wp\/v2\/product\/6401","targetHints":{"allow":["GET"]}}],"collection":[{"href":"https:\/\/kindart.is\/en\/wp-json\/wp\/v2\/product"}],"about":[{"href":"https:\/\/kindart.is\/en\/wp-json\/wp\/v2\/types\/product"}],"wp:featuredmedia":[{"embeddable":true,"href":"https:\/\/kindart.is\/en\/wp-json\/wp\/v2\/media\/6397"}],"wp:attachment":[{"href":"https:\/\/kindart.is\/en\/wp-json\/wp\/v2\/media?parent=6401"}],"wp:term":[{"taxonomy":"product_brand","embeddable":true,"href":"https:\/\/kindart.is\/en\/wp-json\/wp\/v2\/product_brand?post=6401"},{"taxonomy":"product_cat","embeddable":true,"href":"https:\/\/kindart.is\/en\/wp-json\/wp\/v2\/product_cat?post=6401"},{"taxonomy":"product_tag","embeddable":true,"href":"https:\/\/kindart.is\/en\/wp-json\/wp\/v2\/product_tag?post=6401"}],"curies":[{"name":"wp","href":"https:\/\/api.w.org\/{rel}","templated":true}]}}