{"id":6410,"date":"2023-02-18T16:33:30","date_gmt":"2023-02-18T16:33:30","guid":{"rendered":"https:\/\/kindart.is\/product\/grasnytjar\/"},"modified":"2023-02-18T16:33:30","modified_gmt":"2023-02-18T16:33:30","slug":"grasnytjar","status":"publish","type":"product","link":"https:\/\/kindart.is\/en\/vara\/grasnytjar\/","title":{"rendered":"Grasnytjar"},"content":{"rendered":"<p><strong>Grasnytjar<\/strong> eftir Bj\u00f6rn Halld\u00f3rtsson fr\u00e1 Sau\u00f0lauksdal. \u00d6nnur \u00fatg\u00e1fa me\u00f0 sk\u00fdringum. B\u00f3kin er bundin \u00ed gr\u00e6nt rex\u00edn alband. Gyllt a\u00f0 framan og \u00e1 kj\u00f6l. St\u00e6r\u00f0: 18.4 X 12.2 cm og er form\u00e1li 13 bls. Lj\u00f3sprenta\u00f0a \u00fatg\u00e1fan er 238 bls. og Registur. Sk\u00fdringar og skr\u00e1r eftir Helga Hallgr\u00edmsson 51 bls + Minnisbl.<\/p>\n<p><strong>\u00datg\u00e1fa og prentun<\/strong>:<br \/>\n\u00datgefendur: B\u00f3kaforlag Odds Bj\u00f6rnssonar, N\u00e1tt\u00farugripasafni\u00f0 \u00e1 Akureyri, R\u00e6ktunarf\u00e9lag Nor\u00f0urlands. \u2013 B\u00f3kin er fefin \u00fat \u00ed tilefni 80 \u00e1ra afm\u00e6lis Steind\u00f3rs Steind\u00f3rssonar og tileinku\u00f0 honum. 1983 Akureyri. Prentverk Odds Bj\u00f6rnssonar. Lj\u00f3sprenta\u00f0a \u00fatg\u00e1fan var prentu\u00f0 1783 af August Frederich Stein \u00ed Kaupmannah\u00f6fn.<\/p>\n","protected":false},"excerpt":{"rendered":"<p>Grasnytjar eftir Bj\u00f6rn Halld\u00f3rtsson fr\u00e1 Sau\u00f0lauksdal. \u00d6nnur \u00fatg\u00e1fa me\u00f0 sk\u00fdringum. B\u00f3kin er bundin \u00ed gr\u00e6nt rex\u00edn alband. Gyllt a\u00f0 framan og \u00e1 kj\u00f6l. St\u00e6r\u00f0: 18.4 X 12.2 cm og er form\u00e1li 13 bls. Lj\u00f3sprenta\u00f0a \u00fatg\u00e1fan er 238 bls. og Registur. Sk\u00fdringar og skr\u00e1r eftir Helga Hallgr\u00edmsson 51 bls + Minnisbl. \u00datg\u00e1fa og prentun: \u00datgefendur: B\u00f3kaforlag [&hellip;]<\/p>\n","protected":false},"featured_media":6404,"template":"","meta":{"slim_seo":{"title":"Grasnytjar - KindArt","description":"Grasnytjar eftir Bj\u00f6rn Halld\u00f3rtsson fr\u00e1 Sau\u00f0lauksdal. \u00d6nnur \u00fatg\u00e1fa me\u00f0 sk\u00fdringum. B\u00f3kin er bundin \u00ed gr\u00e6nt rex\u00edn alband. Gyllt a\u00f0 framan og \u00e1 kj\u00f6l. St\u00e6r\u00f0: 18.4 X"}},"product_brand":[],"product_cat":[83],"product_tag":[],"class_list":{"0":"post-6410","1":"product","2":"type-product","3":"status-publish","4":"has-post-thumbnail","6":"product_cat-books","7":"product_shipping_class-small-en","9":"first","10":"outofstock","11":"purchasable","12":"product-type-simple"},"_links":{"self":[{"href":"https:\/\/kindart.is\/en\/wp-json\/wp\/v2\/product\/6410","targetHints":{"allow":["GET"]}}],"collection":[{"href":"https:\/\/kindart.is\/en\/wp-json\/wp\/v2\/product"}],"about":[{"href":"https:\/\/kindart.is\/en\/wp-json\/wp\/v2\/types\/product"}],"wp:featuredmedia":[{"embeddable":true,"href":"https:\/\/kindart.is\/en\/wp-json\/wp\/v2\/media\/6404"}],"wp:attachment":[{"href":"https:\/\/kindart.is\/en\/wp-json\/wp\/v2\/media?parent=6410"}],"wp:term":[{"taxonomy":"product_brand","embeddable":true,"href":"https:\/\/kindart.is\/en\/wp-json\/wp\/v2\/product_brand?post=6410"},{"taxonomy":"product_cat","embeddable":true,"href":"https:\/\/kindart.is\/en\/wp-json\/wp\/v2\/product_cat?post=6410"},{"taxonomy":"product_tag","embeddable":true,"href":"https:\/\/kindart.is\/en\/wp-json\/wp\/v2\/product_tag?post=6410"}],"curies":[{"name":"wp","href":"https:\/\/api.w.org\/{rel}","templated":true}]}}