{"id":6419,"date":"2023-02-18T16:37:53","date_gmt":"2023-02-18T16:37:53","guid":{"rendered":"https:\/\/kindart.is\/product\/thorfin-knyr\/"},"modified":"2023-02-18T16:37:53","modified_gmt":"2023-02-18T16:37:53","slug":"thorfin-knyr","status":"publish","type":"product","link":"https:\/\/kindart.is\/en\/vara\/thorfin-knyr\/","title":{"rendered":"\u00de\u00f6rfin kn\u00fdr"},"content":{"rendered":"<p><strong>\u00de\u00f6rfin kn\u00fdr<\/strong> eftir \u00de\u00f3runni Magn\u00fasd\u00f3ttur sagnfr\u00e6\u00f0ing. Um upphaf verkakvennahreyfingar \u00e1 \u00cdslandi. B\u00f3kin fjallar um verkal\u00fd\u00f0ss\u00f6gu og s\u00f6gu \u00edslenskra kvenna \u00e1 20. \u00f6ldinni. B\u00f3kin er saumu\u00f0, heft \u00ed k\u00e1pu og skorin. St\u00e6r\u00f0:<br \/>\n21 X 14.8 cm og 410 bls.<\/p>\n<p><strong>\u00datg\u00e1fa og prentun<\/strong>:<br \/>\n\u00datgefanda ekki geti\u00f0. 1991 Reykjav\u00edk. F\u00e9lagsprentsmi\u00f0jan.<\/p>\n","protected":false},"excerpt":{"rendered":"<p>\u00de\u00f6rfin kn\u00fdr eftir \u00de\u00f3runni Magn\u00fasd\u00f3ttur sagnfr\u00e6\u00f0ing. Um upphaf verkakvennahreyfingar \u00e1 \u00cdslandi. B\u00f3kin fjallar um verkal\u00fd\u00f0ss\u00f6gu og s\u00f6gu \u00edslenskra kvenna \u00e1 20. \u00f6ldinni. B\u00f3kin er saumu\u00f0, heft \u00ed k\u00e1pu og skorin. St\u00e6r\u00f0: 21 X 14.8 cm og 410 bls. \u00datg\u00e1fa og prentun: \u00datgefanda ekki geti\u00f0. 1991 Reykjav\u00edk. F\u00e9lagsprentsmi\u00f0jan.<\/p>\n","protected":false},"featured_media":6413,"template":"","meta":{"slim_seo":{"title":"\u00de\u00f6rfin kn\u00fdr - KindArt","description":"\u00de\u00f6rfin kn\u00fdr eftir \u00de\u00f3runni Magn\u00fasd\u00f3ttur sagnfr\u00e6\u00f0ing. Um upphaf verkakvennahreyfingar \u00e1 \u00cdslandi. B\u00f3kin fjallar um verkal\u00fd\u00f0ss\u00f6gu og s\u00f6gu \u00edslenskra kvenna \u00e1 20. \u00f6ld"}},"product_brand":[],"product_cat":[83],"product_tag":[],"class_list":{"0":"post-6419","1":"product","2":"type-product","3":"status-publish","4":"has-post-thumbnail","6":"product_cat-books","7":"product_shipping_class-small-en","9":"first","10":"outofstock","11":"purchasable","12":"product-type-simple"},"_links":{"self":[{"href":"https:\/\/kindart.is\/en\/wp-json\/wp\/v2\/product\/6419","targetHints":{"allow":["GET"]}}],"collection":[{"href":"https:\/\/kindart.is\/en\/wp-json\/wp\/v2\/product"}],"about":[{"href":"https:\/\/kindart.is\/en\/wp-json\/wp\/v2\/types\/product"}],"wp:featuredmedia":[{"embeddable":true,"href":"https:\/\/kindart.is\/en\/wp-json\/wp\/v2\/media\/6413"}],"wp:attachment":[{"href":"https:\/\/kindart.is\/en\/wp-json\/wp\/v2\/media?parent=6419"}],"wp:term":[{"taxonomy":"product_brand","embeddable":true,"href":"https:\/\/kindart.is\/en\/wp-json\/wp\/v2\/product_brand?post=6419"},{"taxonomy":"product_cat","embeddable":true,"href":"https:\/\/kindart.is\/en\/wp-json\/wp\/v2\/product_cat?post=6419"},{"taxonomy":"product_tag","embeddable":true,"href":"https:\/\/kindart.is\/en\/wp-json\/wp\/v2\/product_tag?post=6419"}],"curies":[{"name":"wp","href":"https:\/\/api.w.org\/{rel}","templated":true}]}}