{"id":6429,"date":"2023-02-18T17:50:58","date_gmt":"2023-02-18T17:50:58","guid":{"rendered":"https:\/\/kindart.is\/product\/skaldid-a-throm\/"},"modified":"2023-02-18T17:50:58","modified_gmt":"2023-02-18T17:50:58","slug":"skaldid-a-throm","status":"publish","type":"product","link":"https:\/\/kindart.is\/en\/vara\/skaldid-a-throm\/","title":{"rendered":"Sk\u00e1ldi\u00f0 \u00e1 \u00der\u00f6m"},"content":{"rendered":"<p><strong>Sk\u00e1ldi\u00f0 \u00e1 \u00der\u00f6m<\/strong>. \u00c6visaga Magn\u00fasar Hj. Magn\u00fassonar eftir Gunnar M. Magn\u00fass. Gunnar skrifar sm\u00e1kafla \u00ed byrjun b\u00f3karinnar sem hann nefnir: Nokkur or\u00f0 um b\u00f3kina \u00fear sem hann segir fr\u00e1 tilur\u00f0 hennar og hverjir komu a\u00f0 henni og veittu honum fyrirgrei\u00f0slu me\u00f0 \u00fatg\u00e1fu hennar. Magn\u00fas var f\u00e6ddur a\u00f0 Tro\u0308\u00f0 i\u0301 Su\u0301\u00f0avi\u0301k en uppalinn i\u0301 O\u0308nundarfir\u00f0i. Hann stunda\u00f0i alla \u00e6vi ska\u0301ldskap og vi\u0301snagjo\u0308r\u00f0 og he\u0301lt dagbo\u0301k i\u0301 mo\u0308rg a\u0301r, sem si\u0301\u00f0ar var\u00f0 Halldo\u0301ri Laxness uppspretta a\u00f0 Heimsljo\u0301si. B\u00f3kin er bundin \u00ed shirting \u00e1 kj\u00f6l og kl\u00e6dd \u00e1 spj\u00f6ldum me\u00f0 gr\u00e6nleitum papp\u00edr. Gyllt \u00e1 kili me\u00f0 tveimur gr\u00e6num feldum og gyllt \u00fear \u00e1. Tv\u00e6r fja\u00f0rir gylltar \u00e1 kj\u00f6l og framspjald. St\u00e6r\u00f0: 21.7 X 13.8 cm og 392 bls.<\/p>\n<p><strong>\u00datg\u00e1fa og prentun<\/strong>:<br \/>\nB\u00f3kaforlagi\u00f0 I\u00f0unn 1956 Reykjav\u00edk. Prentsmi\u00f0jan H\u00f3lar.<\/p>\n","protected":false},"excerpt":{"rendered":"<p>Sk\u00e1ldi\u00f0 \u00e1 \u00der\u00f6m. \u00c6visaga Magn\u00fasar Hj. Magn\u00fassonar eftir Gunnar M. Magn\u00fass. Gunnar skrifar sm\u00e1kafla \u00ed byrjun b\u00f3karinnar sem hann nefnir: Nokkur or\u00f0 um b\u00f3kina \u00fear sem hann segir fr\u00e1 tilur\u00f0 hennar og hverjir komu a\u00f0 henni og veittu honum fyrirgrei\u00f0slu me\u00f0 \u00fatg\u00e1fu hennar. Magn\u00fas var f\u00e6ddur a\u00f0 Tro\u0308\u00f0 i\u0301 Su\u0301\u00f0avi\u0301k en uppalinn i\u0301 O\u0308nundarfir\u00f0i. Hann [&hellip;]<\/p>\n","protected":false},"featured_media":6425,"template":"","meta":{"slim_seo":{"title":"Sk\u00e1ldi\u00f0 \u00e1 \u00der\u00f6m - KindArt","description":"Sk\u00e1ldi\u00f0 \u00e1 \u00der\u00f6m . \u00c6visaga Magn\u00fasar Hj. Magn\u00fassonar eftir Gunnar M. Magn\u00fass. Gunnar skrifar sm\u00e1kafla \u00ed byrjun b\u00f3karinnar sem hann nefnir: Nokkur or\u00f0 um b\u00f3kina \u00fear"}},"product_brand":[],"product_cat":[83],"product_tag":[],"class_list":{"0":"post-6429","1":"product","2":"type-product","3":"status-publish","4":"has-post-thumbnail","6":"product_cat-books","7":"product_shipping_class-small-en","9":"first","10":"instock","11":"purchasable","12":"product-type-simple"},"_links":{"self":[{"href":"https:\/\/kindart.is\/en\/wp-json\/wp\/v2\/product\/6429","targetHints":{"allow":["GET"]}}],"collection":[{"href":"https:\/\/kindart.is\/en\/wp-json\/wp\/v2\/product"}],"about":[{"href":"https:\/\/kindart.is\/en\/wp-json\/wp\/v2\/types\/product"}],"wp:featuredmedia":[{"embeddable":true,"href":"https:\/\/kindart.is\/en\/wp-json\/wp\/v2\/media\/6425"}],"wp:attachment":[{"href":"https:\/\/kindart.is\/en\/wp-json\/wp\/v2\/media?parent=6429"}],"wp:term":[{"taxonomy":"product_brand","embeddable":true,"href":"https:\/\/kindart.is\/en\/wp-json\/wp\/v2\/product_brand?post=6429"},{"taxonomy":"product_cat","embeddable":true,"href":"https:\/\/kindart.is\/en\/wp-json\/wp\/v2\/product_cat?post=6429"},{"taxonomy":"product_tag","embeddable":true,"href":"https:\/\/kindart.is\/en\/wp-json\/wp\/v2\/product_tag?post=6429"}],"curies":[{"name":"wp","href":"https:\/\/api.w.org\/{rel}","templated":true}]}}