{"id":6448,"date":"2023-02-22T19:26:34","date_gmt":"2023-02-22T19:26:34","guid":{"rendered":"https:\/\/kindart.is\/product\/brekkur-lesbok-fyrir-born\/"},"modified":"2023-02-22T19:44:17","modified_gmt":"2023-02-22T19:44:17","slug":"brekkur-lesbok-fyrir-born","status":"publish","type":"product","link":"https:\/\/kindart.is\/en\/vara\/brekkur-lesbok-fyrir-born\/","title":{"rendered":"Brekkur &#8211; Lesb\u00f3k fyrir b\u00f6rn"},"content":{"rendered":"<p><strong>Brekkur &#8211; Lesb\u00f3k fyrir b\u00f6rn<\/strong> eftir Gunnar M. Magn\u00fass. B\u00f3kin er bundin \u00ed st\u00edft band, 20 X 12.7 cm a\u00f0 st\u00e6r\u00f0 me\u00f0 \u00e1prenta\u00f0ri k\u00e1pu a\u00f0 framan og br\u00fanan shirting \u00e1 kj\u00f6l me\u00f0 \u00e1ritun fr\u00e1 h\u00f6fundi til J\u00f3hannesar \u00far K\u00f6tlum..<\/p>\n<p><strong>\u00datg\u00e1fa og prentun<\/strong>:<br \/>\n\u00datgefanda ekki geti\u00f0. \u2013 1931 \u2013 Reykjav\u00edk. R\u00edkisprentsmi\u00f0jan Gutenberg.<\/p>\n","protected":false},"excerpt":{"rendered":"<p>Brekkur &#8211; Lesb\u00f3k fyrir b\u00f6rn eftir Gunnar M. Magn\u00fass. B\u00f3kin er bundin \u00ed st\u00edft band, 20 X 12.7 cm a\u00f0 st\u00e6r\u00f0 me\u00f0 \u00e1prenta\u00f0ri k\u00e1pu a\u00f0 framan og br\u00fanan shirting \u00e1 kj\u00f6l me\u00f0 \u00e1ritun fr\u00e1 h\u00f6fundi til J\u00f3hannesar \u00far K\u00f6tlum.. \u00datg\u00e1fa og prentun: \u00datgefanda ekki geti\u00f0. \u2013 1931 \u2013 Reykjav\u00edk. R\u00edkisprentsmi\u00f0jan Gutenberg.<\/p>\n","protected":false},"featured_media":6463,"template":"","meta":{"slim_seo":{"title":"Brekkur - Lesb\u00f3k fyrir b\u00f6rn - KindArt","description":"Brekkur - Lesb\u00f3k fyrir b\u00f6rn eftir Gunnar M. Magn\u00fass. B\u00f3kin er bundin \u00ed st\u00edft band, 20 X 12.7 cm a\u00f0 st\u00e6r\u00f0 me\u00f0 \u00e1prenta\u00f0ri k\u00e1pu a\u00f0 framan og br\u00fanan shirting \u00e1 kj\u00f6l"}},"product_brand":[],"product_cat":[83],"product_tag":[],"class_list":{"0":"post-6448","1":"product","2":"type-product","3":"status-publish","4":"has-post-thumbnail","6":"product_cat-books","7":"product_shipping_class-small-en","9":"first","10":"instock","11":"purchasable","12":"product-type-simple"},"_links":{"self":[{"href":"https:\/\/kindart.is\/en\/wp-json\/wp\/v2\/product\/6448","targetHints":{"allow":["GET"]}}],"collection":[{"href":"https:\/\/kindart.is\/en\/wp-json\/wp\/v2\/product"}],"about":[{"href":"https:\/\/kindart.is\/en\/wp-json\/wp\/v2\/types\/product"}],"wp:featuredmedia":[{"embeddable":true,"href":"https:\/\/kindart.is\/en\/wp-json\/wp\/v2\/media\/6463"}],"wp:attachment":[{"href":"https:\/\/kindart.is\/en\/wp-json\/wp\/v2\/media?parent=6448"}],"wp:term":[{"taxonomy":"product_brand","embeddable":true,"href":"https:\/\/kindart.is\/en\/wp-json\/wp\/v2\/product_brand?post=6448"},{"taxonomy":"product_cat","embeddable":true,"href":"https:\/\/kindart.is\/en\/wp-json\/wp\/v2\/product_cat?post=6448"},{"taxonomy":"product_tag","embeddable":true,"href":"https:\/\/kindart.is\/en\/wp-json\/wp\/v2\/product_tag?post=6448"}],"curies":[{"name":"wp","href":"https:\/\/api.w.org\/{rel}","templated":true}]}}