{"id":6455,"date":"2023-02-22T19:30:35","date_gmt":"2023-02-22T19:30:35","guid":{"rendered":"https:\/\/kindart.is\/product\/6449\/"},"modified":"2023-02-24T13:38:02","modified_gmt":"2023-02-24T13:38:02","slug":"lysing-islands-2","status":"publish","type":"product","link":"https:\/\/kindart.is\/en\/vara\/lysing-islands-2\/","title":{"rendered":"L\u00fdsing \u00cdslands handa barnask\u00f3lum"},"content":{"rendered":"<p><strong>L\u00fdsing \u00cdslands<\/strong> handa barnask\u00f3lum eftir A\u00f0alstein Sigmundsson. B\u00f3kin er me\u00f0 m\u00f6rgum myndum af landi og \u00fej\u00f3\u00f0 og sagt er fr\u00e1 stj\u00f3rnarfari, tr\u00faarbr\u00f6g\u00f0um og menntun \u00fej\u00f3\u00f0arinnar. B\u00f3kin er saumu\u00f0 og l\u00edmd \u00ed k\u00e1pu. St\u00e6r\u00f0: 22.2 X 14.8 cm. og 32 bls.<\/p>\n<p><strong>\u00datg\u00e1fa og prentun<\/strong>:<br \/>\nB\u00f3kaverslun Gu\u00f0m. Gamal\u00edelssonar 1931 Reykjav\u00edk. R\u00edkisprentsmi\u00f0jan Gutenberg.<\/p>\n","protected":false},"excerpt":{"rendered":"<p>L\u00fdsing \u00cdslands handa barnask\u00f3lum eftir A\u00f0alstein Sigmundsson. B\u00f3kin er me\u00f0 m\u00f6rgum myndum af landi og \u00fej\u00f3\u00f0 og sagt er fr\u00e1 stj\u00f3rnarfari, tr\u00faarbr\u00f6g\u00f0um og menntun \u00fej\u00f3\u00f0arinnar. B\u00f3kin er saumu\u00f0 og l\u00edmd \u00ed k\u00e1pu. St\u00e6r\u00f0: 22.2 X 14.8 cm. og 32 bls. \u00datg\u00e1fa og prentun: B\u00f3kaverslun Gu\u00f0m. Gamal\u00edelssonar 1931 Reykjav\u00edk. R\u00edkisprentsmi\u00f0jan Gutenberg.<\/p>\n","protected":false},"featured_media":6451,"template":"","meta":{"slim_seo":{"title":"L\u00fdsing \u00cdslands handa barnask\u00f3lum - KindArt","description":"L\u00fdsing \u00cdslands handa barnask\u00f3lum eftir A\u00f0alstein Sigmundsson. B\u00f3kin er me\u00f0 m\u00f6rgum myndum af landi og \u00fej\u00f3\u00f0 og sagt er fr\u00e1 stj\u00f3rnarfari, tr\u00faarbr\u00f6g\u00f0um og menntun \u00fe"}},"product_brand":[],"product_cat":[83],"product_tag":[],"class_list":{"0":"post-6455","1":"product","2":"type-product","3":"status-publish","4":"has-post-thumbnail","6":"product_cat-books","7":"product_shipping_class-small-en","9":"first","10":"outofstock","11":"purchasable","12":"product-type-simple"},"_links":{"self":[{"href":"https:\/\/kindart.is\/en\/wp-json\/wp\/v2\/product\/6455","targetHints":{"allow":["GET"]}}],"collection":[{"href":"https:\/\/kindart.is\/en\/wp-json\/wp\/v2\/product"}],"about":[{"href":"https:\/\/kindart.is\/en\/wp-json\/wp\/v2\/types\/product"}],"wp:featuredmedia":[{"embeddable":true,"href":"https:\/\/kindart.is\/en\/wp-json\/wp\/v2\/media\/6451"}],"wp:attachment":[{"href":"https:\/\/kindart.is\/en\/wp-json\/wp\/v2\/media?parent=6455"}],"wp:term":[{"taxonomy":"product_brand","embeddable":true,"href":"https:\/\/kindart.is\/en\/wp-json\/wp\/v2\/product_brand?post=6455"},{"taxonomy":"product_cat","embeddable":true,"href":"https:\/\/kindart.is\/en\/wp-json\/wp\/v2\/product_cat?post=6455"},{"taxonomy":"product_tag","embeddable":true,"href":"https:\/\/kindart.is\/en\/wp-json\/wp\/v2\/product_tag?post=6455"}],"curies":[{"name":"wp","href":"https:\/\/api.w.org\/{rel}","templated":true}]}}