{"id":6482,"date":"2023-02-22T20:10:02","date_gmt":"2023-02-22T20:10:02","guid":{"rendered":"https:\/\/kindart.is\/product\/vid-skulum-halda-a-skaga\/"},"modified":"2023-02-22T20:10:02","modified_gmt":"2023-02-22T20:10:02","slug":"vid-skulum-halda-a-skaga","status":"publish","type":"product","link":"https:\/\/kindart.is\/en\/vara\/vid-skulum-halda-a-skaga\/","title":{"rendered":"Vi\u00f0 skulum halda \u00e1 skaga"},"content":{"rendered":"<p><strong>Vi\u00f0 skulum halda \u00e1 skaga<\/strong> eftir Gunnar M. Magn\u00fass. Saga \u00far l\u00edfi V\u00ed\u00f0iger\u00f0isf\u00f3lksins. B\u00f3kin er bundin \u00ed har\u00f0spj\u00f6ld. Shirtingur \u00e1 kj\u00f6l og \u00e1prentu\u00f0 \u00e1l\u00edmd k\u00e1pa a\u00f0 framan og b\u00f3kin s\u00ed\u00f0an skorin framan, ofan og ne\u00f0an. B\u00f3kaaugl\u00fdsing \u00e1 aftari k\u00e1pu. St\u00e6r\u00f0: 18.7 X 12.8 cm og 95 bls.<\/p>\n<p><strong>\u00datg\u00e1fa og prentun<\/strong>:<br \/>\n\u00datgefandi: B\u00f3khla\u00f0an.-1934 Reykjav\u00edk. &#8211; \u00cdsafoldarprentsmi\u00f0ja.<\/p>\n","protected":false},"excerpt":{"rendered":"<p>Vi\u00f0 skulum halda \u00e1 skaga eftir Gunnar M. Magn\u00fass. Saga \u00far l\u00edfi V\u00ed\u00f0iger\u00f0isf\u00f3lksins. B\u00f3kin er bundin \u00ed har\u00f0spj\u00f6ld. Shirtingur \u00e1 kj\u00f6l og \u00e1prentu\u00f0 \u00e1l\u00edmd k\u00e1pa a\u00f0 framan og b\u00f3kin s\u00ed\u00f0an skorin framan, ofan og ne\u00f0an. B\u00f3kaaugl\u00fdsing \u00e1 aftari k\u00e1pu. St\u00e6r\u00f0: 18.7 X 12.8 cm og 95 bls. \u00datg\u00e1fa og prentun: \u00datgefandi: B\u00f3khla\u00f0an.-1934 Reykjav\u00edk. &#8211; \u00cdsafoldarprentsmi\u00f0ja.<\/p>\n","protected":false},"featured_media":6476,"template":"","meta":{"slim_seo":{"title":"Vi\u00f0 skulum halda \u00e1 skaga - KindArt","description":"Vi\u00f0 skulum halda \u00e1 skaga eftir Gunnar M. Magn\u00fass. Saga \u00far l\u00edfi V\u00ed\u00f0iger\u00f0isf\u00f3lksins. B\u00f3kin er bundin \u00ed har\u00f0spj\u00f6ld. Shirtingur \u00e1 kj\u00f6l og \u00e1prentu\u00f0 \u00e1l\u00edmd k\u00e1pa a\u00f0 fra"}},"product_brand":[],"product_cat":[83],"product_tag":[],"class_list":{"0":"post-6482","1":"product","2":"type-product","3":"status-publish","4":"has-post-thumbnail","6":"product_cat-books","7":"product_shipping_class-small-en","9":"first","10":"instock","11":"purchasable","12":"product-type-simple"},"_links":{"self":[{"href":"https:\/\/kindart.is\/en\/wp-json\/wp\/v2\/product\/6482","targetHints":{"allow":["GET"]}}],"collection":[{"href":"https:\/\/kindart.is\/en\/wp-json\/wp\/v2\/product"}],"about":[{"href":"https:\/\/kindart.is\/en\/wp-json\/wp\/v2\/types\/product"}],"wp:featuredmedia":[{"embeddable":true,"href":"https:\/\/kindart.is\/en\/wp-json\/wp\/v2\/media\/6476"}],"wp:attachment":[{"href":"https:\/\/kindart.is\/en\/wp-json\/wp\/v2\/media?parent=6482"}],"wp:term":[{"taxonomy":"product_brand","embeddable":true,"href":"https:\/\/kindart.is\/en\/wp-json\/wp\/v2\/product_brand?post=6482"},{"taxonomy":"product_cat","embeddable":true,"href":"https:\/\/kindart.is\/en\/wp-json\/wp\/v2\/product_cat?post=6482"},{"taxonomy":"product_tag","embeddable":true,"href":"https:\/\/kindart.is\/en\/wp-json\/wp\/v2\/product_tag?post=6482"}],"curies":[{"name":"wp","href":"https:\/\/api.w.org\/{rel}","templated":true}]}}