{"id":6497,"date":"2023-02-26T18:07:19","date_gmt":"2023-02-26T18:07:19","guid":{"rendered":"https:\/\/kindart.is\/product\/bondinn-a-heidinni\/"},"modified":"2023-03-03T18:24:21","modified_gmt":"2023-03-03T18:24:21","slug":"bondinn-a-heidinni","status":"publish","type":"product","link":"https:\/\/kindart.is\/en\/vara\/bondinn-a-heidinni\/","title":{"rendered":"B\u00f3ndinn \u00e1 hei\u00f0inni"},"content":{"rendered":"<p><strong>B\u00f3ndinn \u00e1 hei\u00f0inni<\/strong> og fleiri sagnir eftir Gu\u00f0laug J\u00f3nsson \u00e1 Hei\u00f0arb\u00e6. Hann skrifar fyrst um Gu\u00f0mund \u00e1 Hei\u00f0arb\u00e6, en kjarninn \u00ed fr\u00e1s\u00f6gnunum eru g\u00f6mlu hei\u00f0ab\u00fdlin og \u00e1b\u00faendur \u00feeirra. \u00dear n\u00e6st segir hann fr\u00e1 Tjaldbrekkub\u00e6ndum, en Tjaldbrekka er laglegur kotb\u00e6r \u00e1 fjalllendinu milli H\u00edtardals og Dalabygg\u00f0ar. Er hann vi\u00f0 enda H\u00edtarvatns sem fyllir dalinn a\u00f0 mestu. \u00dear bj\u00f3 m.a. Hans \u00d3lafsson langafi minn \u00ed nokkur \u00e1r, en hann giftist Sal\u00f3me Sigur\u00f0ard\u00f3ttur, sem var yngsta d\u00f3ttir Sigur\u00f0ar J\u00f3nssonar, sem \u00fear bj\u00f3 fyrst og lengst. B\u00f3kin er bundin \u00e1 grunnfalsband, gr\u00e6nt rex\u00edn \u00e1 kj\u00f6l og horn og kl\u00e6dd br\u00fanum spjaldapapp\u00edr. St\u00e6r\u00f0: 23.4 X 15.6 cm og 246 bls.<\/p>\n<p><strong>\u00datg\u00e1fa og prentun<\/strong>:<br \/>\nB\u00f3ka\u00fatg\u00e1fan Nor\u00f0ri 1950 Akureyri. Prentu\u00f0 \u00ed Prentverki Odds Bj\u00f6rnssonar Akureyri.<\/p>\n","protected":false},"excerpt":{"rendered":"<p>B\u00f3ndinn \u00e1 hei\u00f0inni og fleiri sagnir eftir Gu\u00f0laug J\u00f3nsson \u00e1 Hei\u00f0arb\u00e6. Hann skrifar fyrst um Gu\u00f0mund \u00e1 Hei\u00f0arb\u00e6, en kjarninn \u00ed fr\u00e1s\u00f6gnunum eru g\u00f6mlu hei\u00f0ab\u00fdlin og \u00e1b\u00faendur \u00feeirra. \u00dear n\u00e6st segir hann fr\u00e1 Tjaldbrekkub\u00e6ndum, en Tjaldbrekka er laglegur kotb\u00e6r \u00e1 fjalllendinu milli H\u00edtardals og Dalabygg\u00f0ar. Er hann vi\u00f0 enda H\u00edtarvatns sem fyllir dalinn a\u00f0 mestu. [&hellip;]<\/p>\n","protected":false},"featured_media":6487,"template":"","meta":{"slim_seo":{"title":"B\u00f3ndinn \u00e1 hei\u00f0inni - KindArt","description":"B\u00f3ndinn \u00e1 hei\u00f0inni og fleiri sagnir eftir Gu\u00f0laug J\u00f3nsson \u00e1 Hei\u00f0arb\u00e6. Hann skrifar fyrst um Gu\u00f0mund \u00e1 Hei\u00f0arb\u00e6, en kjarninn \u00ed fr\u00e1s\u00f6gnunum eru g\u00f6mlu hei\u00f0ab\u00fdlin o"}},"product_brand":[],"product_cat":[83],"product_tag":[],"class_list":{"0":"post-6497","1":"product","2":"type-product","3":"status-publish","4":"has-post-thumbnail","6":"product_cat-books","7":"product_shipping_class-small-en","9":"first","10":"outofstock","11":"purchasable","12":"product-type-simple"},"_links":{"self":[{"href":"https:\/\/kindart.is\/en\/wp-json\/wp\/v2\/product\/6497","targetHints":{"allow":["GET"]}}],"collection":[{"href":"https:\/\/kindart.is\/en\/wp-json\/wp\/v2\/product"}],"about":[{"href":"https:\/\/kindart.is\/en\/wp-json\/wp\/v2\/types\/product"}],"wp:featuredmedia":[{"embeddable":true,"href":"https:\/\/kindart.is\/en\/wp-json\/wp\/v2\/media\/6487"}],"wp:attachment":[{"href":"https:\/\/kindart.is\/en\/wp-json\/wp\/v2\/media?parent=6497"}],"wp:term":[{"taxonomy":"product_brand","embeddable":true,"href":"https:\/\/kindart.is\/en\/wp-json\/wp\/v2\/product_brand?post=6497"},{"taxonomy":"product_cat","embeddable":true,"href":"https:\/\/kindart.is\/en\/wp-json\/wp\/v2\/product_cat?post=6497"},{"taxonomy":"product_tag","embeddable":true,"href":"https:\/\/kindart.is\/en\/wp-json\/wp\/v2\/product_tag?post=6497"}],"curies":[{"name":"wp","href":"https:\/\/api.w.org\/{rel}","templated":true}]}}