{"id":6506,"date":"2023-02-26T18:12:56","date_gmt":"2023-02-26T18:12:56","guid":{"rendered":"https:\/\/kindart.is\/product\/draumspeki\/"},"modified":"2023-02-26T18:12:56","modified_gmt":"2023-02-26T18:12:56","slug":"draumspeki","status":"publish","type":"product","link":"https:\/\/kindart.is\/en\/vara\/draumspeki\/","title":{"rendered":"Draumspeki"},"content":{"rendered":"<p><strong>Draumspeki<\/strong> \u2013 Draumar\u00e1\u00f0ningar Cyprianusar &amp; Sybille \u2013 Lei\u00f0beiningar um l\u00f3falestur o.fl. B\u00f3kin er saumheft \u00ed kartonk\u00e1pu og skorin framan, ofan og ne\u00f0an. St\u00e6r\u00f0: 21.6 X 14.4 cm og 133 bls.<\/p>\n<p><strong>\u00datg\u00e1fa og prentun<\/strong>:<br \/>\nPrentver, \u00c1n \u00e1tals. \u00d6nnur prentun.<\/p>\n","protected":false},"excerpt":{"rendered":"<p>Draumspeki \u2013 Draumar\u00e1\u00f0ningar Cyprianusar &amp; Sybille \u2013 Lei\u00f0beiningar um l\u00f3falestur o.fl. B\u00f3kin er saumheft \u00ed kartonk\u00e1pu og skorin framan, ofan og ne\u00f0an. St\u00e6r\u00f0: 21.6 X 14.4 cm og 133 bls. \u00datg\u00e1fa og prentun: Prentver, \u00c1n \u00e1tals. \u00d6nnur prentun.<\/p>\n","protected":false},"featured_media":6500,"template":"","meta":{"slim_seo":{"title":"Draumspeki - KindArt","description":"Draumspeki \u2013 Draumar\u00e1\u00f0ningar Cyprianusar &amp; Sybille \u2013 Lei\u00f0beiningar um l\u00f3falestur o.fl. B\u00f3kin er saumheft \u00ed kartonk\u00e1pu og skorin framan, ofan og ne\u00f0an. St\u00e6r\u00f0"}},"product_brand":[],"product_cat":[83],"product_tag":[],"class_list":{"0":"post-6506","1":"product","2":"type-product","3":"status-publish","4":"has-post-thumbnail","6":"product_cat-books","7":"product_shipping_class-small-en","9":"first","10":"outofstock","11":"purchasable","12":"product-type-simple"},"_links":{"self":[{"href":"https:\/\/kindart.is\/en\/wp-json\/wp\/v2\/product\/6506","targetHints":{"allow":["GET"]}}],"collection":[{"href":"https:\/\/kindart.is\/en\/wp-json\/wp\/v2\/product"}],"about":[{"href":"https:\/\/kindart.is\/en\/wp-json\/wp\/v2\/types\/product"}],"wp:featuredmedia":[{"embeddable":true,"href":"https:\/\/kindart.is\/en\/wp-json\/wp\/v2\/media\/6500"}],"wp:attachment":[{"href":"https:\/\/kindart.is\/en\/wp-json\/wp\/v2\/media?parent=6506"}],"wp:term":[{"taxonomy":"product_brand","embeddable":true,"href":"https:\/\/kindart.is\/en\/wp-json\/wp\/v2\/product_brand?post=6506"},{"taxonomy":"product_cat","embeddable":true,"href":"https:\/\/kindart.is\/en\/wp-json\/wp\/v2\/product_cat?post=6506"},{"taxonomy":"product_tag","embeddable":true,"href":"https:\/\/kindart.is\/en\/wp-json\/wp\/v2\/product_tag?post=6506"}],"curies":[{"name":"wp","href":"https:\/\/api.w.org\/{rel}","templated":true}]}}