{"id":6517,"date":"2023-02-26T18:18:57","date_gmt":"2023-02-26T18:18:57","guid":{"rendered":"https:\/\/kindart.is\/product\/hardsporar\/"},"modified":"2023-02-26T18:18:57","modified_gmt":"2023-02-26T18:18:57","slug":"hardsporar","status":"publish","type":"product","link":"https:\/\/kindart.is\/en\/vara\/hardsporar\/","title":{"rendered":"Har\u00f0sporar"},"content":{"rendered":"<p><strong>Har\u00f0sporar<\/strong>. Endurminningar \u00d3lafs \u00deorvaldssonar \u00feingvar\u00f0ar, en hann hefur a\u00f0 mestu ali\u00f0 aldur sinn vi\u00f0 Faxafl\u00f3a og \u00e1 Su\u00f0urnesjum, b\u00e6\u00f0i \u00ed sveit og vi\u00f0 sj\u00f3. \u00deetta er fyrsta b\u00f3k \u00d3lafs. B\u00f3kin er bundin \u00ed forlagsband, svart rex\u00edn \u00e1 kj\u00f6l og horn og kl\u00e6dd gr\u00e1um spjaldapapp\u00edr, gyllt \u00e1 kj\u00f6l. St\u00e6r\u00f0: 22 X 14 cm og 272 bls.<\/p>\n<p><strong>\u00datg\u00e1fa og prentun<\/strong>:<br \/>\nPrentsmi\u00f0ja Austurlands 1951 Reykjav\u00edk. Prentu\u00f0 \u00ed Prentsmi\u00f0ju Austurlands sem \u00fe\u00e1 var \u00ed Reykjav\u00edk.<\/p>\n","protected":false},"excerpt":{"rendered":"<p>Har\u00f0sporar. Endurminningar \u00d3lafs \u00deorvaldssonar \u00feingvar\u00f0ar, en hann hefur a\u00f0 mestu ali\u00f0 aldur sinn vi\u00f0 Faxafl\u00f3a og \u00e1 Su\u00f0urnesjum, b\u00e6\u00f0i \u00ed sveit og vi\u00f0 sj\u00f3. \u00deetta er fyrsta b\u00f3k \u00d3lafs. B\u00f3kin er bundin \u00ed forlagsband, svart rex\u00edn \u00e1 kj\u00f6l og horn og kl\u00e6dd gr\u00e1um spjaldapapp\u00edr, gyllt \u00e1 kj\u00f6l. St\u00e6r\u00f0: 22 X 14 cm og 272 bls. [&hellip;]<\/p>\n","protected":false},"featured_media":6509,"template":"","meta":{"slim_seo":{"title":"Har\u00f0sporar - KindArt","description":"Har\u00f0sporar . Endurminningar \u00d3lafs \u00deorvaldssonar \u00feingvar\u00f0ar, en hann hefur a\u00f0 mestu ali\u00f0 aldur sinn vi\u00f0 Faxafl\u00f3a og \u00e1 Su\u00f0urnesjum, b\u00e6\u00f0i \u00ed sveit og vi\u00f0 sj\u00f3. \u00deetta"}},"product_brand":[],"product_cat":[83],"product_tag":[],"class_list":{"0":"post-6517","1":"product","2":"type-product","3":"status-publish","4":"has-post-thumbnail","6":"product_cat-books","7":"product_shipping_class-small-en","9":"first","10":"instock","11":"purchasable","12":"product-type-simple"},"_links":{"self":[{"href":"https:\/\/kindart.is\/en\/wp-json\/wp\/v2\/product\/6517","targetHints":{"allow":["GET"]}}],"collection":[{"href":"https:\/\/kindart.is\/en\/wp-json\/wp\/v2\/product"}],"about":[{"href":"https:\/\/kindart.is\/en\/wp-json\/wp\/v2\/types\/product"}],"wp:featuredmedia":[{"embeddable":true,"href":"https:\/\/kindart.is\/en\/wp-json\/wp\/v2\/media\/6509"}],"wp:attachment":[{"href":"https:\/\/kindart.is\/en\/wp-json\/wp\/v2\/media?parent=6517"}],"wp:term":[{"taxonomy":"product_brand","embeddable":true,"href":"https:\/\/kindart.is\/en\/wp-json\/wp\/v2\/product_brand?post=6517"},{"taxonomy":"product_cat","embeddable":true,"href":"https:\/\/kindart.is\/en\/wp-json\/wp\/v2\/product_cat?post=6517"},{"taxonomy":"product_tag","embeddable":true,"href":"https:\/\/kindart.is\/en\/wp-json\/wp\/v2\/product_tag?post=6517"}],"curies":[{"name":"wp","href":"https:\/\/api.w.org\/{rel}","templated":true}]}}