{"id":6524,"date":"2023-02-26T18:23:44","date_gmt":"2023-02-26T18:23:44","guid":{"rendered":"https:\/\/kindart.is\/product\/m-samtol-ii\/"},"modified":"2023-02-26T18:23:44","modified_gmt":"2023-02-26T18:23:44","slug":"m-samtol-ii","status":"publish","type":"product","link":"https:\/\/kindart.is\/en\/vara\/m-samtol-ii\/","title":{"rendered":"M Samt\u00f6l II"},"content":{"rendered":"<p><strong>M Samt\u00f6l II<\/strong>. Vi\u00f0t\u00f6l Matth\u00edasar Johannessen vi\u00f0 \u00fdmislegt f\u00f3lk \u00ed gegnum t\u00ed\u00f0ina. Tuttugu samt\u00f6l sem Matth\u00edas \u00e1tti vi\u00f0 f\u00f3lk af \u00f6llum stigum \u00fej\u00f3\u00f0f\u00e9lagsins. Myndir eru aftast \u00ed b\u00f3kinni af \u00f6llum vi\u00f0m\u00e6lendum. B\u00f3kin er bundin \u00ed forlagsband \u00ed gerviefni\u00f0 Skivertex, alband og gyllt \u00e1 kj\u00f6l og a\u00f0 framan. St\u00e6r\u00f0: 21.5 X 14.8 cm og 272 bls. \u2013 \u00deetta er 2. b\u00f3kin \u00ed 4. b\u00f3ka flokki.<\/p>\n<p><strong>\u00datg\u00e1fa og prentun<\/strong>:<br \/>\nAlmenna b\u00f3kaf\u00e9lagi\u00f0 1978 Reykjav\u00edk. Prentsmi\u00f0ja \u00c1rna Valdemarssonar.<\/p>\n","protected":false},"excerpt":{"rendered":"<p>M Samt\u00f6l II. Vi\u00f0t\u00f6l Matth\u00edasar Johannessen vi\u00f0 \u00fdmislegt f\u00f3lk \u00ed gegnum t\u00ed\u00f0ina. Tuttugu samt\u00f6l sem Matth\u00edas \u00e1tti vi\u00f0 f\u00f3lk af \u00f6llum stigum \u00fej\u00f3\u00f0f\u00e9lagsins. Myndir eru aftast \u00ed b\u00f3kinni af \u00f6llum vi\u00f0m\u00e6lendum. B\u00f3kin er bundin \u00ed forlagsband \u00ed gerviefni\u00f0 Skivertex, alband og gyllt \u00e1 kj\u00f6l og a\u00f0 framan. St\u00e6r\u00f0: 21.5 X 14.8 cm og 272 bls. [&hellip;]<\/p>\n","protected":false},"featured_media":6520,"template":"","meta":{"slim_seo":{"title":"M Samt\u00f6l II - KindArt","description":"M Samt\u00f6l II . Vi\u00f0t\u00f6l Matth\u00edasar Johannessen vi\u00f0 \u00fdmislegt f\u00f3lk \u00ed gegnum t\u00ed\u00f0ina. Tuttugu samt\u00f6l sem Matth\u00edas \u00e1tti vi\u00f0 f\u00f3lk af \u00f6llum stigum \u00fej\u00f3\u00f0f\u00e9lagsins. Myndir e"}},"product_brand":[],"product_cat":[83],"product_tag":[],"class_list":{"0":"post-6524","1":"product","2":"type-product","3":"status-publish","4":"has-post-thumbnail","6":"product_cat-books","7":"product_shipping_class-small-en","9":"first","10":"instock","11":"purchasable","12":"product-type-simple"},"_links":{"self":[{"href":"https:\/\/kindart.is\/en\/wp-json\/wp\/v2\/product\/6524","targetHints":{"allow":["GET"]}}],"collection":[{"href":"https:\/\/kindart.is\/en\/wp-json\/wp\/v2\/product"}],"about":[{"href":"https:\/\/kindart.is\/en\/wp-json\/wp\/v2\/types\/product"}],"wp:featuredmedia":[{"embeddable":true,"href":"https:\/\/kindart.is\/en\/wp-json\/wp\/v2\/media\/6520"}],"wp:attachment":[{"href":"https:\/\/kindart.is\/en\/wp-json\/wp\/v2\/media?parent=6524"}],"wp:term":[{"taxonomy":"product_brand","embeddable":true,"href":"https:\/\/kindart.is\/en\/wp-json\/wp\/v2\/product_brand?post=6524"},{"taxonomy":"product_cat","embeddable":true,"href":"https:\/\/kindart.is\/en\/wp-json\/wp\/v2\/product_cat?post=6524"},{"taxonomy":"product_tag","embeddable":true,"href":"https:\/\/kindart.is\/en\/wp-json\/wp\/v2\/product_tag?post=6524"}],"curies":[{"name":"wp","href":"https:\/\/api.w.org\/{rel}","templated":true}]}}