{"id":6533,"date":"2023-02-26T18:29:16","date_gmt":"2023-02-26T18:29:16","guid":{"rendered":"https:\/\/kindart.is\/product\/thordargledi\/"},"modified":"2023-02-26T18:29:16","modified_gmt":"2023-02-26T18:29:16","slug":"thordargledi","status":"publish","type":"product","link":"https:\/\/kindart.is\/en\/vara\/thordargledi\/","title":{"rendered":"\u00de\u00f3r\u00f0argle\u00f0i"},"content":{"rendered":"<p><strong>\u00de\u00f3r\u00f0argle\u00f0i<\/strong>. \u00de\u00e6ttir \u00far h\u00f6fundars\u00f6gu El\u00edasar Mar. Rita\u00f0 hefur og samanteki\u00f0 \u00deorsteinn Antonsson. Byggir hann \u00e1 g\u00f6gnum \u00e1 handritadeild Landsb\u00f3kasafns \u00cdslands og fleiri hemildum. B\u00f3kin er kilja \u00ed hv\u00edtri kartonk\u00e1pu. Mynd framan \u00e1 k\u00e1pu: Bo\u00f0berinn eftir George Grosz. \u2013 Mynd af El\u00edasi Mar \u00e1 innanbroti k\u00e1pu framan og aftan mynd af \u00de\u00f3r\u00f0i Sigtryggssyni.<\/p>\n<p><strong>\u00datg\u00e1fa og prentun<\/strong>:<br \/>\n\u00datgefandi: Sagnasmi\u00f0jan og \u00de.A. 2011 Reykjav\u00edk. Prenta\u00f0 \u00ed H\u00e1sk\u00f3laprent.<\/p>\n","protected":false},"excerpt":{"rendered":"<p>\u00de\u00f3r\u00f0argle\u00f0i. \u00de\u00e6ttir \u00far h\u00f6fundars\u00f6gu El\u00edasar Mar. Rita\u00f0 hefur og samanteki\u00f0 \u00deorsteinn Antonsson. Byggir hann \u00e1 g\u00f6gnum \u00e1 handritadeild Landsb\u00f3kasafns \u00cdslands og fleiri hemildum. B\u00f3kin er kilja \u00ed hv\u00edtri kartonk\u00e1pu. Mynd framan \u00e1 k\u00e1pu: Bo\u00f0berinn eftir George Grosz. \u2013 Mynd af El\u00edasi Mar \u00e1 innanbroti k\u00e1pu framan og aftan mynd af \u00de\u00f3r\u00f0i Sigtryggssyni. \u00datg\u00e1fa og prentun: [&hellip;]<\/p>\n","protected":false},"featured_media":6527,"template":"","meta":{"slim_seo":{"title":"\u00de\u00f3r\u00f0argle\u00f0i - KindArt","description":"\u00de\u00f3r\u00f0argle\u00f0i . \u00de\u00e6ttir \u00far h\u00f6fundars\u00f6gu El\u00edasar Mar. Rita\u00f0 hefur og samanteki\u00f0 \u00deorsteinn Antonsson. Byggir hann \u00e1 g\u00f6gnum \u00e1 handritadeild Landsb\u00f3kasafns \u00cdslands og"}},"product_brand":[],"product_cat":[83],"product_tag":[],"class_list":{"0":"post-6533","1":"product","2":"type-product","3":"status-publish","4":"has-post-thumbnail","6":"product_cat-books","7":"product_shipping_class-small-en","9":"first","10":"outofstock","11":"purchasable","12":"product-type-simple"},"_links":{"self":[{"href":"https:\/\/kindart.is\/en\/wp-json\/wp\/v2\/product\/6533","targetHints":{"allow":["GET"]}}],"collection":[{"href":"https:\/\/kindart.is\/en\/wp-json\/wp\/v2\/product"}],"about":[{"href":"https:\/\/kindart.is\/en\/wp-json\/wp\/v2\/types\/product"}],"wp:featuredmedia":[{"embeddable":true,"href":"https:\/\/kindart.is\/en\/wp-json\/wp\/v2\/media\/6527"}],"wp:attachment":[{"href":"https:\/\/kindart.is\/en\/wp-json\/wp\/v2\/media?parent=6533"}],"wp:term":[{"taxonomy":"product_brand","embeddable":true,"href":"https:\/\/kindart.is\/en\/wp-json\/wp\/v2\/product_brand?post=6533"},{"taxonomy":"product_cat","embeddable":true,"href":"https:\/\/kindart.is\/en\/wp-json\/wp\/v2\/product_cat?post=6533"},{"taxonomy":"product_tag","embeddable":true,"href":"https:\/\/kindart.is\/en\/wp-json\/wp\/v2\/product_tag?post=6533"}],"curies":[{"name":"wp","href":"https:\/\/api.w.org\/{rel}","templated":true}]}}