{"id":6545,"date":"2023-03-01T15:20:38","date_gmt":"2023-03-01T15:20:38","guid":{"rendered":"https:\/\/kindart.is\/product\/borg-drauma-minna\/"},"modified":"2023-03-01T15:20:38","modified_gmt":"2023-03-01T15:20:38","slug":"borg-drauma-minna","status":"publish","type":"product","link":"https:\/\/kindart.is\/en\/vara\/borg-drauma-minna\/","title":{"rendered":"Borg drauma minna"},"content":{"rendered":"<p><strong>Borg drauma minna<\/strong>. Minnisatri\u00f0i um l\u00edf sk\u00e1lda og listamanna. J\u00f3n \u00d3skar rifjar upp endurminningar s\u00ednar fr\u00e1 Tivoli-\u00e1runum. B\u00f3kin er bundin \u00ed forlagsband, kl\u00e6dd gerviefni, shirtingsl\u00edki \u00ed alband, me\u00f0 hl\u00edf\u00f0ark\u00e1pu. St\u00e6r\u00f0: 21.6 X 14.1 cm og 197 bls.<\/p>\n<p><strong>\u00datg\u00e1fa og prentun<\/strong>:<br \/>\nB\u00f3ka\u00fatg\u00e1fan Fj\u00f6lvi 1971 Reykjav\u00edk. Prentun: \u00cdsafoldarprentsmi\u00f0ja. B\u00f3kband: \u00d6rkin.<\/p>\n","protected":false},"excerpt":{"rendered":"<p>Borg drauma minna. Minnisatri\u00f0i um l\u00edf sk\u00e1lda og listamanna. J\u00f3n \u00d3skar rifjar upp endurminningar s\u00ednar fr\u00e1 Tivoli-\u00e1runum. B\u00f3kin er bundin \u00ed forlagsband, kl\u00e6dd gerviefni, shirtingsl\u00edki \u00ed alband, me\u00f0 hl\u00edf\u00f0ark\u00e1pu. St\u00e6r\u00f0: 21.6 X 14.1 cm og 197 bls. \u00datg\u00e1fa og prentun: B\u00f3ka\u00fatg\u00e1fan Fj\u00f6lvi 1971 Reykjav\u00edk. Prentun: \u00cdsafoldarprentsmi\u00f0ja. B\u00f3kband: \u00d6rkin.<\/p>\n","protected":false},"featured_media":6539,"template":"","meta":{"slim_seo":{"title":"Borg drauma minna - KindArt","description":"Borg drauma minna . Minnisatri\u00f0i um l\u00edf sk\u00e1lda og listamanna. J\u00f3n \u00d3skar rifjar upp endurminningar s\u00ednar fr\u00e1 Tivoli-\u00e1runum. B\u00f3kin er bundin \u00ed forlagsband, kl\u00e6dd"}},"product_brand":[],"product_cat":[83],"product_tag":[],"class_list":{"0":"post-6545","1":"product","2":"type-product","3":"status-publish","4":"has-post-thumbnail","6":"product_cat-books","7":"product_shipping_class-small-en","9":"first","10":"outofstock","11":"purchasable","12":"product-type-simple"},"_links":{"self":[{"href":"https:\/\/kindart.is\/en\/wp-json\/wp\/v2\/product\/6545","targetHints":{"allow":["GET"]}}],"collection":[{"href":"https:\/\/kindart.is\/en\/wp-json\/wp\/v2\/product"}],"about":[{"href":"https:\/\/kindart.is\/en\/wp-json\/wp\/v2\/types\/product"}],"wp:featuredmedia":[{"embeddable":true,"href":"https:\/\/kindart.is\/en\/wp-json\/wp\/v2\/media\/6539"}],"wp:attachment":[{"href":"https:\/\/kindart.is\/en\/wp-json\/wp\/v2\/media?parent=6545"}],"wp:term":[{"taxonomy":"product_brand","embeddable":true,"href":"https:\/\/kindart.is\/en\/wp-json\/wp\/v2\/product_brand?post=6545"},{"taxonomy":"product_cat","embeddable":true,"href":"https:\/\/kindart.is\/en\/wp-json\/wp\/v2\/product_cat?post=6545"},{"taxonomy":"product_tag","embeddable":true,"href":"https:\/\/kindart.is\/en\/wp-json\/wp\/v2\/product_tag?post=6545"}],"curies":[{"name":"wp","href":"https:\/\/api.w.org\/{rel}","templated":true}]}}