{"id":6552,"date":"2023-03-01T15:25:17","date_gmt":"2023-03-01T15:25:17","guid":{"rendered":"https:\/\/kindart.is\/product\/gangstettir-i-rigningu\/"},"modified":"2023-03-01T15:25:17","modified_gmt":"2023-03-01T15:25:17","slug":"gangstettir-i-rigningu","status":"publish","type":"product","link":"https:\/\/kindart.is\/en\/vara\/gangstettir-i-rigningu\/","title":{"rendered":"Gangst\u00e9ttir \u00ed rigningu"},"content":{"rendered":"<p><strong>Gangst\u00e9ttir \u00ed rigningu<\/strong>. J\u00f3n \u00d3skar segir fr\u00e1 l\u00edfi sk\u00e1lda og listamanna \u00ed Reykjav\u00edk. \u00cd \u00e1varpi s\u00ednu til lesenda segir h\u00f6fundurinn a\u00f0 \u00feetta s\u00e9 \u00feri\u00f0ja b\u00f3kin um l\u00edf sitt me\u00f0al sk\u00e1lda og listamanna \u00ed Reykjav\u00edk, en \u00fe\u00e6r hafi \u00e1tt a\u00f0 vera tv\u00e6r \u00ed upphafi og n\u00fa ver\u00f0i ekki haldi\u00f0 lengra a\u00f0 sinni. B\u00f3kinni er skipt \u00ed 29 litla kafla og st\u00e6r\u00f0 hennar er: 21.5 X 11 cm og 224 bls.<\/p>\n<p><strong>\u00datg\u00e1fa og prentun<\/strong>:<br \/>\nI\u00f0unn, Valdimar J\u00f3hannsson. 1971 Reykjav\u00edk. Setberg prenta\u00f0i.<\/p>\n","protected":false},"excerpt":{"rendered":"<p>Gangst\u00e9ttir \u00ed rigningu. J\u00f3n \u00d3skar segir fr\u00e1 l\u00edfi sk\u00e1lda og listamanna \u00ed Reykjav\u00edk. \u00cd \u00e1varpi s\u00ednu til lesenda segir h\u00f6fundurinn a\u00f0 \u00feetta s\u00e9 \u00feri\u00f0ja b\u00f3kin um l\u00edf sitt me\u00f0al sk\u00e1lda og listamanna \u00ed Reykjav\u00edk, en \u00fe\u00e6r hafi \u00e1tt a\u00f0 vera tv\u00e6r \u00ed upphafi og n\u00fa ver\u00f0i ekki haldi\u00f0 lengra a\u00f0 sinni. B\u00f3kinni er skipt \u00ed [&hellip;]<\/p>\n","protected":false},"featured_media":6548,"template":"","meta":{"slim_seo":{"title":"Gangst\u00e9ttir \u00ed rigningu - KindArt","description":"Gangst\u00e9ttir \u00ed rigningu . J\u00f3n \u00d3skar segir fr\u00e1 l\u00edfi sk\u00e1lda og listamanna \u00ed Reykjav\u00edk. \u00cd \u00e1varpi s\u00ednu til lesenda segir h\u00f6fundurinn a\u00f0 \u00feetta s\u00e9 \u00feri\u00f0ja b\u00f3kin um l\u00edf"}},"product_brand":[],"product_cat":[83],"product_tag":[],"class_list":{"0":"post-6552","1":"product","2":"type-product","3":"status-publish","4":"has-post-thumbnail","6":"product_cat-books","7":"product_shipping_class-small-en","9":"first","10":"instock","11":"purchasable","12":"product-type-simple"},"_links":{"self":[{"href":"https:\/\/kindart.is\/en\/wp-json\/wp\/v2\/product\/6552","targetHints":{"allow":["GET"]}}],"collection":[{"href":"https:\/\/kindart.is\/en\/wp-json\/wp\/v2\/product"}],"about":[{"href":"https:\/\/kindart.is\/en\/wp-json\/wp\/v2\/types\/product"}],"wp:featuredmedia":[{"embeddable":true,"href":"https:\/\/kindart.is\/en\/wp-json\/wp\/v2\/media\/6548"}],"wp:attachment":[{"href":"https:\/\/kindart.is\/en\/wp-json\/wp\/v2\/media?parent=6552"}],"wp:term":[{"taxonomy":"product_brand","embeddable":true,"href":"https:\/\/kindart.is\/en\/wp-json\/wp\/v2\/product_brand?post=6552"},{"taxonomy":"product_cat","embeddable":true,"href":"https:\/\/kindart.is\/en\/wp-json\/wp\/v2\/product_cat?post=6552"},{"taxonomy":"product_tag","embeddable":true,"href":"https:\/\/kindart.is\/en\/wp-json\/wp\/v2\/product_tag?post=6552"}],"curies":[{"name":"wp","href":"https:\/\/api.w.org\/{rel}","templated":true}]}}