{"id":6562,"date":"2023-03-04T11:17:01","date_gmt":"2023-03-04T11:17:01","guid":{"rendered":"https:\/\/kindart.is\/product\/dalamadur-segir-fra-2\/"},"modified":"2023-03-04T11:17:01","modified_gmt":"2023-03-04T11:17:01","slug":"dalamadur-segir-fra-2","status":"publish","type":"product","link":"https:\/\/kindart.is\/en\/vara\/dalamadur-segir-fra-2\/","title":{"rendered":"Dalama\u00f0ur segir fr\u00e1"},"content":{"rendered":"<p><strong>Dalama\u00f0ur segir fr\u00e1<\/strong>. \u00c1g\u00fast Vigf\u00fasson skr\u00e1\u00f0i. Hann segir h\u00e9r fr\u00e1 kynnum s\u00ednum af samfer\u00f0af\u00f3lki fr\u00e1 barn\u00e6sku til fullor\u00f0ins\u00e1ra. B\u00f3kin er bundin \u00ed forlagsband, alband \u00ed svart gerviefni. St\u00e6r\u00f0: 21.6 X 14 cm og 199 bls.<\/p>\n<p><strong>\u00datg\u00e1fa og prentun<\/strong>:<br \/>\n\u00c6gis\u00fatg\u00e1fan 1978 Reykjav\u00edk. Prentverk Akraness.<\/p>\n","protected":false},"excerpt":{"rendered":"<p>Dalama\u00f0ur segir fr\u00e1. \u00c1g\u00fast Vigf\u00fasson skr\u00e1\u00f0i. Hann segir h\u00e9r fr\u00e1 kynnum s\u00ednum af samfer\u00f0af\u00f3lki fr\u00e1 barn\u00e6sku til fullor\u00f0ins\u00e1ra. B\u00f3kin er bundin \u00ed forlagsband, alband \u00ed svart gerviefni. St\u00e6r\u00f0: 21.6 X 14 cm og 199 bls. \u00datg\u00e1fa og prentun: \u00c6gis\u00fatg\u00e1fan 1978 Reykjav\u00edk. Prentverk Akraness.<\/p>\n","protected":false},"featured_media":6556,"template":"","meta":{"slim_seo":{"title":"Dalama\u00f0ur segir fr\u00e1 - KindArt","description":"Dalama\u00f0ur segir fr\u00e1 . \u00c1g\u00fast Vigf\u00fasson skr\u00e1\u00f0i. Hann segir h\u00e9r fr\u00e1 kynnum s\u00ednum af samfer\u00f0af\u00f3lki fr\u00e1 barn\u00e6sku til fullor\u00f0ins\u00e1ra. B\u00f3kin er bundin \u00ed forlagsband, al"}},"product_brand":[],"product_cat":[83],"product_tag":[],"class_list":{"0":"post-6562","1":"product","2":"type-product","3":"status-publish","4":"has-post-thumbnail","6":"product_cat-books","7":"product_shipping_class-small-en","9":"first","10":"instock","11":"purchasable","12":"product-type-simple"},"_links":{"self":[{"href":"https:\/\/kindart.is\/en\/wp-json\/wp\/v2\/product\/6562","targetHints":{"allow":["GET"]}}],"collection":[{"href":"https:\/\/kindart.is\/en\/wp-json\/wp\/v2\/product"}],"about":[{"href":"https:\/\/kindart.is\/en\/wp-json\/wp\/v2\/types\/product"}],"wp:featuredmedia":[{"embeddable":true,"href":"https:\/\/kindart.is\/en\/wp-json\/wp\/v2\/media\/6556"}],"wp:attachment":[{"href":"https:\/\/kindart.is\/en\/wp-json\/wp\/v2\/media?parent=6562"}],"wp:term":[{"taxonomy":"product_brand","embeddable":true,"href":"https:\/\/kindart.is\/en\/wp-json\/wp\/v2\/product_brand?post=6562"},{"taxonomy":"product_cat","embeddable":true,"href":"https:\/\/kindart.is\/en\/wp-json\/wp\/v2\/product_cat?post=6562"},{"taxonomy":"product_tag","embeddable":true,"href":"https:\/\/kindart.is\/en\/wp-json\/wp\/v2\/product_tag?post=6562"}],"curies":[{"name":"wp","href":"https:\/\/api.w.org\/{rel}","templated":true}]}}