{"id":6569,"date":"2023-03-04T11:23:44","date_gmt":"2023-03-04T11:23:44","guid":{"rendered":"https:\/\/kindart.is\/product\/fidrildi\/"},"modified":"2023-03-04T11:23:44","modified_gmt":"2023-03-04T11:23:44","slug":"fidrildi","status":"publish","type":"product","link":"https:\/\/kindart.is\/en\/vara\/fidrildi\/","title":{"rendered":"Fi\u00f0rildi"},"content":{"rendered":"<p><strong>Fi\u00f0rildi<\/strong>. S\u00f6gur eftir Gunnar M. Magn\u00fass. Fyrsta b\u00f3k Gunnars M. Magn\u00fass. 11 sm\u00e1s\u00f6gur. B\u00f3kin er 18 X 13.6 cm og 126 bls. saumu\u00f0 og l\u00edmd \u00ed k\u00e1pu. Titill prenta\u00f0ur framan \u00e1 k\u00e1pu me\u00f0 ramma utan um \u00ed klass\u00edskum st\u00edl.<\/p>\n<p><strong>\u00datg\u00e1fa og prentun<\/strong>:<br \/>\n\u00datgefandi: B\u00f3kaverslun Gu\u00f0m. Gamal\u00edelssonar 1928 Reykjav\u00edk. Prentsmi\u00f0jan Gutenberg.<\/p>\n","protected":false},"excerpt":{"rendered":"<p>Fi\u00f0rildi. S\u00f6gur eftir Gunnar M. Magn\u00fass. Fyrsta b\u00f3k Gunnars M. Magn\u00fass. 11 sm\u00e1s\u00f6gur. B\u00f3kin er 18 X 13.6 cm og 126 bls. saumu\u00f0 og l\u00edmd \u00ed k\u00e1pu. Titill prenta\u00f0ur framan \u00e1 k\u00e1pu me\u00f0 ramma utan um \u00ed klass\u00edskum st\u00edl. \u00datg\u00e1fa og prentun: \u00datgefandi: B\u00f3kaverslun Gu\u00f0m. Gamal\u00edelssonar 1928 Reykjav\u00edk. Prentsmi\u00f0jan Gutenberg.<\/p>\n","protected":false},"featured_media":6565,"template":"","meta":{"slim_seo":{"title":"Fi\u00f0rildi - KindArt","description":"Fi\u00f0rildi . S\u00f6gur eftir Gunnar M. Magn\u00fass. Fyrsta b\u00f3k Gunnars M. Magn\u00fass. 11 sm\u00e1s\u00f6gur. B\u00f3kin er 18 X 13.6 cm og 126 bls. saumu\u00f0 og l\u00edmd \u00ed k\u00e1pu. Titill prenta\u00f0ur"}},"product_brand":[],"product_cat":[83],"product_tag":[],"class_list":{"0":"post-6569","1":"product","2":"type-product","3":"status-publish","4":"has-post-thumbnail","6":"product_cat-books","7":"product_shipping_class-small-en","9":"first","10":"instock","11":"purchasable","12":"product-type-simple"},"_links":{"self":[{"href":"https:\/\/kindart.is\/en\/wp-json\/wp\/v2\/product\/6569","targetHints":{"allow":["GET"]}}],"collection":[{"href":"https:\/\/kindart.is\/en\/wp-json\/wp\/v2\/product"}],"about":[{"href":"https:\/\/kindart.is\/en\/wp-json\/wp\/v2\/types\/product"}],"wp:featuredmedia":[{"embeddable":true,"href":"https:\/\/kindart.is\/en\/wp-json\/wp\/v2\/media\/6565"}],"wp:attachment":[{"href":"https:\/\/kindart.is\/en\/wp-json\/wp\/v2\/media?parent=6569"}],"wp:term":[{"taxonomy":"product_brand","embeddable":true,"href":"https:\/\/kindart.is\/en\/wp-json\/wp\/v2\/product_brand?post=6569"},{"taxonomy":"product_cat","embeddable":true,"href":"https:\/\/kindart.is\/en\/wp-json\/wp\/v2\/product_cat?post=6569"},{"taxonomy":"product_tag","embeddable":true,"href":"https:\/\/kindart.is\/en\/wp-json\/wp\/v2\/product_tag?post=6569"}],"curies":[{"name":"wp","href":"https:\/\/api.w.org\/{rel}","templated":true}]}}