{"id":6580,"date":"2023-03-04T11:30:00","date_gmt":"2023-03-04T11:30:00","guid":{"rendered":"https:\/\/kindart.is\/product\/sudur-heidar\/"},"modified":"2023-03-30T16:08:15","modified_gmt":"2023-03-30T16:08:15","slug":"sudur-heidar","status":"publish","type":"product","link":"https:\/\/kindart.is\/en\/vara\/sudur-heidar\/","title":{"rendered":"Su\u00f0ur hei\u00f0ar"},"content":{"rendered":"<p><strong>Su\u00f0ur hei\u00f0ar<\/strong>. Saga fr\u00e1 Lyngeyri eftir Gunnar M. Magn\u00fass. Drengjasaga fr\u00e1 4.\u00e1ratug s\u00ed\u00f0ustu aldar. B\u00f3kin er bundin \u00ed st\u00edft band, pappaspj\u00f6ld og lj\u00f3sbr\u00fann shirtingur \u00e1 kj\u00f6l. \u00c1prenta\u00f0ur spjaldapapp\u00edr framan og aftan. St\u00e6r\u00f0: 18 X 12.5 cm og 136 bls.<\/p>\n<p><strong>\u00datg\u00e1fa og prentun<\/strong>:<br \/>\n\u00datg. ekki geti\u00f0. 1937 Reykjav\u00edk. Steind\u00f3rsprent.<\/p>\n","protected":false},"excerpt":{"rendered":"<p>Su\u00f0ur hei\u00f0ar. Saga fr\u00e1 Lyngeyri eftir Gunnar M. Magn\u00fass. Drengjasaga fr\u00e1 4.\u00e1ratug s\u00ed\u00f0ustu aldar. B\u00f3kin er bundin \u00ed st\u00edft band, pappaspj\u00f6ld og lj\u00f3sbr\u00fann shirtingur \u00e1 kj\u00f6l. \u00c1prenta\u00f0ur spjaldapapp\u00edr framan og aftan. St\u00e6r\u00f0: 18 X 12.5 cm og 136 bls. \u00datg\u00e1fa og prentun: \u00datg. ekki geti\u00f0. 1937 Reykjav\u00edk. Steind\u00f3rsprent.<\/p>\n","protected":false},"featured_media":6572,"template":"","meta":{"slim_seo":{"title":"Su\u00f0ur hei\u00f0ar - KindArt","description":"Su\u00f0ur hei\u00f0ar . Saga fr\u00e1 Lyngeyri eftir Gunnar M. Magn\u00fass. Drengjasaga fr\u00e1 4.\u00e1ratug s\u00ed\u00f0ustu aldar. B\u00f3kin er bundin \u00ed st\u00edft band, pappaspj\u00f6ld og lj\u00f3sbr\u00fann shirtin"}},"product_brand":[],"product_cat":[83],"product_tag":[],"class_list":{"0":"post-6580","1":"product","2":"type-product","3":"status-publish","4":"has-post-thumbnail","6":"product_cat-books","7":"product_shipping_class-small-en","9":"first","10":"instock","11":"purchasable","12":"product-type-simple"},"_links":{"self":[{"href":"https:\/\/kindart.is\/en\/wp-json\/wp\/v2\/product\/6580","targetHints":{"allow":["GET"]}}],"collection":[{"href":"https:\/\/kindart.is\/en\/wp-json\/wp\/v2\/product"}],"about":[{"href":"https:\/\/kindart.is\/en\/wp-json\/wp\/v2\/types\/product"}],"wp:featuredmedia":[{"embeddable":true,"href":"https:\/\/kindart.is\/en\/wp-json\/wp\/v2\/media\/6572"}],"wp:attachment":[{"href":"https:\/\/kindart.is\/en\/wp-json\/wp\/v2\/media?parent=6580"}],"wp:term":[{"taxonomy":"product_brand","embeddable":true,"href":"https:\/\/kindart.is\/en\/wp-json\/wp\/v2\/product_brand?post=6580"},{"taxonomy":"product_cat","embeddable":true,"href":"https:\/\/kindart.is\/en\/wp-json\/wp\/v2\/product_cat?post=6580"},{"taxonomy":"product_tag","embeddable":true,"href":"https:\/\/kindart.is\/en\/wp-json\/wp\/v2\/product_tag?post=6580"}],"curies":[{"name":"wp","href":"https:\/\/api.w.org\/{rel}","templated":true}]}}