{"id":6628,"date":"2023-03-30T16:14:09","date_gmt":"2023-03-30T16:14:09","guid":{"rendered":"https:\/\/kindart.is\/product\/baerinn-a-strondinni\/"},"modified":"2023-03-30T16:14:09","modified_gmt":"2023-03-30T16:14:09","slug":"baerinn-a-strondinni","status":"publish","type":"product","link":"https:\/\/kindart.is\/en\/vara\/baerinn-a-strondinni\/","title":{"rendered":"B\u00e6rinn \u00e1 str\u00f6ndinni"},"content":{"rendered":"<p><strong>B\u00e6rinn \u00e1 str\u00f6ndinni<\/strong> eftir Gunnar M. Magn\u00fass. Saga \u00far l\u00edfi J\u00f3ns Guggusonar. B\u00f3kin er bundin \u00ed st\u00edft band, pappaspj\u00f6ld og rau\u00f0ur shirtingur \u00e1 kj\u00f6l. \u00c1prenta\u00f0ur spjaldapapp\u00edr framan og aftan. St\u00e6r\u00f0: 18.8 X 13 cm og 132 bls. \u00c1ritu\u00f0 fr\u00e1 h\u00f6fundi til J\u00f3hannesar \u00far K\u00f6tlum.<\/p>\n<p><strong>\u00datg\u00e1fa og prentun<\/strong>:<br \/>\n\u00datgefandi: Barnabla\u00f0i\u00f0 \u00c6skan. 1939 Reykjav\u00edk. R\u00edkisprentsmi\u00f0jan Gutenberg.<\/p>\n","protected":false},"excerpt":{"rendered":"<p>B\u00e6rinn \u00e1 str\u00f6ndinni eftir Gunnar M. Magn\u00fass. Saga \u00far l\u00edfi J\u00f3ns Guggusonar. B\u00f3kin er bundin \u00ed st\u00edft band, pappaspj\u00f6ld og rau\u00f0ur shirtingur \u00e1 kj\u00f6l. \u00c1prenta\u00f0ur spjaldapapp\u00edr framan og aftan. St\u00e6r\u00f0: 18.8 X 13 cm og 132 bls. \u00c1ritu\u00f0 fr\u00e1 h\u00f6fundi til J\u00f3hannesar \u00far K\u00f6tlum. \u00datg\u00e1fa og prentun: \u00datgefandi: Barnabla\u00f0i\u00f0 \u00c6skan. 1939 Reykjav\u00edk. R\u00edkisprentsmi\u00f0jan Gutenberg.<\/p>\n","protected":false},"featured_media":6625,"template":"","meta":{"slim_seo":{"title":"B\u00e6rinn \u00e1 str\u00f6ndinni - KindArt","description":"B\u00e6rinn \u00e1 str\u00f6ndinni eftir Gunnar M. Magn\u00fass. Saga \u00far l\u00edfi J\u00f3ns Guggusonar. B\u00f3kin er bundin \u00ed st\u00edft band, pappaspj\u00f6ld og rau\u00f0ur shirtingur \u00e1 kj\u00f6l. \u00c1prenta\u00f0ur spj"}},"product_brand":[],"product_cat":[83],"product_tag":[],"class_list":{"0":"post-6628","1":"product","2":"type-product","3":"status-publish","4":"has-post-thumbnail","6":"product_cat-books","7":"product_shipping_class-small-en","9":"first","10":"instock","11":"purchasable","12":"product-type-simple"},"_links":{"self":[{"href":"https:\/\/kindart.is\/en\/wp-json\/wp\/v2\/product\/6628","targetHints":{"allow":["GET"]}}],"collection":[{"href":"https:\/\/kindart.is\/en\/wp-json\/wp\/v2\/product"}],"about":[{"href":"https:\/\/kindart.is\/en\/wp-json\/wp\/v2\/types\/product"}],"wp:featuredmedia":[{"embeddable":true,"href":"https:\/\/kindart.is\/en\/wp-json\/wp\/v2\/media\/6625"}],"wp:attachment":[{"href":"https:\/\/kindart.is\/en\/wp-json\/wp\/v2\/media?parent=6628"}],"wp:term":[{"taxonomy":"product_brand","embeddable":true,"href":"https:\/\/kindart.is\/en\/wp-json\/wp\/v2\/product_brand?post=6628"},{"taxonomy":"product_cat","embeddable":true,"href":"https:\/\/kindart.is\/en\/wp-json\/wp\/v2\/product_cat?post=6628"},{"taxonomy":"product_tag","embeddable":true,"href":"https:\/\/kindart.is\/en\/wp-json\/wp\/v2\/product_tag?post=6628"}],"curies":[{"name":"wp","href":"https:\/\/api.w.org\/{rel}","templated":true}]}}