{"id":6638,"date":"2023-03-30T16:23:10","date_gmt":"2023-03-30T16:23:10","guid":{"rendered":"https:\/\/kindart.is\/product\/tyndir-snillingar\/"},"modified":"2023-03-30T16:23:10","modified_gmt":"2023-03-30T16:23:10","slug":"tyndir-snillingar","status":"publish","type":"product","link":"https:\/\/kindart.is\/en\/vara\/tyndir-snillingar\/","title":{"rendered":"T\u00fdndir snillingar"},"content":{"rendered":"<p><strong>T\u00fdndir snillingar<\/strong>. Minnisatri\u00f0i um stj\u00f3rnm\u00e1l og listir eftir J\u00f3n \u00d3skar. \u00dear er me\u00f0al annars sagt fr\u00e1 f\u00f6r nokkurra sk\u00e1lda til R\u00e1\u00f0stj\u00f3rnarr\u00edkjanna 1956. B\u00f3kin er bundin \u00ed forlagsband, gerviefni \u00ed alband. St\u00e6r\u00f0: 21.4 X 12.2 cm 312 bls. me\u00f0 hl\u00edf\u00f0ark\u00e1pu me\u00f0 mynd af sk\u00e1ldunum.<\/p>\n<p><strong>\u00datg\u00e1fa og prentun<\/strong>:<br \/>\nFj\u00f6lva\u00fatg\u00e1fan, 1979 Reykjav\u00edk. Setning og prentun: Prentstofa G. Benediktssonar.<\/p>\n","protected":false},"excerpt":{"rendered":"<p>T\u00fdndir snillingar. Minnisatri\u00f0i um stj\u00f3rnm\u00e1l og listir eftir J\u00f3n \u00d3skar. \u00dear er me\u00f0al annars sagt fr\u00e1 f\u00f6r nokkurra sk\u00e1lda til R\u00e1\u00f0stj\u00f3rnarr\u00edkjanna 1956. B\u00f3kin er bundin \u00ed forlagsband, gerviefni \u00ed alband. St\u00e6r\u00f0: 21.4 X 12.2 cm 312 bls. me\u00f0 hl\u00edf\u00f0ark\u00e1pu me\u00f0 mynd af sk\u00e1ldunum. \u00datg\u00e1fa og prentun: Fj\u00f6lva\u00fatg\u00e1fan, 1979 Reykjav\u00edk. Setning og prentun: Prentstofa G. Benediktssonar.<\/p>\n","protected":false},"featured_media":6631,"template":"","meta":{"slim_seo":{"title":"T\u00fdndir snillingar - KindArt","description":"T\u00fdndir snillingar . Minnisatri\u00f0i um stj\u00f3rnm\u00e1l og listir eftir J\u00f3n \u00d3skar. \u00dear er me\u00f0al annars sagt fr\u00e1 f\u00f6r nokkurra sk\u00e1lda til R\u00e1\u00f0stj\u00f3rnarr\u00edkjanna 1956. B\u00f3kin er"}},"product_brand":[],"product_cat":[83],"product_tag":[],"class_list":{"0":"post-6638","1":"product","2":"type-product","3":"status-publish","4":"has-post-thumbnail","6":"product_cat-books","7":"product_shipping_class-small-en","9":"first","10":"instock","11":"purchasable","12":"product-type-simple"},"_links":{"self":[{"href":"https:\/\/kindart.is\/en\/wp-json\/wp\/v2\/product\/6638","targetHints":{"allow":["GET"]}}],"collection":[{"href":"https:\/\/kindart.is\/en\/wp-json\/wp\/v2\/product"}],"about":[{"href":"https:\/\/kindart.is\/en\/wp-json\/wp\/v2\/types\/product"}],"wp:featuredmedia":[{"embeddable":true,"href":"https:\/\/kindart.is\/en\/wp-json\/wp\/v2\/media\/6631"}],"wp:attachment":[{"href":"https:\/\/kindart.is\/en\/wp-json\/wp\/v2\/media?parent=6638"}],"wp:term":[{"taxonomy":"product_brand","embeddable":true,"href":"https:\/\/kindart.is\/en\/wp-json\/wp\/v2\/product_brand?post=6638"},{"taxonomy":"product_cat","embeddable":true,"href":"https:\/\/kindart.is\/en\/wp-json\/wp\/v2\/product_cat?post=6638"},{"taxonomy":"product_tag","embeddable":true,"href":"https:\/\/kindart.is\/en\/wp-json\/wp\/v2\/product_tag?post=6638"}],"curies":[{"name":"wp","href":"https:\/\/api.w.org\/{rel}","templated":true}]}}