{"id":6646,"date":"2023-03-30T16:32:24","date_gmt":"2023-03-30T16:32:24","guid":{"rendered":"https:\/\/kindart.is\/product\/undir-blaum-seglum\/"},"modified":"2023-03-30T16:32:24","modified_gmt":"2023-03-30T16:32:24","slug":"undir-blaum-seglum","status":"publish","type":"product","link":"https:\/\/kindart.is\/en\/vara\/undir-blaum-seglum\/","title":{"rendered":"Undir bl\u00e1um seglum"},"content":{"rendered":"<p><strong>Undir bl\u00e1um seglum<\/strong> eftir Gunnar M. Magn\u00fass. Saga um Gu\u00f0r\u00fanu Lukku og fleiri b\u00f6rn og unglinga. Myndir eftir Tryggva Magn\u00fasson. B\u00f3kin er bundin \u00ed st\u00edft band, pappaspj\u00f6ld og rau\u00f0ur shirtingur \u00e1 kj\u00f6l. \u00c1prenta\u00f0ur spjaldapapp\u00edr framan og aftan. St\u00e6r\u00f0: 18.8 X 13 cm og 96 bls. \u00c1ritu\u00f0 fr\u00e1 h\u00f6fundi til J\u00f3hannesar \u00far K\u00f6tlum.<\/p>\n<p><strong>\u00datg\u00e1fa og prentun<\/strong>:<br \/>\n\u00datgefandi: Barnabla\u00f0i\u00f0 \u00c6skan. 1941 Reykjav\u00edk. R\u00edkisprentsmi\u00f0jan Gutenberg.<\/p>\n","protected":false},"excerpt":{"rendered":"<p>Undir bl\u00e1um seglum eftir Gunnar M. Magn\u00fass. Saga um Gu\u00f0r\u00fanu Lukku og fleiri b\u00f6rn og unglinga. Myndir eftir Tryggva Magn\u00fasson. B\u00f3kin er bundin \u00ed st\u00edft band, pappaspj\u00f6ld og rau\u00f0ur shirtingur \u00e1 kj\u00f6l. \u00c1prenta\u00f0ur spjaldapapp\u00edr framan og aftan. St\u00e6r\u00f0: 18.8 X 13 cm og 96 bls. \u00c1ritu\u00f0 fr\u00e1 h\u00f6fundi til J\u00f3hannesar \u00far K\u00f6tlum. \u00datg\u00e1fa og prentun: [&hellip;]<\/p>\n","protected":false},"featured_media":6641,"template":"","meta":{"slim_seo":{"title":"Undir bl\u00e1um seglum - KindArt","description":"Undir bl\u00e1um seglum eftir Gunnar M. Magn\u00fass. Saga um Gu\u00f0r\u00fanu Lukku og fleiri b\u00f6rn og unglinga. Myndir eftir Tryggva Magn\u00fasson. B\u00f3kin er bundin \u00ed st\u00edft band, papp"}},"product_brand":[],"product_cat":[83],"product_tag":[],"class_list":{"0":"post-6646","1":"product","2":"type-product","3":"status-publish","4":"has-post-thumbnail","6":"product_cat-books","7":"product_shipping_class-small-en","9":"first","10":"instock","11":"purchasable","12":"product-type-simple"},"_links":{"self":[{"href":"https:\/\/kindart.is\/en\/wp-json\/wp\/v2\/product\/6646","targetHints":{"allow":["GET"]}}],"collection":[{"href":"https:\/\/kindart.is\/en\/wp-json\/wp\/v2\/product"}],"about":[{"href":"https:\/\/kindart.is\/en\/wp-json\/wp\/v2\/types\/product"}],"wp:featuredmedia":[{"embeddable":true,"href":"https:\/\/kindart.is\/en\/wp-json\/wp\/v2\/media\/6641"}],"wp:attachment":[{"href":"https:\/\/kindart.is\/en\/wp-json\/wp\/v2\/media?parent=6646"}],"wp:term":[{"taxonomy":"product_brand","embeddable":true,"href":"https:\/\/kindart.is\/en\/wp-json\/wp\/v2\/product_brand?post=6646"},{"taxonomy":"product_cat","embeddable":true,"href":"https:\/\/kindart.is\/en\/wp-json\/wp\/v2\/product_cat?post=6646"},{"taxonomy":"product_tag","embeddable":true,"href":"https:\/\/kindart.is\/en\/wp-json\/wp\/v2\/product_tag?post=6646"}],"curies":[{"name":"wp","href":"https:\/\/api.w.org\/{rel}","templated":true}]}}