{"id":6672,"date":"2023-04-03T18:47:57","date_gmt":"2023-04-03T18:47:57","guid":{"rendered":"https:\/\/kindart.is\/product\/rettur-4-6-arg\/"},"modified":"2023-05-07T15:00:25","modified_gmt":"2023-05-07T15:00:25","slug":"rettur-4-6-arg","status":"publish","type":"product","link":"https:\/\/kindart.is\/en\/vara\/rettur-4-6-arg\/","title":{"rendered":"R\u00e9ttur: 4.\u20136. a\u0301rg."},"content":{"rendered":"<p><strong>R\u00e9ttur: 4.\u2013 6. \u00e1rg<\/strong>. 6 \u00f3bundin hefti, 1919-1921. Titilbla\u00f0 og efnisyfirlit er fremst \u00ed 2. hefti 6.\u00e1rg. T\u00edmarit um f\u00e9lagsm\u00e1l og mannr\u00e9ttindi. \u2013 Ritstj\u00f3ri: \u00de\u00f3r\u00f3lfur Sigur\u00f0sson Baldursheimi. Ritnefnd: Benedikt J\u00f3nsson fr\u00e1 Au\u00f0num, J\u00f3nas J\u00f3nsson fr\u00e1 Hriflu, \u00de\u00f3r\u00f3lfur Sigur\u00f0sson \u00ed Baldursheimi, P\u00e1ll J\u00f3nsson \u00e1 Hvanneyri, Benedikt Bjarnarson \u00ed H\u00fasav\u00edk, Bjarni \u00c1sgeirsson \u00ed Knarrarnesi. \u00cd form\u00e1la fyrsta heftis segir ritstj\u00f3rinn a\u00f0 \u00fe\u00e6r stefnur og vi\u00f0fangsefni, sem riti\u00f0 eigi a\u00f0 fjalla um, komi nokku\u00f0 \u00ed lj\u00f3s \u00ed \u00feeim ritger\u00f0um, sem birtast \u00ed \u00feessu fyrsta hefti, en a\u00f0 \u00fea\u00f0 \u00feurfi fleiri menn \u2013 fleiri sj\u00e1lfbo\u00f0ali\u00f0a undir merki\u00f0 og hann v\u00e6ntir \u00feess a\u00f0 fleiri g\u00f3\u00f0ir menn \u00fej\u00f3\u00f0arinnar breg\u00f0ist vi\u00f0 til li\u00f0s vegna m\u00e1lefnanna. Lofor\u00f0 um \u00fea\u00f0 hefur fengist fr\u00e1 nokkrum m\u00f6nnum og ennfremur hefur einn ritf\u00e6rasti menntama\u00f0ur af yngri kynsl\u00f3\u00f0inni, dr. Sigur\u00f0ur Nordal heiti\u00f0 oss stu\u00f0ningi segir \u00de\u00f3r\u00f3lfur. St\u00e6r\u00f0 ritsins er 21.5 X 15 cm. \u00fea\u00f0 minnsta.<\/p>\n<p><strong>\u00datg\u00e1fa og prentun<\/strong>:<br \/>\nA\u00f0al\u00fatgefandi og \u00e1byrg\u00f0arma\u00f0ur: \u00de\u00f3r\u00f3lfur Sigur\u00f0sson Baldursheimi Akureyri. \u2013 Afgrei\u00f0slu- og innheimtumenn: Benedikt Benediktsson, Baldurshaga Akureyri, J\u00f3n Gu\u00f0mann kaupm. , \u00cdslandsbanka, Akureyri og Gu\u00f0mundur Dav\u00ed\u00f0sson B\u00f3kab\u00fa\u00f0inni Reykjav\u00edk. Prentun: Prentsmi\u00f0ja Bj\u00f6rns J\u00f3nssonar, Akureyri og Prentsmi\u00f0jan Acta Reykjav\u00edk.<\/p>\n","protected":false},"excerpt":{"rendered":"<p>R\u00e9ttur: 4.\u2013 6. \u00e1rg. 6 \u00f3bundin hefti, 1919-1921. Titilbla\u00f0 og efnisyfirlit er fremst \u00ed 2. hefti 6.\u00e1rg. T\u00edmarit um f\u00e9lagsm\u00e1l og mannr\u00e9ttindi. \u2013 Ritstj\u00f3ri: \u00de\u00f3r\u00f3lfur Sigur\u00f0sson Baldursheimi. Ritnefnd: Benedikt J\u00f3nsson fr\u00e1 Au\u00f0num, J\u00f3nas J\u00f3nsson fr\u00e1 Hriflu, \u00de\u00f3r\u00f3lfur Sigur\u00f0sson \u00ed Baldursheimi, P\u00e1ll J\u00f3nsson \u00e1 Hvanneyri, Benedikt Bjarnarson \u00ed H\u00fasav\u00edk, Bjarni \u00c1sgeirsson \u00ed Knarrarnesi. \u00cd form\u00e1la fyrsta [&hellip;]<\/p>\n","protected":false},"featured_media":6650,"template":"","meta":{"slim_seo":{"title":"R\u00e9ttur: 4.\u20136. a\u0301rg. - KindArt","description":"R\u00e9ttur: 4.\u2013 6. \u00e1rg . 6 \u00f3bundin hefti, 1919-1921. Titilbla\u00f0 og efnisyfirlit er fremst \u00ed 2. hefti 6.\u00e1rg. T\u00edmarit um f\u00e9lagsm\u00e1l og mannr\u00e9ttindi. \u2013 Ritstj\u00f3ri: \u00de\u00f3r\u00f3lf"}},"product_brand":[],"product_cat":[83],"product_tag":[],"class_list":{"0":"post-6672","1":"product","2":"type-product","3":"status-publish","4":"has-post-thumbnail","6":"product_cat-books","7":"product_shipping_class-small-en","9":"first","10":"instock","11":"purchasable","12":"product-type-simple"},"_links":{"self":[{"href":"https:\/\/kindart.is\/en\/wp-json\/wp\/v2\/product\/6672","targetHints":{"allow":["GET"]}}],"collection":[{"href":"https:\/\/kindart.is\/en\/wp-json\/wp\/v2\/product"}],"about":[{"href":"https:\/\/kindart.is\/en\/wp-json\/wp\/v2\/types\/product"}],"wp:featuredmedia":[{"embeddable":true,"href":"https:\/\/kindart.is\/en\/wp-json\/wp\/v2\/media\/6650"}],"wp:attachment":[{"href":"https:\/\/kindart.is\/en\/wp-json\/wp\/v2\/media?parent=6672"}],"wp:term":[{"taxonomy":"product_brand","embeddable":true,"href":"https:\/\/kindart.is\/en\/wp-json\/wp\/v2\/product_brand?post=6672"},{"taxonomy":"product_cat","embeddable":true,"href":"https:\/\/kindart.is\/en\/wp-json\/wp\/v2\/product_cat?post=6672"},{"taxonomy":"product_tag","embeddable":true,"href":"https:\/\/kindart.is\/en\/wp-json\/wp\/v2\/product_tag?post=6672"}],"curies":[{"name":"wp","href":"https:\/\/api.w.org\/{rel}","templated":true}]}}