{"id":6691,"date":"2023-04-06T10:57:45","date_gmt":"2023-04-06T10:57:45","guid":{"rendered":"https:\/\/kindart.is\/product\/rettur-7-10-arg\/"},"modified":"2023-05-07T15:03:28","modified_gmt":"2023-05-07T15:03:28","slug":"rettur-7-10-arg","status":"publish","type":"product","link":"https:\/\/kindart.is\/en\/vara\/rettur-7-10-arg\/","title":{"rendered":"R\u00e9ttur: 7.\u201310. a\u0301rg"},"content":{"rendered":"<p><strong>R\u00e9ttur: 7.\u201310. \u00e1rg.<\/strong> 4 \u00f3bundin hefti, 1922-1925: Titilbla\u00f0 \u00ed 10. \u00e1rg., og aftast \u00ed \u00fev\u00ed hefti er efnisyfirlit fyrir 7.-10. \u00e1rg. &#8211; T\u00edmarit um f\u00e9lagsm\u00e1l og mannr\u00e9ttindi. \u2013 Ritstj\u00f3ri: \u00de\u00f3r\u00f3lfur Sigur\u00f0sson \u00ed Baldursheimi. Afgrei\u00f0slu- og innheimtuma\u00f0ur: Benedikt Benediktsson Baldurshaga Akureyri. Ritnefnd: Benedikt J\u00f3nsson fr\u00e1 Au\u00f0num, J\u00f3nas J\u00f3nsson fr\u00e1 Hriflu, \u00de\u00f3r\u00f3lfur Sigur\u00f0sson \u00ed Baldursheimi, P\u00e1ll J\u00f3nsson \u00e1 Hvanneyri, Benedikt Bjarnarson \u00ed H\u00fasav\u00edk, Bjarni \u00c1sgeirsson \u00ed Knarrarnesi. \u2013 \u00cd form\u00e1la fyrsta heftis 1915 sag\u00f0i ritstj\u00f3rinn a\u00f0 \u00fe\u00e6r stefnur og vi\u00f0fangsefni, sem riti\u00f0 \u00e6tti a\u00f0 fjalla um, komi nokku\u00f0 \u00ed lj\u00f3s \u00ed \u00feeim ritger\u00f0um, sem birtast mundu \u00ed \u00feessu fyrsta hefti, en a\u00f0 \u00fea\u00f0 \u00feurfi fleiri menn \u2013 fleiri sj\u00e1lfbo\u00f0ali\u00f0a undir merki\u00f0 og hann v\u00e6ntir \u00feess a\u00f0 fleiri g\u00f3\u00f0ir menn \u00fej\u00f3\u00f0arinnar breg\u00f0ist vi\u00f0 til li\u00f0s vegna m\u00e1lefnanna. Lofor\u00f0 um \u00fea\u00f0 hefur fengist fr\u00e1 nokkrum m\u00f6nnum og ennfremur hefur einn ritf\u00e6rasti menntama\u00f0ur af yngri kynsl\u00f3\u00f0inni, dr. Sigur\u00f0ur Nordal heiti\u00f0 oss stu\u00f0ningi segir \u00de\u00f3r\u00f3lfur.<\/p>\n<p><strong>\u00datg\u00e1fa og prentun<\/strong>:<br \/>\nA\u00f0al\u00fatgefandi og \u00e1byrg\u00f0arma\u00f0ur: \u00de\u00f3r\u00f3lfur Sigur\u00f0sson 1922-1925. Akureyri. Prentsmi\u00f0ja Odds Bj\u00f6rnssonar, Prentsmi\u00f0ja Bj\u00f6rns J\u00f3nssonar Akureyri og Prentsmi\u00f0jan Acta Reykjav\u00edk.<\/p>\n","protected":false},"excerpt":{"rendered":"<p>R\u00e9ttur: 7.\u201310. \u00e1rg. 4 \u00f3bundin hefti, 1922-1925: Titilbla\u00f0 \u00ed 10. \u00e1rg., og aftast \u00ed \u00fev\u00ed hefti er efnisyfirlit fyrir 7.-10. \u00e1rg. &#8211; T\u00edmarit um f\u00e9lagsm\u00e1l og mannr\u00e9ttindi. \u2013 Ritstj\u00f3ri: \u00de\u00f3r\u00f3lfur Sigur\u00f0sson \u00ed Baldursheimi. Afgrei\u00f0slu- og innheimtuma\u00f0ur: Benedikt Benediktsson Baldurshaga Akureyri. Ritnefnd: Benedikt J\u00f3nsson fr\u00e1 Au\u00f0num, J\u00f3nas J\u00f3nsson fr\u00e1 Hriflu, \u00de\u00f3r\u00f3lfur Sigur\u00f0sson \u00ed Baldursheimi, P\u00e1ll J\u00f3nsson [&hellip;]<\/p>\n","protected":false},"featured_media":6676,"template":"","meta":{"slim_seo":{"title":"R\u00e9ttur: 7.\u201310. a\u0301rg - KindArt","description":"R\u00e9ttur: 7.\u201310. \u00e1rg. 4 \u00f3bundin hefti, 1922-1925: Titilbla\u00f0 \u00ed 10. \u00e1rg., og aftast \u00ed \u00fev\u00ed hefti er efnisyfirlit fyrir 7.-10. \u00e1rg. - T\u00edmarit um f\u00e9lagsm\u00e1l og mannr\u00e9tt"}},"product_brand":[],"product_cat":[83],"product_tag":[],"class_list":{"0":"post-6691","1":"product","2":"type-product","3":"status-publish","4":"has-post-thumbnail","6":"product_cat-books","7":"product_shipping_class-small-en","9":"first","10":"instock","11":"purchasable","12":"product-type-simple"},"_links":{"self":[{"href":"https:\/\/kindart.is\/en\/wp-json\/wp\/v2\/product\/6691","targetHints":{"allow":["GET"]}}],"collection":[{"href":"https:\/\/kindart.is\/en\/wp-json\/wp\/v2\/product"}],"about":[{"href":"https:\/\/kindart.is\/en\/wp-json\/wp\/v2\/types\/product"}],"wp:featuredmedia":[{"embeddable":true,"href":"https:\/\/kindart.is\/en\/wp-json\/wp\/v2\/media\/6676"}],"wp:attachment":[{"href":"https:\/\/kindart.is\/en\/wp-json\/wp\/v2\/media?parent=6691"}],"wp:term":[{"taxonomy":"product_brand","embeddable":true,"href":"https:\/\/kindart.is\/en\/wp-json\/wp\/v2\/product_brand?post=6691"},{"taxonomy":"product_cat","embeddable":true,"href":"https:\/\/kindart.is\/en\/wp-json\/wp\/v2\/product_cat?post=6691"},{"taxonomy":"product_tag","embeddable":true,"href":"https:\/\/kindart.is\/en\/wp-json\/wp\/v2\/product_tag?post=6691"}],"curies":[{"name":"wp","href":"https:\/\/api.w.org\/{rel}","templated":true}]}}