{"id":6725,"date":"2023-04-09T14:52:32","date_gmt":"2023-04-09T14:52:32","guid":{"rendered":"https:\/\/kindart.is\/product\/rettur-14-15-arg\/"},"modified":"2023-05-07T15:08:25","modified_gmt":"2023-05-07T15:08:25","slug":"rettur-14-15-arg","status":"publish","type":"product","link":"https:\/\/kindart.is\/en\/vara\/rettur-14-15-arg\/","title":{"rendered":"R\u00e9ttur: 14.\u201315. \u00e1rg."},"content":{"rendered":"<p><strong>R\u00e9ttur: 14.\u201315. \u00e1rg<\/strong>. 1929-1930. 7 \u00f3bundin hefti, 1929-1930:<br \/>\nT\u00edmarit um \u00fej\u00f3\u00f0f\u00e9lags- og menningarm\u00e1l. Ritstj\u00f3ri: Einar Olgeirsson. A\u00f0alumbo\u00f0sma\u00f0ur \u00e1 J\u00f3n G. Gu\u00f0mann, kaupma\u00f0ur Akureyri. Heftin eru saumu\u00f0 og sett \u00ed k\u00e1pu og skorin. Efnisyfirlit er framan \u00e1 hverju hefti, en auk \u00feess er a\u00f0alefnisyfirlit 11.-13.\u00e1rg. \u00e1rg. 1926-28 aftast \u00ed 2.hefti 13. \u00e1rg. Bls. 287-8. St\u00e6r\u00f0 hefta: 22.2 X 14 cm.<\/p>\n<p><strong>\u00datg\u00e1fa og prentun<\/strong>:<br \/>\nA\u00f0al\u00fatgefandi og \u00e1byrg\u00f0arma\u00f0ur: Einar Olgeirsson 1929-1930. Akureyri. Prentsmi\u00f0ja Odds Bj\u00f6rnssonar og Prentsmi\u00f0ja Bj\u00f6rns J\u00f3nssonar Akureyri.<\/p>\n","protected":false},"excerpt":{"rendered":"<p>R\u00e9ttur: 14.\u201315. \u00e1rg. 1929-1930. 7 \u00f3bundin hefti, 1929-1930: T\u00edmarit um \u00fej\u00f3\u00f0f\u00e9lags- og menningarm\u00e1l. Ritstj\u00f3ri: Einar Olgeirsson. A\u00f0alumbo\u00f0sma\u00f0ur \u00e1 J\u00f3n G. Gu\u00f0mann, kaupma\u00f0ur Akureyri. Heftin eru saumu\u00f0 og sett \u00ed k\u00e1pu og skorin. Efnisyfirlit er framan \u00e1 hverju hefti, en auk \u00feess er a\u00f0alefnisyfirlit 11.-13.\u00e1rg. \u00e1rg. 1926-28 aftast \u00ed 2.hefti 13. \u00e1rg. Bls. 287-8. St\u00e6r\u00f0 hefta: [&hellip;]<\/p>\n","protected":false},"featured_media":6714,"template":"","meta":{"slim_seo":{"title":"R\u00e9ttur: 14.\u201315. \u00e1rg. - KindArt","description":"R\u00e9ttur: 14.\u201315. \u00e1rg . 1929-1930. 7 \u00f3bundin hefti, 1929-1930: T\u00edmarit um \u00fej\u00f3\u00f0f\u00e9lags- og menningarm\u00e1l. Ritstj\u00f3ri: Einar Olgeirsson. A\u00f0alumbo\u00f0sma\u00f0ur \u00e1 J\u00f3n G. Gu\u00f0ma"}},"product_brand":[],"product_cat":[83],"product_tag":[],"class_list":{"0":"post-6725","1":"product","2":"type-product","3":"status-publish","4":"has-post-thumbnail","6":"product_cat-books","7":"product_shipping_class-medium-en","9":"first","10":"instock","11":"purchasable","12":"product-type-simple"},"_links":{"self":[{"href":"https:\/\/kindart.is\/en\/wp-json\/wp\/v2\/product\/6725","targetHints":{"allow":["GET"]}}],"collection":[{"href":"https:\/\/kindart.is\/en\/wp-json\/wp\/v2\/product"}],"about":[{"href":"https:\/\/kindart.is\/en\/wp-json\/wp\/v2\/types\/product"}],"wp:featuredmedia":[{"embeddable":true,"href":"https:\/\/kindart.is\/en\/wp-json\/wp\/v2\/media\/6714"}],"wp:attachment":[{"href":"https:\/\/kindart.is\/en\/wp-json\/wp\/v2\/media?parent=6725"}],"wp:term":[{"taxonomy":"product_brand","embeddable":true,"href":"https:\/\/kindart.is\/en\/wp-json\/wp\/v2\/product_brand?post=6725"},{"taxonomy":"product_cat","embeddable":true,"href":"https:\/\/kindart.is\/en\/wp-json\/wp\/v2\/product_cat?post=6725"},{"taxonomy":"product_tag","embeddable":true,"href":"https:\/\/kindart.is\/en\/wp-json\/wp\/v2\/product_tag?post=6725"}],"curies":[{"name":"wp","href":"https:\/\/api.w.org\/{rel}","templated":true}]}}