{"id":6745,"date":"2023-04-16T13:32:40","date_gmt":"2023-04-16T13:32:40","guid":{"rendered":"https:\/\/kindart.is\/product\/rettur-16-17-arg\/"},"modified":"2023-05-07T15:11:06","modified_gmt":"2023-05-07T15:11:06","slug":"rettur-16-17-arg","status":"publish","type":"product","link":"https:\/\/kindart.is\/en\/vara\/rettur-16-17-arg\/","title":{"rendered":"R\u00e9ttur: 16.\u201317. \u00e1rg."},"content":{"rendered":"<p><strong>R\u00e9ttur: 16.\u201317. \u00e1rg<\/strong>. 1931-1932. 7 \u00f3bundin hefti, T\u00edmarit um \u00fej\u00f3\u00f0f\u00e9lags- og menningarm\u00e1l. A\u00f0alumbo\u00f0sma\u00f0ur R\u00e9ttar \u00e1 Akureyri er J\u00f3n G. Gu\u00f0mann, kaupma\u00f0ur. Heftin eru saumu\u00f0 og sett \u00ed k\u00e1pu og skorin. Efnisyfirlit er framan \u00e1 hverju hefti, en auk \u00feess er a\u00f0alefnisyfirlit \u00e1 bls. 287-8 \u00ed 2.h.13. \u00e1rg. St\u00e6r\u00f0 hefta: 22.2 X 14 cm.<\/p>\n<p><strong>\u00datg\u00e1fa og prentun<\/strong>:<br \/>\nA\u00f0al\u00fatgefandi og \u00e1byrg\u00f0arma\u00f0ur: Einar Olgeirsson, 1931 -1932. Akureyri. Prentsmi\u00f0ja Odds Bj\u00f6rnssonar og Prentsmi\u00f0ja Bj\u00f6rns J\u00f3nssonar Akureyri.<\/p>\n","protected":false},"excerpt":{"rendered":"<p>R\u00e9ttur: 16.\u201317. \u00e1rg. 1931-1932. 7 \u00f3bundin hefti, T\u00edmarit um \u00fej\u00f3\u00f0f\u00e9lags- og menningarm\u00e1l. A\u00f0alumbo\u00f0sma\u00f0ur R\u00e9ttar \u00e1 Akureyri er J\u00f3n G. Gu\u00f0mann, kaupma\u00f0ur. Heftin eru saumu\u00f0 og sett \u00ed k\u00e1pu og skorin. Efnisyfirlit er framan \u00e1 hverju hefti, en auk \u00feess er a\u00f0alefnisyfirlit \u00e1 bls. 287-8 \u00ed 2.h.13. \u00e1rg. St\u00e6r\u00f0 hefta: 22.2 X 14 cm. \u00datg\u00e1fa og [&hellip;]<\/p>\n","protected":false},"featured_media":6731,"template":"","meta":{"slim_seo":{"title":"R\u00e9ttur: 16.\u201317. \u00e1rg. - KindArt","description":"R\u00e9ttur: 16.\u201317. \u00e1rg . 1931-1932. 7 \u00f3bundin hefti, T\u00edmarit um \u00fej\u00f3\u00f0f\u00e9lags- og menningarm\u00e1l. A\u00f0alumbo\u00f0sma\u00f0ur R\u00e9ttar \u00e1 Akureyri er J\u00f3n G. Gu\u00f0mann, kaupma\u00f0ur. Heftin"}},"product_brand":[],"product_cat":[83],"product_tag":[],"class_list":{"0":"post-6745","1":"product","2":"type-product","3":"status-publish","4":"has-post-thumbnail","6":"product_cat-books","7":"product_shipping_class-medium-en","9":"first","10":"instock","11":"purchasable","12":"product-type-simple"},"_links":{"self":[{"href":"https:\/\/kindart.is\/en\/wp-json\/wp\/v2\/product\/6745","targetHints":{"allow":["GET"]}}],"collection":[{"href":"https:\/\/kindart.is\/en\/wp-json\/wp\/v2\/product"}],"about":[{"href":"https:\/\/kindart.is\/en\/wp-json\/wp\/v2\/types\/product"}],"wp:featuredmedia":[{"embeddable":true,"href":"https:\/\/kindart.is\/en\/wp-json\/wp\/v2\/media\/6731"}],"wp:attachment":[{"href":"https:\/\/kindart.is\/en\/wp-json\/wp\/v2\/media?parent=6745"}],"wp:term":[{"taxonomy":"product_brand","embeddable":true,"href":"https:\/\/kindart.is\/en\/wp-json\/wp\/v2\/product_brand?post=6745"},{"taxonomy":"product_cat","embeddable":true,"href":"https:\/\/kindart.is\/en\/wp-json\/wp\/v2\/product_cat?post=6745"},{"taxonomy":"product_tag","embeddable":true,"href":"https:\/\/kindart.is\/en\/wp-json\/wp\/v2\/product_tag?post=6745"}],"curies":[{"name":"wp","href":"https:\/\/api.w.org\/{rel}","templated":true}]}}