{"id":6763,"date":"2023-04-17T07:54:54","date_gmt":"2023-04-17T07:54:54","guid":{"rendered":"https:\/\/kindart.is\/product\/rettur-18-19-arg\/"},"modified":"2023-05-07T15:16:32","modified_gmt":"2023-05-07T15:16:32","slug":"rettur-18-19-arg","status":"publish","type":"product","link":"https:\/\/kindart.is\/en\/vara\/rettur-18-19-arg\/","title":{"rendered":"R\u00e9ttur: 18.\u201319. \u00e1rg."},"content":{"rendered":"<p><strong>R\u00e9ttur: 18.\u201319. \u00e1rg<\/strong>. 1933-1934. 7 \u00f3bundin hefti, T\u00edmarit um \u00fej\u00f3\u00f0f\u00e9lags-m\u00e1l. R\u00e9ttur flytur auk \u00feess fr\u00e6\u00f0andi greinar um b\u00f3kmenntir, s\u00f6gur og kv\u00e6\u00f0i. Ritstj\u00f3ri: Einar Olgeirsson. Hann t\u00f3k vi\u00f0 ritstj\u00f3rast\u00f6rfum fr\u00e1 og me\u00f0 11.\u00e1rg.1926, \u00feegar hann keypti R\u00e9tt af \u00de\u00f3r\u00f3lfi Sigur\u00f0ssyni \u00ed Baldursheimi. A\u00f0alumbo\u00f0sma\u00f0ur R\u00e9ttar \u00e1 Akureyri var J\u00f3n G. Gu\u00f0mann kaupma\u00f0ur,. Efnisyfirlit er \u00e1 framk\u00e1pu hvers heftis, en a\u00f0alefnisyfirlit fyrir \u00e1rin 1931-1933 er aftast \u00ed 4. hefti 1933. St\u00e6r\u00f0 hefta: er 22.1 X 14 cm.<\/p>\n<p><strong>\u00datg\u00e1fa og prentun<\/strong>:<br \/>\nA\u00f0al\u00fatgefandi og \u00e1byrg\u00f0arma\u00f0ur: Einar Olgeirsson. \u00cd b\u00f3kinni Hugsj\u00f3naeldur: \u00c6viminningum Einars Olgeirssonar eftir d\u00f3ttur hans S\u00f3lveigu K. Einarsd\u00f3ttur segir \u00e1 bls. 239: \u201eOg \u00feegar vi\u00f0 keyptum R\u00e9tt 1926 og ger\u00f0um hann a\u00f0 t\u00edmariti marxismans \u00e1 \u00cdslandi \u00fe\u00e1 var \u00fea\u00f0 J\u00f3n Gu\u00f0mann sem t\u00f3k a\u00f0 s\u00e9r afgrei\u00f0slu hans og fj\u00e1rhald allt me\u00f0 \u00feeim \u00e1g\u00e6tum a\u00f0 engir a\u00f0rir \u00feurftu a\u00f0 hafa af honum fj\u00e1rhags\u00e1hyggjur, me\u00f0an hans naut vi\u00f0 \u00e1 Akureyri.\u201c \u2028Prentun: Prentsmi\u00f0ja Odds Bj\u00f6rnssonar Akureyri. \u00cd Reykjav\u00edk var afgrei\u00f0sla R\u00e9ttar a\u00f0 Br\u00f6ttug\u00f6tu 6 og a\u00f0 L\u00e6kjarg\u00f6tu 6 \u00e1 \u00feessum \u00e1rum.<\/p>\n","protected":false},"excerpt":{"rendered":"<p>R\u00e9ttur: 18.\u201319. \u00e1rg. 1933-1934. 7 \u00f3bundin hefti, T\u00edmarit um \u00fej\u00f3\u00f0f\u00e9lags-m\u00e1l. R\u00e9ttur flytur auk \u00feess fr\u00e6\u00f0andi greinar um b\u00f3kmenntir, s\u00f6gur og kv\u00e6\u00f0i. Ritstj\u00f3ri: Einar Olgeirsson. Hann t\u00f3k vi\u00f0 ritstj\u00f3rast\u00f6rfum fr\u00e1 og me\u00f0 11.\u00e1rg.1926, \u00feegar hann keypti R\u00e9tt af \u00de\u00f3r\u00f3lfi Sigur\u00f0ssyni \u00ed Baldursheimi. A\u00f0alumbo\u00f0sma\u00f0ur R\u00e9ttar \u00e1 Akureyri var J\u00f3n G. Gu\u00f0mann kaupma\u00f0ur,. Efnisyfirlit er \u00e1 framk\u00e1pu hvers [&hellip;]<\/p>\n","protected":false},"featured_media":6749,"template":"","meta":{"slim_seo":{"title":"R\u00e9ttur: 18.\u201319. \u00e1rg. - KindArt","description":"R\u00e9ttur: 18.\u201319. \u00e1rg . 1933-1934. 7 \u00f3bundin hefti, T\u00edmarit um \u00fej\u00f3\u00f0f\u00e9lags-m\u00e1l. R\u00e9ttur flytur auk \u00feess fr\u00e6\u00f0andi greinar um b\u00f3kmenntir, s\u00f6gur og kv\u00e6\u00f0i. Ritstj\u00f3ri: E"}},"product_brand":[],"product_cat":[83],"product_tag":[],"class_list":{"0":"post-6763","1":"product","2":"type-product","3":"status-publish","4":"has-post-thumbnail","6":"product_cat-books","7":"product_shipping_class-small-en","9":"first","10":"instock","11":"purchasable","12":"product-type-simple"},"_links":{"self":[{"href":"https:\/\/kindart.is\/en\/wp-json\/wp\/v2\/product\/6763","targetHints":{"allow":["GET"]}}],"collection":[{"href":"https:\/\/kindart.is\/en\/wp-json\/wp\/v2\/product"}],"about":[{"href":"https:\/\/kindart.is\/en\/wp-json\/wp\/v2\/types\/product"}],"wp:featuredmedia":[{"embeddable":true,"href":"https:\/\/kindart.is\/en\/wp-json\/wp\/v2\/media\/6749"}],"wp:attachment":[{"href":"https:\/\/kindart.is\/en\/wp-json\/wp\/v2\/media?parent=6763"}],"wp:term":[{"taxonomy":"product_brand","embeddable":true,"href":"https:\/\/kindart.is\/en\/wp-json\/wp\/v2\/product_brand?post=6763"},{"taxonomy":"product_cat","embeddable":true,"href":"https:\/\/kindart.is\/en\/wp-json\/wp\/v2\/product_cat?post=6763"},{"taxonomy":"product_tag","embeddable":true,"href":"https:\/\/kindart.is\/en\/wp-json\/wp\/v2\/product_tag?post=6763"}],"curies":[{"name":"wp","href":"https:\/\/api.w.org\/{rel}","templated":true}]}}