{"id":6790,"date":"2023-04-18T06:59:06","date_gmt":"2023-04-18T06:59:06","guid":{"rendered":"https:\/\/kindart.is\/product\/rettur-20-21-arg\/"},"modified":"2023-05-07T15:18:13","modified_gmt":"2023-05-07T15:18:13","slug":"rettur-20-21-arg","status":"publish","type":"product","link":"https:\/\/kindart.is\/en\/vara\/rettur-20-21-arg\/","title":{"rendered":"R\u00e9ttur: 20.\u201321. \u00e1rg."},"content":{"rendered":"<p><strong>R\u00e9ttur: 20.\u201321. \u00e1rg<\/strong>. 1935-1936: 11 \u00f3bundin hefti, T\u00edmarit um \u00fej\u00f3\u00f0f\u00e9lags- og menningarm\u00e1l. Ritstj\u00f3ri: Einar Olgeirsson. A\u00f0alumbo\u00f0s-ma\u00f0ur R\u00e9ttar \u00e1 Akureyri var J\u00f3n G. Gu\u00f0mann kaupma\u00f0ur. Efnisyfirlit er \u00e1 framk\u00e1pu hvers heftis. Efnisyfirlit 21. og 22. \u00e1rg. er framan vi\u00f0 21. \u00e1rg. St\u00e6r\u00f0 R\u00e9ttar er 22.1 X 14 cm.<\/p>\n<p><strong>\u00datg\u00e1fa og prentun<\/strong>:<br \/>\nA\u00f0al\u00fatgefandi og \u00e1byrg\u00f0arma\u00f0ur: Einar Olgeirsson. Afgrei\u00f0sla R\u00e9ttar \u00ed Reykjav\u00edk var \u00ed L\u00e6kjarg\u00f6tu 6 \u00e1 \u00feessum \u00e1rum, en fluttist s\u00ed\u00f0an \u00e1 Laugaveg 38 og var \u00fear \u00ed nokkurn t\u00edma. Prentun: \u00cdsafoldarprentsmi\u00f0ja \u00ed Reykjav\u00edk.<\/p>\n","protected":false},"excerpt":{"rendered":"<p>R\u00e9ttur: 20.\u201321. \u00e1rg. 1935-1936: 11 \u00f3bundin hefti, T\u00edmarit um \u00fej\u00f3\u00f0f\u00e9lags- og menningarm\u00e1l. Ritstj\u00f3ri: Einar Olgeirsson. A\u00f0alumbo\u00f0s-ma\u00f0ur R\u00e9ttar \u00e1 Akureyri var J\u00f3n G. Gu\u00f0mann kaupma\u00f0ur. Efnisyfirlit er \u00e1 framk\u00e1pu hvers heftis. Efnisyfirlit 21. og 22. \u00e1rg. er framan vi\u00f0 21. \u00e1rg. St\u00e6r\u00f0 R\u00e9ttar er 22.1 X 14 cm. \u00datg\u00e1fa og prentun: A\u00f0al\u00fatgefandi og \u00e1byrg\u00f0arma\u00f0ur: Einar Olgeirsson. [&hellip;]<\/p>\n","protected":false},"featured_media":6766,"template":"","meta":{"slim_seo":{"title":"R\u00e9ttur: 20.\u201321. \u00e1rg. - KindArt","description":"R\u00e9ttur: 20.\u201321. \u00e1rg . 1935-1936: 11 \u00f3bundin hefti, T\u00edmarit um \u00fej\u00f3\u00f0f\u00e9lags- og menningarm\u00e1l. Ritstj\u00f3ri: Einar Olgeirsson. A\u00f0alumbo\u00f0s-ma\u00f0ur R\u00e9ttar \u00e1 Akureyri var J"}},"product_brand":[],"product_cat":[83],"product_tag":[],"class_list":{"0":"post-6790","1":"product","2":"type-product","3":"status-publish","4":"has-post-thumbnail","6":"product_cat-books","7":"product_shipping_class-small-en","9":"first","10":"instock","11":"purchasable","12":"product-type-simple"},"_links":{"self":[{"href":"https:\/\/kindart.is\/en\/wp-json\/wp\/v2\/product\/6790","targetHints":{"allow":["GET"]}}],"collection":[{"href":"https:\/\/kindart.is\/en\/wp-json\/wp\/v2\/product"}],"about":[{"href":"https:\/\/kindart.is\/en\/wp-json\/wp\/v2\/types\/product"}],"wp:featuredmedia":[{"embeddable":true,"href":"https:\/\/kindart.is\/en\/wp-json\/wp\/v2\/media\/6766"}],"wp:attachment":[{"href":"https:\/\/kindart.is\/en\/wp-json\/wp\/v2\/media?parent=6790"}],"wp:term":[{"taxonomy":"product_brand","embeddable":true,"href":"https:\/\/kindart.is\/en\/wp-json\/wp\/v2\/product_brand?post=6790"},{"taxonomy":"product_cat","embeddable":true,"href":"https:\/\/kindart.is\/en\/wp-json\/wp\/v2\/product_cat?post=6790"},{"taxonomy":"product_tag","embeddable":true,"href":"https:\/\/kindart.is\/en\/wp-json\/wp\/v2\/product_tag?post=6790"}],"curies":[{"name":"wp","href":"https:\/\/api.w.org\/{rel}","templated":true}]}}