{"id":6836,"date":"2023-04-18T11:29:31","date_gmt":"2023-04-18T11:29:31","guid":{"rendered":"https:\/\/kindart.is\/product\/rettur-24-27-arg\/"},"modified":"2023-05-07T15:25:22","modified_gmt":"2023-05-07T15:25:22","slug":"rettur-24-27-arg","status":"publish","type":"product","link":"https:\/\/kindart.is\/en\/vara\/rettur-24-27-arg\/","title":{"rendered":"R\u00e9ttur: 24.\u201327. \u00e1rg."},"content":{"rendered":"<p><strong>R\u00e9ttur. 24.-27.\u00e1rg<\/strong>. 1939-1942. 8 \u00f3bundin hefti. T\u00edmarit um \u00fej\u00f3\u00f0f\u00e9lagsm\u00e1l. Flutti auk \u00feess fr\u00e6\u00f0andi greinar um b\u00f3kmenntir, listir og \u00f6nnur menningarm\u00e1l. Ennfremur s\u00f6gur og kv\u00e6\u00f0i. Ritstj\u00f3ri: Einar Olgeirsson og Gunnar Benediktsson fr\u00e1 og me\u00f0 2.h.1941. Heftin \u00ed 24.\u00e1rg. eru saumu\u00f0 og l\u00edmd \u00ed papp\u00edrsk\u00e1pu, en heftin \u00ed 25.- 27.\u00e1rg. eru \u00f3saumu\u00f0, en me\u00f0 uppl\u00edmdum k\u00e1pum. Efnisyfirlit er fremst \u00e1 hverri k\u00e1pu, en a\u00f0alefnisyfirlit 23.-24. \u00e1rg. er \u00e1 bls. 183 \u00ed s\u00ed\u00f0ara hefti 24.\u00e1rg. \u2013 St\u00e6r\u00f0: 22.4 X 14.5 cm.<\/p>\n<p><strong>\u00datg\u00e1fa og prentun<\/strong>:<br \/>\n\u00datgefandi og \u00e1byrg\u00f0arma\u00f0ur: Einar Olgeirsson. Afgrei\u00f0sla R\u00e9ttar 1939 var a\u00f0 Laugavegi 38 Reykjav\u00edk, 1943-1944, en var s\u00ed\u00f0an \u00ed Austurstr\u00e6ti 12, 1940-1942. Prentun: Prentsmi\u00f0jan H\u00f3lar og V\u00edkingsprent \u00ed Reykjav\u00edk.<\/p>\n","protected":false},"excerpt":{"rendered":"<p>R\u00e9ttur. 24.-27.\u00e1rg. 1939-1942. 8 \u00f3bundin hefti. T\u00edmarit um \u00fej\u00f3\u00f0f\u00e9lagsm\u00e1l. Flutti auk \u00feess fr\u00e6\u00f0andi greinar um b\u00f3kmenntir, listir og \u00f6nnur menningarm\u00e1l. Ennfremur s\u00f6gur og kv\u00e6\u00f0i. Ritstj\u00f3ri: Einar Olgeirsson og Gunnar Benediktsson fr\u00e1 og me\u00f0 2.h.1941. Heftin \u00ed 24.\u00e1rg. eru saumu\u00f0 og l\u00edmd \u00ed papp\u00edrsk\u00e1pu, en heftin \u00ed 25.- 27.\u00e1rg. eru \u00f3saumu\u00f0, en me\u00f0 uppl\u00edmdum k\u00e1pum. Efnisyfirlit [&hellip;]<\/p>\n","protected":false},"featured_media":6821,"template":"","meta":{"slim_seo":{"title":"R\u00e9ttur: 24.\u201327. \u00e1rg. - KindArt","description":"R\u00e9ttur. 24.-27.\u00e1rg . 1939-1942. 8 \u00f3bundin hefti. T\u00edmarit um \u00fej\u00f3\u00f0f\u00e9lagsm\u00e1l. Flutti auk \u00feess fr\u00e6\u00f0andi greinar um b\u00f3kmenntir, listir og \u00f6nnur menningarm\u00e1l. Ennfrem"}},"product_brand":[],"product_cat":[83],"product_tag":[],"class_list":{"0":"post-6836","1":"product","2":"type-product","3":"status-publish","4":"has-post-thumbnail","6":"product_cat-books","7":"product_shipping_class-small-en","9":"first","10":"instock","11":"purchasable","12":"product-type-simple"},"_links":{"self":[{"href":"https:\/\/kindart.is\/en\/wp-json\/wp\/v2\/product\/6836","targetHints":{"allow":["GET"]}}],"collection":[{"href":"https:\/\/kindart.is\/en\/wp-json\/wp\/v2\/product"}],"about":[{"href":"https:\/\/kindart.is\/en\/wp-json\/wp\/v2\/types\/product"}],"wp:featuredmedia":[{"embeddable":true,"href":"https:\/\/kindart.is\/en\/wp-json\/wp\/v2\/media\/6821"}],"wp:attachment":[{"href":"https:\/\/kindart.is\/en\/wp-json\/wp\/v2\/media?parent=6836"}],"wp:term":[{"taxonomy":"product_brand","embeddable":true,"href":"https:\/\/kindart.is\/en\/wp-json\/wp\/v2\/product_brand?post=6836"},{"taxonomy":"product_cat","embeddable":true,"href":"https:\/\/kindart.is\/en\/wp-json\/wp\/v2\/product_cat?post=6836"},{"taxonomy":"product_tag","embeddable":true,"href":"https:\/\/kindart.is\/en\/wp-json\/wp\/v2\/product_tag?post=6836"}],"curies":[{"name":"wp","href":"https:\/\/api.w.org\/{rel}","templated":true}]}}