{"id":6851,"date":"2023-04-19T15:17:47","date_gmt":"2023-04-19T15:17:47","guid":{"rendered":"https:\/\/kindart.is\/product\/rettur-28-29-arg\/"},"modified":"2023-05-07T15:27:42","modified_gmt":"2023-05-07T15:27:42","slug":"rettur-28-29-arg","status":"publish","type":"product","link":"https:\/\/kindart.is\/en\/vara\/rettur-28-29-arg\/","title":{"rendered":"R\u00e9ttur: 28.\u201329. \u00e1rg."},"content":{"rendered":"<p><strong>R\u00e9ttur: 28.-29.\u00e1rg<\/strong>. T\u00edmarit um \u00fej\u00f3\u00f0f\u00e9lagsm\u00e1l. Auk \u00feess eru \u00ed ritinu fr\u00e6\u00f0andi greinar um b\u00f3kmenntir, listir og \u00f6nnur menningarm\u00e1l.ennfremur s\u00f6gur og kv\u00e6\u00f0i. Ritstj\u00f3ri: Sigur\u00f0ur Gu\u00f0mundsson. XI. Bindi er 4 hefti. Titilbl\u00f6\u00f0 og efnisyfirlit eru framan vi\u00f0 hvorn \u00e1rgang. Heftin eru saumu\u00f0 og l\u00edmd \u00ed kartonk\u00e1pu. St\u00e6r\u00f0: 22.7 X 14.5 cm.<\/p>\n<p><strong>\u00datg\u00e1fa og prentun<\/strong>:<br \/>\n\u00datgefandi og \u00e1byrg\u00f0arma\u00f0ur: Einar Olgeirsson. Afgrei\u00f0sla: \u00c1rni Einarsson, Sk\u00f3lav\u00f6r\u00f0ust\u00edg 19 Reykjav\u00edk, 1943-1944. Prentun: Prentsmi\u00f0jan H\u00f3lar Reykjav\u00edk.<\/p>\n","protected":false},"excerpt":{"rendered":"<p>R\u00e9ttur: 28.-29.\u00e1rg. T\u00edmarit um \u00fej\u00f3\u00f0f\u00e9lagsm\u00e1l. Auk \u00feess eru \u00ed ritinu fr\u00e6\u00f0andi greinar um b\u00f3kmenntir, listir og \u00f6nnur menningarm\u00e1l.ennfremur s\u00f6gur og kv\u00e6\u00f0i. Ritstj\u00f3ri: Sigur\u00f0ur Gu\u00f0mundsson. XI. Bindi er 4 hefti. Titilbl\u00f6\u00f0 og efnisyfirlit eru framan vi\u00f0 hvorn \u00e1rgang. Heftin eru saumu\u00f0 og l\u00edmd \u00ed kartonk\u00e1pu. St\u00e6r\u00f0: 22.7 X 14.5 cm. \u00datg\u00e1fa og prentun: \u00datgefandi og \u00e1byrg\u00f0arma\u00f0ur: [&hellip;]<\/p>\n","protected":false},"featured_media":6840,"template":"","meta":{"slim_seo":{"title":"R\u00e9ttur: 28.\u201329. \u00e1rg. - KindArt","description":"R\u00e9ttur: 28.-29.\u00e1rg . T\u00edmarit um \u00fej\u00f3\u00f0f\u00e9lagsm\u00e1l. Auk \u00feess eru \u00ed ritinu fr\u00e6\u00f0andi greinar um b\u00f3kmenntir, listir og \u00f6nnur menningarm\u00e1l.ennfremur s\u00f6gur og kv\u00e6\u00f0i. Rits"}},"product_brand":[],"product_cat":[83],"product_tag":[],"class_list":{"0":"post-6851","1":"product","2":"type-product","3":"status-publish","4":"has-post-thumbnail","6":"product_cat-books","7":"product_shipping_class-small-en","9":"first","10":"instock","11":"purchasable","12":"product-type-simple"},"_links":{"self":[{"href":"https:\/\/kindart.is\/en\/wp-json\/wp\/v2\/product\/6851","targetHints":{"allow":["GET"]}}],"collection":[{"href":"https:\/\/kindart.is\/en\/wp-json\/wp\/v2\/product"}],"about":[{"href":"https:\/\/kindart.is\/en\/wp-json\/wp\/v2\/types\/product"}],"wp:featuredmedia":[{"embeddable":true,"href":"https:\/\/kindart.is\/en\/wp-json\/wp\/v2\/media\/6840"}],"wp:attachment":[{"href":"https:\/\/kindart.is\/en\/wp-json\/wp\/v2\/media?parent=6851"}],"wp:term":[{"taxonomy":"product_brand","embeddable":true,"href":"https:\/\/kindart.is\/en\/wp-json\/wp\/v2\/product_brand?post=6851"},{"taxonomy":"product_cat","embeddable":true,"href":"https:\/\/kindart.is\/en\/wp-json\/wp\/v2\/product_cat?post=6851"},{"taxonomy":"product_tag","embeddable":true,"href":"https:\/\/kindart.is\/en\/wp-json\/wp\/v2\/product_tag?post=6851"}],"curies":[{"name":"wp","href":"https:\/\/api.w.org\/{rel}","templated":true}]}}