{"id":6873,"date":"2023-04-19T19:27:01","date_gmt":"2023-04-19T19:27:01","guid":{"rendered":"https:\/\/kindart.is\/product\/rettur-30-32-arg\/"},"modified":"2023-05-07T15:30:06","modified_gmt":"2023-05-07T15:30:06","slug":"rettur-30-32-arg","status":"publish","type":"product","link":"https:\/\/kindart.is\/en\/vara\/rettur-30-32-arg\/","title":{"rendered":"R\u00e9ttur: 30.\u201332. \u00e1rg."},"content":{"rendered":"<p><strong>R\u00e9ttur: 30.-32. \u00e1rg<\/strong>. R\u00e9ttur \u2013 T\u00edmarit um \u00fej\u00f3\u00f0f\u00e9lagsm\u00e1l kom ekki \u00fat 1945, en kom n\u00e6st 1946 og \u00fe\u00e1 voru ritstj\u00f3rar tveir: \u00feeir Einar Olgeirsson og \u00c1sgeir Bl. Magn\u00fasson. T\u00edmariti\u00f0 flutti \u00e1fram fr\u00e6\u00f0andi greinar um b\u00f3kmenntir og \u00f6nnur menningar-m\u00e1l. s\u00f6gur og kv\u00e6\u00f0i. XII. Bindi er 7 hefti \u00f3b. og titilbla\u00f0 og a\u00f0alefnisyfirlit er framan vi\u00f0 1. h. 1946. Heftin eru saumu\u00f0 og l\u00edmd \u00ed kartonk\u00e1pu. St\u00e6r\u00f0: 22.6 X 14.4 cm.<\/p>\n<p><strong>\u00datg\u00e1fa og prentun<\/strong>:<br \/>\n\u00datgefandi og \u00e1byrg\u00f0arma\u00f0ur: Einar Olgeirsson. Afgrei\u00f0sla: Sk\u00f3lav\u00f6r\u00f0ust\u00edg 19 Reykjav\u00edk, 1946-1948. Prentun: Prentsmi\u00f0jan H\u00f3lar Reykjav\u00edk.<\/p>\n","protected":false},"excerpt":{"rendered":"<p>R\u00e9ttur: 30.-32. \u00e1rg. R\u00e9ttur \u2013 T\u00edmarit um \u00fej\u00f3\u00f0f\u00e9lagsm\u00e1l kom ekki \u00fat 1945, en kom n\u00e6st 1946 og \u00fe\u00e1 voru ritstj\u00f3rar tveir: \u00feeir Einar Olgeirsson og \u00c1sgeir Bl. Magn\u00fasson. T\u00edmariti\u00f0 flutti \u00e1fram fr\u00e6\u00f0andi greinar um b\u00f3kmenntir og \u00f6nnur menningar-m\u00e1l. s\u00f6gur og kv\u00e6\u00f0i. XII. Bindi er 7 hefti \u00f3b. og titilbla\u00f0 og a\u00f0alefnisyfirlit er framan vi\u00f0 1. [&hellip;]<\/p>\n","protected":false},"featured_media":6855,"template":"","meta":{"slim_seo":{"title":"R\u00e9ttur: 30.\u201332. \u00e1rg. - KindArt","description":"R\u00e9ttur: 30.-32. \u00e1rg . R\u00e9ttur \u2013 T\u00edmarit um \u00fej\u00f3\u00f0f\u00e9lagsm\u00e1l kom ekki \u00fat 1945, en kom n\u00e6st 1946 og \u00fe\u00e1 voru ritstj\u00f3rar tveir: \u00feeir Einar Olgeirsson og \u00c1sgeir Bl. Magn"}},"product_brand":[],"product_cat":[83],"product_tag":[],"class_list":{"0":"post-6873","1":"product","2":"type-product","3":"status-publish","4":"has-post-thumbnail","6":"product_cat-books","7":"product_shipping_class-medium-en","9":"first","10":"instock","11":"purchasable","12":"product-type-simple"},"_links":{"self":[{"href":"https:\/\/kindart.is\/en\/wp-json\/wp\/v2\/product\/6873","targetHints":{"allow":["GET"]}}],"collection":[{"href":"https:\/\/kindart.is\/en\/wp-json\/wp\/v2\/product"}],"about":[{"href":"https:\/\/kindart.is\/en\/wp-json\/wp\/v2\/types\/product"}],"wp:featuredmedia":[{"embeddable":true,"href":"https:\/\/kindart.is\/en\/wp-json\/wp\/v2\/media\/6855"}],"wp:attachment":[{"href":"https:\/\/kindart.is\/en\/wp-json\/wp\/v2\/media?parent=6873"}],"wp:term":[{"taxonomy":"product_brand","embeddable":true,"href":"https:\/\/kindart.is\/en\/wp-json\/wp\/v2\/product_brand?post=6873"},{"taxonomy":"product_cat","embeddable":true,"href":"https:\/\/kindart.is\/en\/wp-json\/wp\/v2\/product_cat?post=6873"},{"taxonomy":"product_tag","embeddable":true,"href":"https:\/\/kindart.is\/en\/wp-json\/wp\/v2\/product_tag?post=6873"}],"curies":[{"name":"wp","href":"https:\/\/api.w.org\/{rel}","templated":true}]}}