{"id":6879,"date":"2023-04-20T11:55:55","date_gmt":"2023-04-20T11:55:55","guid":{"rendered":"https:\/\/kindart.is\/product\/rettur-33-35-arg\/"},"modified":"2023-05-07T15:31:38","modified_gmt":"2023-05-07T15:31:38","slug":"rettur-33-35-arg","status":"publish","type":"product","link":"https:\/\/kindart.is\/en\/vara\/rettur-33-35-arg\/","title":{"rendered":"R\u00e9ttur: 33.\u201335. \u00e1rg."},"content":{"rendered":"<p><strong>R\u00e9ttur: 33.-35. \u00e1rg<\/strong>. R\u00e9ttur \u2013 T\u00edmarit um \u00fej\u00f3\u00f0f\u00e9lagsm\u00e1l kom \u00e1fram \u00fat og s\u00f6mu ritstj\u00f3rar: \u00feeir Einar Olgeirsson og \u00c1sgeir Bl. Magn\u00fasson. T\u00edmariti\u00f0 flutti fr\u00e6\u00f0andi greinar um b\u00f3kmenntir og \u00f6nnur menningar-m\u00e1l. s\u00f6gur og kv\u00e6\u00f0i. XIII. Bindi er 9 hefti og titilbla\u00f0 og a\u00f0alefnisyfirlit framan vi\u00f0 1.-2. h. 1949. Heftin eru saumu\u00f0 og bundin \u00ed rautt, upphleypt skinnband \u00e1 kj\u00f6l og horn. St\u00e6r\u00f0: 21.4 X 13.7 cm. skorin b\u00f3k.<\/p>\n<p><strong>\u00datg\u00e1fa og prentun<\/strong>:<br \/>\n\u00datgefandi og \u00e1byrg\u00f0arma\u00f0ur: Einar Olgeirsson. Afgrei\u00f0sla: Sk\u00f3lav\u00f6r\u00f0ust\u00edg 19 Reykjav\u00edk, 1949-1951. Prentun: Prentsmi\u00f0ja \u00dej\u00f3\u00f0viljans Reykjav\u00edk.<\/p>\n","protected":false},"excerpt":{"rendered":"<p>R\u00e9ttur: 33.-35. \u00e1rg. R\u00e9ttur \u2013 T\u00edmarit um \u00fej\u00f3\u00f0f\u00e9lagsm\u00e1l kom \u00e1fram \u00fat og s\u00f6mu ritstj\u00f3rar: \u00feeir Einar Olgeirsson og \u00c1sgeir Bl. Magn\u00fasson. T\u00edmariti\u00f0 flutti fr\u00e6\u00f0andi greinar um b\u00f3kmenntir og \u00f6nnur menningar-m\u00e1l. s\u00f6gur og kv\u00e6\u00f0i. XIII. Bindi er 9 hefti og titilbla\u00f0 og a\u00f0alefnisyfirlit framan vi\u00f0 1.-2. h. 1949. Heftin eru saumu\u00f0 og bundin \u00ed rautt, upphleypt [&hellip;]<\/p>\n","protected":false},"featured_media":6876,"template":"","meta":{"slim_seo":{"title":"R\u00e9ttur: 33.\u201335. \u00e1rg. - KindArt","description":"R\u00e9ttur: 33.-35. \u00e1rg . R\u00e9ttur \u2013 T\u00edmarit um \u00fej\u00f3\u00f0f\u00e9lagsm\u00e1l kom \u00e1fram \u00fat og s\u00f6mu ritstj\u00f3rar: \u00feeir Einar Olgeirsson og \u00c1sgeir Bl. Magn\u00fasson. T\u00edmariti\u00f0 flutti fr\u00e6\u00f0and"}},"product_brand":[],"product_cat":[83],"product_tag":[],"class_list":{"0":"post-6879","1":"product","2":"type-product","3":"status-publish","4":"has-post-thumbnail","6":"product_cat-books","7":"product_shipping_class-medium-en","9":"first","10":"instock","11":"purchasable","12":"product-type-simple"},"_links":{"self":[{"href":"https:\/\/kindart.is\/en\/wp-json\/wp\/v2\/product\/6879","targetHints":{"allow":["GET"]}}],"collection":[{"href":"https:\/\/kindart.is\/en\/wp-json\/wp\/v2\/product"}],"about":[{"href":"https:\/\/kindart.is\/en\/wp-json\/wp\/v2\/types\/product"}],"wp:featuredmedia":[{"embeddable":true,"href":"https:\/\/kindart.is\/en\/wp-json\/wp\/v2\/media\/6876"}],"wp:attachment":[{"href":"https:\/\/kindart.is\/en\/wp-json\/wp\/v2\/media?parent=6879"}],"wp:term":[{"taxonomy":"product_brand","embeddable":true,"href":"https:\/\/kindart.is\/en\/wp-json\/wp\/v2\/product_brand?post=6879"},{"taxonomy":"product_cat","embeddable":true,"href":"https:\/\/kindart.is\/en\/wp-json\/wp\/v2\/product_cat?post=6879"},{"taxonomy":"product_tag","embeddable":true,"href":"https:\/\/kindart.is\/en\/wp-json\/wp\/v2\/product_tag?post=6879"}],"curies":[{"name":"wp","href":"https:\/\/api.w.org\/{rel}","templated":true}]}}