{"id":6899,"date":"2023-04-23T11:46:13","date_gmt":"2023-04-23T11:46:13","guid":{"rendered":"https:\/\/kindart.is\/product\/rettur-39-41-arg\/"},"modified":"2023-05-07T15:36:41","modified_gmt":"2023-05-07T15:36:41","slug":"rettur-39-41-arg","status":"publish","type":"product","link":"https:\/\/kindart.is\/en\/vara\/rettur-39-41-arg\/","title":{"rendered":"R\u00e9ttur: 39.\u201341. \u00e1rg."},"content":{"rendered":"<p><strong>R\u00e9ttur: 39.\u201341. \u00e1rg<\/strong>. 1955-1958: 4 hefti \u00f3bundin. R\u00e9ttur kom ekki \u00fat 1956. T\u00edmarit um \u00fej\u00f3\u00f0f\u00e9lagsm\u00e1l, greinar um b\u00f3kmenntir, listir og \u00f6nnur menningarm\u00e1l. Ennfremur s\u00f6gur og kv\u00e6\u00f0i. Ritstj\u00f3rar: Einar Olgeirsson og \u00c1sgeir Bl. Magn\u00fasson. Allar k\u00e1pur fylgja me\u00f0 \u00e1 s\u00ednum sta\u00f0. XV. Bindi er 4 hefti \u00f3bundin. Efni hvers heftis er \u00e1 framk\u00e1pu \u00feess, en a\u00f0alefnisyfirlit og titilbla\u00f0 er framan vi\u00f0 1.-2.h. 1955. St\u00e6r\u00f0 R\u00e9ttar: 22.2 X 14,2 cm.<\/p>\n<p><strong>\u00datg\u00e1fa og prentun<\/strong>:<br \/>\nA\u00f0al\u00fatgefandi og \u00e1byrg\u00f0arma\u00f0ur: Einar Olgeirsson. Afgrei\u00f0sla R\u00e9ttar \u00ed Reykjav\u00edk var a\u00f0 Sk\u00f3lav\u00f6r\u00f0ust\u00edg 19 \u00ed h\u00fasi \u00dej\u00f3\u00f0viljans. Prentun: Prentsmi\u00f0ja \u00dej\u00f3\u00f0viljans Reykjav\u00edk.<\/p>\n","protected":false},"excerpt":{"rendered":"<p>R\u00e9ttur: 39.\u201341. \u00e1rg. 1955-1958: 4 hefti \u00f3bundin. R\u00e9ttur kom ekki \u00fat 1956. T\u00edmarit um \u00fej\u00f3\u00f0f\u00e9lagsm\u00e1l, greinar um b\u00f3kmenntir, listir og \u00f6nnur menningarm\u00e1l. Ennfremur s\u00f6gur og kv\u00e6\u00f0i. Ritstj\u00f3rar: Einar Olgeirsson og \u00c1sgeir Bl. Magn\u00fasson. Allar k\u00e1pur fylgja me\u00f0 \u00e1 s\u00ednum sta\u00f0. XV. Bindi er 4 hefti \u00f3bundin. Efni hvers heftis er \u00e1 framk\u00e1pu \u00feess, en a\u00f0alefnisyfirlit [&hellip;]<\/p>\n","protected":false},"featured_media":6890,"template":"","meta":{"slim_seo":{"title":"R\u00e9ttur: 39.\u201341. \u00e1rg. - KindArt","description":"R\u00e9ttur: 39.\u201341. \u00e1rg . 1955-1958: 4 hefti \u00f3bundin. R\u00e9ttur kom ekki \u00fat 1956. T\u00edmarit um \u00fej\u00f3\u00f0f\u00e9lagsm\u00e1l, greinar um b\u00f3kmenntir, listir og \u00f6nnur menningarm\u00e1l. Ennfre"}},"product_brand":[],"product_cat":[83],"product_tag":[],"class_list":{"0":"post-6899","1":"product","2":"type-product","3":"status-publish","4":"has-post-thumbnail","6":"product_cat-books","7":"product_shipping_class-small-en","9":"first","10":"instock","11":"purchasable","12":"product-type-simple"},"_links":{"self":[{"href":"https:\/\/kindart.is\/en\/wp-json\/wp\/v2\/product\/6899","targetHints":{"allow":["GET"]}}],"collection":[{"href":"https:\/\/kindart.is\/en\/wp-json\/wp\/v2\/product"}],"about":[{"href":"https:\/\/kindart.is\/en\/wp-json\/wp\/v2\/types\/product"}],"wp:featuredmedia":[{"embeddable":true,"href":"https:\/\/kindart.is\/en\/wp-json\/wp\/v2\/media\/6890"}],"wp:attachment":[{"href":"https:\/\/kindart.is\/en\/wp-json\/wp\/v2\/media?parent=6899"}],"wp:term":[{"taxonomy":"product_brand","embeddable":true,"href":"https:\/\/kindart.is\/en\/wp-json\/wp\/v2\/product_brand?post=6899"},{"taxonomy":"product_cat","embeddable":true,"href":"https:\/\/kindart.is\/en\/wp-json\/wp\/v2\/product_cat?post=6899"},{"taxonomy":"product_tag","embeddable":true,"href":"https:\/\/kindart.is\/en\/wp-json\/wp\/v2\/product_tag?post=6899"}],"curies":[{"name":"wp","href":"https:\/\/api.w.org\/{rel}","templated":true}]}}