{"id":6907,"date":"2023-04-26T14:18:36","date_gmt":"2023-04-26T14:18:36","guid":{"rendered":"https:\/\/kindart.is\/product\/eins-og-gengur\/"},"modified":"2023-05-27T15:21:03","modified_gmt":"2023-05-27T15:21:03","slug":"eins-og-gengur","status":"publish","type":"product","link":"https:\/\/kindart.is\/en\/vara\/eins-og-gengur\/","title":{"rendered":"Eins og gengur"},"content":{"rendered":"<p><strong>Eins og gengur<\/strong>. S\u00f6gu\u00fe\u00e6ttir eftir Theod\u00f3ru Thoroddsen. B\u00f3kin er saumheft \u00ed k\u00e1pukarton en \u00f3skorin. St\u00e6r\u00f0: 19.5 X 13.5 cm og 96 bls.<\/p>\n<p><strong>\u00datg\u00e1fa og prentun<\/strong>:<br \/>\n\u00datgefandi: \u00de\u00f3rarinn B. \u00deorl\u00e1ksson 1920 Reykjav\u00edk. Prentun: \u00cdsafoldarprentsmi\u00f0ja.<\/p>\n","protected":false},"excerpt":{"rendered":"<p>Eins og gengur. S\u00f6gu\u00fe\u00e6ttir eftir Theod\u00f3ru Thoroddsen. B\u00f3kin er saumheft \u00ed k\u00e1pukarton en \u00f3skorin. St\u00e6r\u00f0: 19.5 X 13.5 cm og 96 bls. \u00datg\u00e1fa og prentun: \u00datgefandi: \u00de\u00f3rarinn B. \u00deorl\u00e1ksson 1920 Reykjav\u00edk. Prentun: \u00cdsafoldarprentsmi\u00f0ja.<\/p>\n","protected":false},"featured_media":6902,"template":"","meta":{"slim_seo":{"title":"Eins og gengur - KindArt","description":"Eins og gengur . S\u00f6gu\u00fe\u00e6ttir eftir Theod\u00f3ru Thoroddsen. B\u00f3kin er saumheft \u00ed k\u00e1pukarton en \u00f3skorin. St\u00e6r\u00f0: 19.5 X 13.5 cm og 96 bls. \u00datg\u00e1fa og prentun : \u00datgefandi"}},"product_brand":[],"product_cat":[83],"product_tag":[],"class_list":{"0":"post-6907","1":"product","2":"type-product","3":"status-publish","4":"has-post-thumbnail","6":"product_cat-books","7":"product_shipping_class-small-en","9":"first","10":"instock","11":"purchasable","12":"product-type-simple"},"_links":{"self":[{"href":"https:\/\/kindart.is\/en\/wp-json\/wp\/v2\/product\/6907","targetHints":{"allow":["GET"]}}],"collection":[{"href":"https:\/\/kindart.is\/en\/wp-json\/wp\/v2\/product"}],"about":[{"href":"https:\/\/kindart.is\/en\/wp-json\/wp\/v2\/types\/product"}],"wp:featuredmedia":[{"embeddable":true,"href":"https:\/\/kindart.is\/en\/wp-json\/wp\/v2\/media\/6902"}],"wp:attachment":[{"href":"https:\/\/kindart.is\/en\/wp-json\/wp\/v2\/media?parent=6907"}],"wp:term":[{"taxonomy":"product_brand","embeddable":true,"href":"https:\/\/kindart.is\/en\/wp-json\/wp\/v2\/product_brand?post=6907"},{"taxonomy":"product_cat","embeddable":true,"href":"https:\/\/kindart.is\/en\/wp-json\/wp\/v2\/product_cat?post=6907"},{"taxonomy":"product_tag","embeddable":true,"href":"https:\/\/kindart.is\/en\/wp-json\/wp\/v2\/product_tag?post=6907"}],"curies":[{"name":"wp","href":"https:\/\/api.w.org\/{rel}","templated":true}]}}