{"id":6916,"date":"2023-04-26T14:22:42","date_gmt":"2023-04-26T14:22:42","guid":{"rendered":"https:\/\/kindart.is\/product\/heilagur-sannleikur\/"},"modified":"2023-04-26T14:22:42","modified_gmt":"2023-04-26T14:22:42","slug":"heilagur-sannleikur","status":"publish","type":"product","link":"https:\/\/kindart.is\/en\/vara\/heilagur-sannleikur\/","title":{"rendered":"Heilagur sannleikur"},"content":{"rendered":"<p><strong>Heilagur sannleikur<\/strong> eftir Flosa \u00d3lafsson. Flosi sag\u00f0i yfirleitt gamans\u00f6gur af sj\u00e1lfum s\u00e9r og \u00f6\u00f0rum \u00e1 sinn einstaka h\u00e1tt \u00ed \u00feessari b\u00f3k og nokkrum \u00f6\u00f0rum af svipu\u00f0um toga. Flosi var \u00feekktastur sem leikari, gamanv\u00edsnas\u00f6ngvari og rith\u00f6fundur. Hann \u00e1tti mj\u00f6g fj\u00f6lbreyttan listamannsferil \u00e1 sinni \u00e6vi. Hann tileinka\u00f0i \u00feessa b\u00f3k besta vini s\u00ednum, Lilju konunni sinni. B\u00f3kin er \u00ed forlagsbandi og \u00ed hl\u00edf\u00f0ark\u00e1pu sem var h\u00f6nnu\u00f0 \u00ed Hv\u00edtah\u00fasinu af Gunnari Karlssyni. St\u00e6r\u00f0: 21.5 X 13.7 cm. og 163 bls.<\/p>\n<p><strong>\u00datg\u00e1fa og prentun<\/strong>:<br \/>\nB\u00f3ka\u00fatg\u00e1fan Skrudda Reykjav\u00edk 2004. Prentun: WS. Bookwell Ltd.<\/p>\n","protected":false},"excerpt":{"rendered":"<p>Heilagur sannleikur eftir Flosa \u00d3lafsson. Flosi sag\u00f0i yfirleitt gamans\u00f6gur af sj\u00e1lfum s\u00e9r og \u00f6\u00f0rum \u00e1 sinn einstaka h\u00e1tt \u00ed \u00feessari b\u00f3k og nokkrum \u00f6\u00f0rum af svipu\u00f0um toga. Flosi var \u00feekktastur sem leikari, gamanv\u00edsnas\u00f6ngvari og rith\u00f6fundur. Hann \u00e1tti mj\u00f6g fj\u00f6lbreyttan listamannsferil \u00e1 sinni \u00e6vi. Hann tileinka\u00f0i \u00feessa b\u00f3k besta vini s\u00ednum, Lilju konunni sinni. B\u00f3kin er [&hellip;]<\/p>\n","protected":false},"featured_media":6910,"template":"","meta":{"slim_seo":{"title":"Heilagur sannleikur - KindArt","description":"Heilagur sannleikur eftir Flosa \u00d3lafsson. Flosi sag\u00f0i yfirleitt gamans\u00f6gur af sj\u00e1lfum s\u00e9r og \u00f6\u00f0rum \u00e1 sinn einstaka h\u00e1tt \u00ed \u00feessari b\u00f3k og nokkrum \u00f6\u00f0rum af svipu\u00f0"}},"product_brand":[],"product_cat":[83],"product_tag":[],"class_list":{"0":"post-6916","1":"product","2":"type-product","3":"status-publish","4":"has-post-thumbnail","6":"product_cat-books","7":"product_shipping_class-small-en","9":"first","10":"instock","11":"purchasable","12":"product-type-simple"},"_links":{"self":[{"href":"https:\/\/kindart.is\/en\/wp-json\/wp\/v2\/product\/6916","targetHints":{"allow":["GET"]}}],"collection":[{"href":"https:\/\/kindart.is\/en\/wp-json\/wp\/v2\/product"}],"about":[{"href":"https:\/\/kindart.is\/en\/wp-json\/wp\/v2\/types\/product"}],"wp:featuredmedia":[{"embeddable":true,"href":"https:\/\/kindart.is\/en\/wp-json\/wp\/v2\/media\/6910"}],"wp:attachment":[{"href":"https:\/\/kindart.is\/en\/wp-json\/wp\/v2\/media?parent=6916"}],"wp:term":[{"taxonomy":"product_brand","embeddable":true,"href":"https:\/\/kindart.is\/en\/wp-json\/wp\/v2\/product_brand?post=6916"},{"taxonomy":"product_cat","embeddable":true,"href":"https:\/\/kindart.is\/en\/wp-json\/wp\/v2\/product_cat?post=6916"},{"taxonomy":"product_tag","embeddable":true,"href":"https:\/\/kindart.is\/en\/wp-json\/wp\/v2\/product_tag?post=6916"}],"curies":[{"name":"wp","href":"https:\/\/api.w.org\/{rel}","templated":true}]}}