{"id":6925,"date":"2023-04-26T14:35:10","date_gmt":"2023-04-26T14:35:10","guid":{"rendered":"https:\/\/kindart.is\/product\/salamondrusatridid\/"},"modified":"2023-05-07T13:11:59","modified_gmt":"2023-05-07T13:11:59","slug":"salamondrusatridid","status":"publish","type":"product","link":"https:\/\/kindart.is\/en\/vara\/salamondrusatridid\/","title":{"rendered":"Salam\u00f6ndrustr\u00ed\u00f0i\u00f0"},"content":{"rendered":"<p><span style=\"font-family: Arial, serif;\"><span style=\"font-size: medium;\"><b>Salam\u00f6ndrustr\u00ed\u00f0i\u00f0 <\/b>er eftir t\u00e9kkneska sk\u00e1ldi\u00f0 Karel Capek, sem er f\u00e6ddur \u00ed fj\u00f6llum B\u00e6heims \u00e1ri\u00f0 1890. Hann var fyrst bla\u00f0ama\u00f0ur, en ger\u00f0ist s\u00ed\u00f0an leikritask\u00e1ld og var\u00f0 loks heimsfr\u00e6gur fyrir \u00fatvarpsleikriti\u00f0 R. U. R., sem er st\u00f3rbroti\u00f0 skoprit um v\u00e9lmenni. B\u00f3kin er \u00fe\u00fddd \u00far d\u00f6nsku af J\u00f3hannesi \u00far K\u00f6tlum. B\u00f3kin er saumu\u00f0 og heft \u00ed k\u00e1pu, en \u00f3skorin. St\u00e6r\u00f0: 21.9 X 14.5 cm og 276 bls.<\/span><\/span><\/p>\n<p><span style=\"font-family: Arial, serif;\"><span style=\"font-size: medium;\"><b>\u00datg\u00e1fa og prentun:<br \/>\n<\/b><\/span><\/span><span style=\"font-family: Arial, serif;\"><span style=\"font-size: medium;\">\u00datgefandi: M\u00e1l og menning. 1946 Reykjav\u00edk. Prentsmi\u00f0jan H\u00f3lar.<\/span><\/span><\/p>\n","protected":false},"excerpt":{"rendered":"<p>Salam\u00f6ndrustr\u00ed\u00f0i\u00f0 er eftir t\u00e9kkneska sk\u00e1ldi\u00f0 Karel Capek, sem er f\u00e6ddur \u00ed fj\u00f6llum B\u00e6heims \u00e1ri\u00f0 1890. Hann var fyrst bla\u00f0ama\u00f0ur, en ger\u00f0ist s\u00ed\u00f0an leikritask\u00e1ld og var\u00f0 loks heimsfr\u00e6gur fyrir \u00fatvarpsleikriti\u00f0 R. U. R., sem er st\u00f3rbroti\u00f0 skoprit um v\u00e9lmenni. B\u00f3kin er \u00fe\u00fddd \u00far d\u00f6nsku af J\u00f3hannesi \u00far K\u00f6tlum. B\u00f3kin er saumu\u00f0 og heft \u00ed k\u00e1pu, en [&hellip;]<\/p>\n","protected":false},"featured_media":6919,"template":"","meta":{"slim_seo":{"title":"Salam\u00f6ndrustr\u00ed\u00f0i\u00f0 - KindArt","description":"Salam\u00f6ndrustr\u00ed\u00f0i\u00f0 er eftir t\u00e9kkneska sk\u00e1ldi\u00f0 Karel Capek, sem er f\u00e6ddur \u00ed fj\u00f6llum B\u00e6heims \u00e1ri\u00f0 1890. Hann var fyrst bla\u00f0ama\u00f0ur, en ger\u00f0ist s\u00ed\u00f0an leikritask\u00e1ld o"}},"product_brand":[],"product_cat":[83],"product_tag":[],"class_list":{"0":"post-6925","1":"product","2":"type-product","3":"status-publish","4":"has-post-thumbnail","6":"product_cat-books","7":"product_shipping_class-small-en","9":"first","10":"outofstock","11":"purchasable","12":"product-type-simple"},"_links":{"self":[{"href":"https:\/\/kindart.is\/en\/wp-json\/wp\/v2\/product\/6925","targetHints":{"allow":["GET"]}}],"collection":[{"href":"https:\/\/kindart.is\/en\/wp-json\/wp\/v2\/product"}],"about":[{"href":"https:\/\/kindart.is\/en\/wp-json\/wp\/v2\/types\/product"}],"wp:featuredmedia":[{"embeddable":true,"href":"https:\/\/kindart.is\/en\/wp-json\/wp\/v2\/media\/6919"}],"wp:attachment":[{"href":"https:\/\/kindart.is\/en\/wp-json\/wp\/v2\/media?parent=6925"}],"wp:term":[{"taxonomy":"product_brand","embeddable":true,"href":"https:\/\/kindart.is\/en\/wp-json\/wp\/v2\/product_brand?post=6925"},{"taxonomy":"product_cat","embeddable":true,"href":"https:\/\/kindart.is\/en\/wp-json\/wp\/v2\/product_cat?post=6925"},{"taxonomy":"product_tag","embeddable":true,"href":"https:\/\/kindart.is\/en\/wp-json\/wp\/v2\/product_tag?post=6925"}],"curies":[{"name":"wp","href":"https:\/\/api.w.org\/{rel}","templated":true}]}}