{"id":6929,"date":"2023-04-26T16:12:33","date_gmt":"2023-04-26T16:12:33","guid":{"rendered":"https:\/\/kindart.is\/product\/talsimahlutafjelag-reykjavikur\/"},"modified":"2023-04-26T16:12:33","modified_gmt":"2023-04-26T16:12:33","slug":"talsimahlutafjelag-reykjavikur","status":"publish","type":"product","link":"https:\/\/kindart.is\/en\/vara\/talsimahlutafjelag-reykjavikur\/","title":{"rendered":"Tals\u00edmahlutafjelag Reykjav\u00edkur"},"content":{"rendered":"<p><strong>Tals\u00edmahlutafjelag Reykjav\u00edkur<\/strong>. Tals\u00edmaskr\u00e1 1. j\u00fan\u00ed 1906. 17.6 X10.6 cm. a\u00f0 st\u00e6r\u00f0, brotin en \u00f3heft, 16 bls. Tals\u00edmaskr\u00e1 Hafnarfjar\u00f0ar, 11 n\u00famer er aftast \u00ed heftinu.<\/p>\n<p><strong>\u00datg\u00e1fa og prentun<\/strong>:<br \/>\nTals\u00edmahlutafjelag Reykjav\u00edkur Reykjav\u00edk 1906. Prentsmi\u00f0jan Gutenberg.<br \/>\n\u00deetta hefti er lj\u00f3srita\u00f0 eftir gamalli b\u00f3k.<\/p>\n","protected":false},"excerpt":{"rendered":"<p>Tals\u00edmahlutafjelag Reykjav\u00edkur. Tals\u00edmaskr\u00e1 1. j\u00fan\u00ed 1906. 17.6 X10.6 cm. a\u00f0 st\u00e6r\u00f0, brotin en \u00f3heft, 16 bls. Tals\u00edmaskr\u00e1 Hafnarfjar\u00f0ar, 11 n\u00famer er aftast \u00ed heftinu. \u00datg\u00e1fa og prentun: Tals\u00edmahlutafjelag Reykjav\u00edkur Reykjav\u00edk 1906. Prentsmi\u00f0jan Gutenberg. \u00deetta hefti er lj\u00f3srita\u00f0 eftir gamalli b\u00f3k.<\/p>\n","protected":false},"featured_media":6928,"template":"","meta":{"slim_seo":{"title":"Tals\u00edmahlutafjelag Reykjav\u00edkur - KindArt","description":"Tals\u00edmahlutafjelag Reykjav\u00edkur . Tals\u00edmaskr\u00e1 1. j\u00fan\u00ed 1906. 17.6 X10.6 cm. a\u00f0 st\u00e6r\u00f0, brotin en \u00f3heft, 16 bls. Tals\u00edmaskr\u00e1 Hafnarfjar\u00f0ar, 11 n\u00famer er aftast \u00ed hef"}},"product_brand":[],"product_cat":[83],"product_tag":[],"class_list":{"0":"post-6929","1":"product","2":"type-product","3":"status-publish","4":"has-post-thumbnail","6":"product_cat-books","7":"product_shipping_class-small-en","9":"first","10":"instock","11":"purchasable","12":"product-type-simple"},"_links":{"self":[{"href":"https:\/\/kindart.is\/en\/wp-json\/wp\/v2\/product\/6929","targetHints":{"allow":["GET"]}}],"collection":[{"href":"https:\/\/kindart.is\/en\/wp-json\/wp\/v2\/product"}],"about":[{"href":"https:\/\/kindart.is\/en\/wp-json\/wp\/v2\/types\/product"}],"wp:featuredmedia":[{"embeddable":true,"href":"https:\/\/kindart.is\/en\/wp-json\/wp\/v2\/media\/6928"}],"wp:attachment":[{"href":"https:\/\/kindart.is\/en\/wp-json\/wp\/v2\/media?parent=6929"}],"wp:term":[{"taxonomy":"product_brand","embeddable":true,"href":"https:\/\/kindart.is\/en\/wp-json\/wp\/v2\/product_brand?post=6929"},{"taxonomy":"product_cat","embeddable":true,"href":"https:\/\/kindart.is\/en\/wp-json\/wp\/v2\/product_cat?post=6929"},{"taxonomy":"product_tag","embeddable":true,"href":"https:\/\/kindart.is\/en\/wp-json\/wp\/v2\/product_tag?post=6929"}],"curies":[{"name":"wp","href":"https:\/\/api.w.org\/{rel}","templated":true}]}}