{"id":6937,"date":"2023-04-26T16:16:32","date_gmt":"2023-04-26T16:16:32","guid":{"rendered":"https:\/\/kindart.is\/product\/tre-i-husi\/"},"modified":"2023-04-26T16:16:32","modified_gmt":"2023-04-26T16:16:32","slug":"tre-i-husi","status":"publish","type":"product","link":"https:\/\/kindart.is\/en\/vara\/tre-i-husi\/","title":{"rendered":"Tr\u00e9 \u00ed h\u00fasi"},"content":{"rendered":"<p><strong>Tr\u00e9 \u00ed h\u00fasi<\/strong>. Lj\u00f3\u00f0akver eftir Gunnar Hersvein. L\u00edmheft b\u00f3k 52 bls. sett \u00ed kartonk\u00e1pu, skorin til enda og a\u00f0 framan. St\u00e6r\u00f0: 20.9 X 14.8 cm. K\u00e1pumynd: Margr\u00e9t Guttormsd\u00f3ttir.<\/p>\n<p><strong>\u00datg\u00e1fa og prentun<\/strong>:<br \/>\n\u00datgefanda og \u00fatg\u00e1fu\u00e1rs ekki geti\u00f0 Reykjav\u00edk [1989] Setning: Filmur og prent. Umbrot og prentun: Stensill.<\/p>\n","protected":false},"excerpt":{"rendered":"<p>Tr\u00e9 \u00ed h\u00fasi. Lj\u00f3\u00f0akver eftir Gunnar Hersvein. L\u00edmheft b\u00f3k 52 bls. sett \u00ed kartonk\u00e1pu, skorin til enda og a\u00f0 framan. St\u00e6r\u00f0: 20.9 X 14.8 cm. K\u00e1pumynd: Margr\u00e9t Guttormsd\u00f3ttir. \u00datg\u00e1fa og prentun: \u00datgefanda og \u00fatg\u00e1fu\u00e1rs ekki geti\u00f0 Reykjav\u00edk [1989] Setning: Filmur og prent. Umbrot og prentun: Stensill.<\/p>\n","protected":false},"featured_media":6932,"template":"","meta":{"slim_seo":{"title":"Tr\u00e9 \u00ed h\u00fasi - KindArt","description":"Tr\u00e9 \u00ed h\u00fasi . Lj\u00f3\u00f0akver eftir Gunnar Hersvein. L\u00edmheft b\u00f3k 52 bls. sett \u00ed kartonk\u00e1pu, skorin til enda og a\u00f0 framan. St\u00e6r\u00f0: 20.9 X 14.8 cm. K\u00e1pumynd: Margr\u00e9t Gutt"}},"product_brand":[],"product_cat":[83],"product_tag":[],"class_list":{"0":"post-6937","1":"product","2":"type-product","3":"status-publish","4":"has-post-thumbnail","6":"product_cat-books","7":"product_shipping_class-small-en","9":"first","10":"instock","11":"purchasable","12":"product-type-simple"},"_links":{"self":[{"href":"https:\/\/kindart.is\/en\/wp-json\/wp\/v2\/product\/6937","targetHints":{"allow":["GET"]}}],"collection":[{"href":"https:\/\/kindart.is\/en\/wp-json\/wp\/v2\/product"}],"about":[{"href":"https:\/\/kindart.is\/en\/wp-json\/wp\/v2\/types\/product"}],"wp:featuredmedia":[{"embeddable":true,"href":"https:\/\/kindart.is\/en\/wp-json\/wp\/v2\/media\/6932"}],"wp:attachment":[{"href":"https:\/\/kindart.is\/en\/wp-json\/wp\/v2\/media?parent=6937"}],"wp:term":[{"taxonomy":"product_brand","embeddable":true,"href":"https:\/\/kindart.is\/en\/wp-json\/wp\/v2\/product_brand?post=6937"},{"taxonomy":"product_cat","embeddable":true,"href":"https:\/\/kindart.is\/en\/wp-json\/wp\/v2\/product_cat?post=6937"},{"taxonomy":"product_tag","embeddable":true,"href":"https:\/\/kindart.is\/en\/wp-json\/wp\/v2\/product_tag?post=6937"}],"curies":[{"name":"wp","href":"https:\/\/api.w.org\/{rel}","templated":true}]}}