{"id":6955,"date":"2023-05-09T05:53:34","date_gmt":"2023-05-09T05:53:34","guid":{"rendered":"https:\/\/kindart.is\/product\/rettur-42-44-arg\/"},"modified":"2023-05-09T05:53:34","modified_gmt":"2023-05-09T05:53:34","slug":"rettur-42-44-arg","status":"publish","type":"product","link":"https:\/\/kindart.is\/en\/vara\/rettur-42-44-arg\/","title":{"rendered":"R\u00e9ttur: 42.-44. \u00e1rg."},"content":{"rendered":"<p><strong>R\u00e9ttur: 42.-44. \u00e1rg<\/strong>. R\u00e9ttur \u2013T\u00edmarit um \u00fej\u00f3\u00f0f\u00e9lagsm\u00e1l. Flutti einnig fr\u00e6\u00f0andi greinar um b\u00f3kmenntir og \u00f6nnur menningarm\u00e1l, s\u00f6gur og kv\u00e6\u00f0i. Ritstj\u00f3rar: Einar Olgeirsson og \u00c1sgeir Bl. Magn\u00fasson. 5 \u00f3bundin hefti. Efni ritsins er \u00e1 framk\u00e1pu hvers heftis, en Titilbla\u00f0 og a\u00f0alefnisyfirlit XVI. bindis er framan vi\u00f0 1.- 4. h. 1959.<\/p>\n<p><strong>\u00datg\u00e1fa og prentun<\/strong>:<br \/>\n\u00datgefandi og \u00e1byrg\u00f0arma\u00f0ur: Einar Olgeirsson. Afgrei\u00f0sla: Sk\u00f3lav\u00f6r\u00f0ust\u00edg 19, Reykjav\u00edk, 1959-1961. Prentun: Prentsmi\u00f0ja \u00dej\u00f3\u00f0viljans Reykjav\u00edk og Prentsmi\u00f0ja Bj\u00f6rns J\u00f3nssonar Akureyri. (tv\u00f6 s\u00ed\u00f0ustu heftin 1961).<\/p>\n","protected":false},"excerpt":{"rendered":"<p>R\u00e9ttur: 42.-44. \u00e1rg. R\u00e9ttur \u2013T\u00edmarit um \u00fej\u00f3\u00f0f\u00e9lagsm\u00e1l. Flutti einnig fr\u00e6\u00f0andi greinar um b\u00f3kmenntir og \u00f6nnur menningarm\u00e1l, s\u00f6gur og kv\u00e6\u00f0i. Ritstj\u00f3rar: Einar Olgeirsson og \u00c1sgeir Bl. Magn\u00fasson. 5 \u00f3bundin hefti. Efni ritsins er \u00e1 framk\u00e1pu hvers heftis, en Titilbla\u00f0 og a\u00f0alefnisyfirlit XVI. bindis er framan vi\u00f0 1.- 4. h. 1959. \u00datg\u00e1fa og prentun: \u00datgefandi og \u00e1byrg\u00f0arma\u00f0ur: [&hellip;]<\/p>\n","protected":false},"featured_media":6944,"template":"","meta":{"slim_seo":{"title":"R\u00e9ttur: 42.-44. \u00e1rg. - KindArt","description":"R\u00e9ttur: 42.-44. \u00e1rg . R\u00e9ttur \u2013T\u00edmarit um \u00fej\u00f3\u00f0f\u00e9lagsm\u00e1l. Flutti einnig fr\u00e6\u00f0andi greinar um b\u00f3kmenntir og \u00f6nnur menningarm\u00e1l, s\u00f6gur og kv\u00e6\u00f0i. Ritstj\u00f3rar: Einar Ol"}},"product_brand":[],"product_cat":[83],"product_tag":[],"class_list":{"0":"post-6955","1":"product","2":"type-product","3":"status-publish","4":"has-post-thumbnail","6":"product_cat-books","7":"product_shipping_class-small-en","9":"first","10":"instock","11":"purchasable","12":"product-type-simple"},"_links":{"self":[{"href":"https:\/\/kindart.is\/en\/wp-json\/wp\/v2\/product\/6955","targetHints":{"allow":["GET"]}}],"collection":[{"href":"https:\/\/kindart.is\/en\/wp-json\/wp\/v2\/product"}],"about":[{"href":"https:\/\/kindart.is\/en\/wp-json\/wp\/v2\/types\/product"}],"wp:featuredmedia":[{"embeddable":true,"href":"https:\/\/kindart.is\/en\/wp-json\/wp\/v2\/media\/6944"}],"wp:attachment":[{"href":"https:\/\/kindart.is\/en\/wp-json\/wp\/v2\/media?parent=6955"}],"wp:term":[{"taxonomy":"product_brand","embeddable":true,"href":"https:\/\/kindart.is\/en\/wp-json\/wp\/v2\/product_brand?post=6955"},{"taxonomy":"product_cat","embeddable":true,"href":"https:\/\/kindart.is\/en\/wp-json\/wp\/v2\/product_cat?post=6955"},{"taxonomy":"product_tag","embeddable":true,"href":"https:\/\/kindart.is\/en\/wp-json\/wp\/v2\/product_tag?post=6955"}],"curies":[{"name":"wp","href":"https:\/\/api.w.org\/{rel}","templated":true}]}}