{"id":6969,"date":"2023-05-09T06:01:56","date_gmt":"2023-05-09T06:01:56","guid":{"rendered":"https:\/\/kindart.is\/product\/rettur-arg-45-47\/"},"modified":"2023-05-09T06:01:56","modified_gmt":"2023-05-09T06:01:56","slug":"rettur-arg-45-47","status":"publish","type":"product","link":"https:\/\/kindart.is\/en\/vara\/rettur-arg-45-47\/","title":{"rendered":"R\u00e9ttur: \u00e1rg. 45.\u201347."},"content":{"rendered":"<p><strong>R\u00e9ttur: Bindi XVII.- \u00e1rg. 45.\u201347.<\/strong> 1962-1964: T\u00edmarit um \u00fej\u00f3\u00f0f\u00e9lags- og menningarm\u00e1l. Flutti einnig fr\u00e6\u00f0andi greinar um b\u00f3kmenntir, listir og \u00f6nnur menningarm\u00e1l.,s\u00f6gur og kv\u00e6\u00f0i. Ritstj\u00f3ri: Einar Olgeirsson. Ritnefnd: \u00c1sgeir Bl. Magn\u00fasson, Bj\u00f6rn J\u00f3nsson, G\u00edsli \u00c1smundsson, Magn\u00fas Kjartansson og \u00de\u00f3r Vigf\u00fasson. 12 \u00f3bundin hefti. Efni ritsins er \u00e1 framk\u00e1pu hvers heftis.<br \/>\nTitilbla\u00f0 og efnisyfirlit er framan vi\u00f0 1. hefti 1962. St\u00e6r\u00f0: 22.5 X 14.6 cm.<\/p>\n<p><strong>\u00datg\u00e1fa og prentun<\/strong>:<br \/>\nA\u00f0al\u00fatgefandi og \u00e1byrg\u00f0arma\u00f0ur: Einar Olgeirsson. Afgrei\u00f0sla: Sk\u00f3lav\u00f6r\u00f0ust\u00edg 19, Reykjav\u00edk 1962-1964. Prentsmi\u00f0ja Bj\u00f6rns J\u00f3nssonar Akureyri.<\/p>\n","protected":false},"excerpt":{"rendered":"<p>R\u00e9ttur: Bindi XVII.- \u00e1rg. 45.\u201347. 1962-1964: T\u00edmarit um \u00fej\u00f3\u00f0f\u00e9lags- og menningarm\u00e1l. Flutti einnig fr\u00e6\u00f0andi greinar um b\u00f3kmenntir, listir og \u00f6nnur menningarm\u00e1l.,s\u00f6gur og kv\u00e6\u00f0i. Ritstj\u00f3ri: Einar Olgeirsson. Ritnefnd: \u00c1sgeir Bl. Magn\u00fasson, Bj\u00f6rn J\u00f3nsson, G\u00edsli \u00c1smundsson, Magn\u00fas Kjartansson og \u00de\u00f3r Vigf\u00fasson. 12 \u00f3bundin hefti. Efni ritsins er \u00e1 framk\u00e1pu hvers heftis. Titilbla\u00f0 og efnisyfirlit er framan vi\u00f0 [&hellip;]<\/p>\n","protected":false},"featured_media":6958,"template":"","meta":{"slim_seo":{"title":"R\u00e9ttur: \u00e1rg. 45.\u201347. - KindArt","description":"R\u00e9ttur: Bindi XVII.- \u00e1rg. 45.\u201347. 1962-1964: T\u00edmarit um \u00fej\u00f3\u00f0f\u00e9lags- og menningarm\u00e1l. Flutti einnig fr\u00e6\u00f0andi greinar um b\u00f3kmenntir, listir og \u00f6nnur menningarm\u00e1l."}},"product_brand":[],"product_cat":[83],"product_tag":[],"class_list":{"0":"post-6969","1":"product","2":"type-product","3":"status-publish","4":"has-post-thumbnail","6":"product_cat-books","7":"product_shipping_class-medium-en","9":"first","10":"instock","11":"purchasable","12":"product-type-simple"},"_links":{"self":[{"href":"https:\/\/kindart.is\/en\/wp-json\/wp\/v2\/product\/6969","targetHints":{"allow":["GET"]}}],"collection":[{"href":"https:\/\/kindart.is\/en\/wp-json\/wp\/v2\/product"}],"about":[{"href":"https:\/\/kindart.is\/en\/wp-json\/wp\/v2\/types\/product"}],"wp:featuredmedia":[{"embeddable":true,"href":"https:\/\/kindart.is\/en\/wp-json\/wp\/v2\/media\/6958"}],"wp:attachment":[{"href":"https:\/\/kindart.is\/en\/wp-json\/wp\/v2\/media?parent=6969"}],"wp:term":[{"taxonomy":"product_brand","embeddable":true,"href":"https:\/\/kindart.is\/en\/wp-json\/wp\/v2\/product_brand?post=6969"},{"taxonomy":"product_cat","embeddable":true,"href":"https:\/\/kindart.is\/en\/wp-json\/wp\/v2\/product_cat?post=6969"},{"taxonomy":"product_tag","embeddable":true,"href":"https:\/\/kindart.is\/en\/wp-json\/wp\/v2\/product_tag?post=6969"}],"curies":[{"name":"wp","href":"https:\/\/api.w.org\/{rel}","templated":true}]}}