{"id":6989,"date":"2023-05-09T06:08:31","date_gmt":"2023-05-09T06:08:31","guid":{"rendered":"https:\/\/kindart.is\/product\/rettur-arg-48-49\/"},"modified":"2023-05-09T06:13:59","modified_gmt":"2023-05-09T06:13:59","slug":"rettur-arg-48-49","status":"publish","type":"product","link":"https:\/\/kindart.is\/en\/vara\/rettur-arg-48-49\/","title":{"rendered":"R\u00e9ttur: \u00e1rg. 48.\u201349."},"content":{"rendered":"<p><strong>R\u00e9ttur: Bindi XVIII.- \u00e1rg. 48.\u201349.<\/strong> 1965-1966: T\u00edmarit um \u00fej\u00f3\u00f0f\u00e9lagsm\u00e1l. Flutti einnig fr\u00e6\u00f0andi greinar um b\u00f3kmenntir, listir og \u00f6nnur menningar-m\u00e1l., s\u00f6gur og kv\u00e6\u00f0i. 8 \u00f3b. hefti. Efni ritsins er \u00e1 framk\u00e1pu hvers heftis. Titilbla\u00f0 og efnisyfirlit er opna framan vi\u00f0 1. hefti 1965. Ritstj\u00f3ri: Einar Olgeirsson. Ritnefnd: \u00c1sgeir Bl. Magn\u00fasson, Bj\u00f6rn J\u00f3nsson, Eyj\u00f3lfur R. \u00c1rnason, Magn\u00fas Kjartansson, P\u00e1ll Berg\u00fe\u00f3rsson, Tryggvi Emilsson og \u00de\u00f3rir Dan\u00edelsson. St\u00e6r\u00f0: 22.5 X 14.6 cm.<\/p>\n<p><strong>\u00datg\u00e1fa og prentun<\/strong>:<br \/>\nA\u00f0al\u00fatgefandi og \u00e1byrg\u00f0arma\u00f0ur: Einar Olgeirsson. Afgrei\u00f0sla: Sk\u00f3lav\u00f6r\u00f0ust\u00edg 19, Reykjav\u00edk 1965-1966. Prentsmi\u00f0ja Bj\u00f6rns J\u00f3nssonar Akureyri.<\/p>\n","protected":false},"excerpt":{"rendered":"<p>R\u00e9ttur: Bindi XVIII.- \u00e1rg. 48.\u201349. 1965-1966: T\u00edmarit um \u00fej\u00f3\u00f0f\u00e9lagsm\u00e1l. Flutti einnig fr\u00e6\u00f0andi greinar um b\u00f3kmenntir, listir og \u00f6nnur menningar-m\u00e1l., s\u00f6gur og kv\u00e6\u00f0i. 8 \u00f3b. hefti. Efni ritsins er \u00e1 framk\u00e1pu hvers heftis. Titilbla\u00f0 og efnisyfirlit er opna framan vi\u00f0 1. hefti 1965. Ritstj\u00f3ri: Einar Olgeirsson. Ritnefnd: \u00c1sgeir Bl. Magn\u00fasson, Bj\u00f6rn J\u00f3nsson, Eyj\u00f3lfur R. \u00c1rnason, Magn\u00fas [&hellip;]<\/p>\n","protected":false},"featured_media":6972,"template":"","meta":{"slim_seo":{"title":"R\u00e9ttur: \u00e1rg. 48.\u201349. - KindArt","description":"R\u00e9ttur: Bindi XVIII.- \u00e1rg. 48.\u201349. 1965-1966: T\u00edmarit um \u00fej\u00f3\u00f0f\u00e9lagsm\u00e1l. Flutti einnig fr\u00e6\u00f0andi greinar um b\u00f3kmenntir, listir og \u00f6nnur menningar-m\u00e1l., s\u00f6gur og k"}},"product_brand":[],"product_cat":[83],"product_tag":[],"class_list":{"0":"post-6989","1":"product","2":"type-product","3":"status-publish","4":"has-post-thumbnail","6":"product_cat-books","7":"product_shipping_class-medium-en","9":"first","10":"instock","11":"purchasable","12":"product-type-simple"},"_links":{"self":[{"href":"https:\/\/kindart.is\/en\/wp-json\/wp\/v2\/product\/6989","targetHints":{"allow":["GET"]}}],"collection":[{"href":"https:\/\/kindart.is\/en\/wp-json\/wp\/v2\/product"}],"about":[{"href":"https:\/\/kindart.is\/en\/wp-json\/wp\/v2\/types\/product"}],"wp:featuredmedia":[{"embeddable":true,"href":"https:\/\/kindart.is\/en\/wp-json\/wp\/v2\/media\/6972"}],"wp:attachment":[{"href":"https:\/\/kindart.is\/en\/wp-json\/wp\/v2\/media?parent=6989"}],"wp:term":[{"taxonomy":"product_brand","embeddable":true,"href":"https:\/\/kindart.is\/en\/wp-json\/wp\/v2\/product_brand?post=6989"},{"taxonomy":"product_cat","embeddable":true,"href":"https:\/\/kindart.is\/en\/wp-json\/wp\/v2\/product_cat?post=6989"},{"taxonomy":"product_tag","embeddable":true,"href":"https:\/\/kindart.is\/en\/wp-json\/wp\/v2\/product_tag?post=6989"}],"curies":[{"name":"wp","href":"https:\/\/api.w.org\/{rel}","templated":true}]}}