{"id":6998,"date":"2023-05-15T05:36:28","date_gmt":"2023-05-15T05:36:28","guid":{"rendered":"https:\/\/kindart.is\/product\/skuggamyndir-ur-ferdalagi\/"},"modified":"2023-05-15T05:36:28","modified_gmt":"2023-05-15T05:36:28","slug":"skuggamyndir-ur-ferdalagi","status":"publish","type":"product","link":"https:\/\/kindart.is\/en\/vara\/skuggamyndir-ur-ferdalagi\/","title":{"rendered":"Skuggamyndir \u00far fer\u00f0alagi"},"content":{"rendered":"<p><strong>Skuggamyndir \u00far fer\u00f0alagi<\/strong>. \u00d6rs\u00f6gur eftir \u00d3skar \u00c1rna \u00d3skarsson. H\u00f6fundurinn f\u00e6r g\u00f3\u00f0a d\u00f3ma fyrir stuttar fr\u00e1sagnir. Hann hefur starfa\u00f0 lengi sem b\u00f3kav\u00f6r\u00f0ur \u00e1samt ritst\u00f6rfum. B\u00f3kin er kilja, 20 X 12 cm a\u00f0 st\u00e6r\u00f0 og 134 bls. L\u00edmband \u00ed kartonk\u00e1pu.<\/p>\n<p><strong>\u00datg\u00e1fa og prentun<\/strong>:<br \/>\nB\u00f3ka\u00fatg\u00e1fan Bjartur Reykjav\u00edk 2009. Prentsmi\u00f0jan Oddi.<\/p>\n","protected":false},"excerpt":{"rendered":"<p>Skuggamyndir \u00far fer\u00f0alagi. \u00d6rs\u00f6gur eftir \u00d3skar \u00c1rna \u00d3skarsson. H\u00f6fundurinn f\u00e6r g\u00f3\u00f0a d\u00f3ma fyrir stuttar fr\u00e1sagnir. Hann hefur starfa\u00f0 lengi sem b\u00f3kav\u00f6r\u00f0ur \u00e1samt ritst\u00f6rfum. B\u00f3kin er kilja, 20 X 12 cm a\u00f0 st\u00e6r\u00f0 og 134 bls. L\u00edmband \u00ed kartonk\u00e1pu. \u00datg\u00e1fa og prentun: B\u00f3ka\u00fatg\u00e1fan Bjartur Reykjav\u00edk 2009. Prentsmi\u00f0jan Oddi.<\/p>\n","protected":false},"featured_media":6995,"template":"","meta":{"slim_seo":{"title":"Skuggamyndir \u00far fer\u00f0alagi - KindArt","description":"Skuggamyndir \u00far fer\u00f0alagi . \u00d6rs\u00f6gur eftir \u00d3skar \u00c1rna \u00d3skarsson. H\u00f6fundurinn f\u00e6r g\u00f3\u00f0a d\u00f3ma fyrir stuttar fr\u00e1sagnir. Hann hefur starfa\u00f0 lengi sem b\u00f3kav\u00f6r\u00f0ur \u00e1samt"}},"product_brand":[],"product_cat":[83],"product_tag":[],"class_list":{"0":"post-6998","1":"product","2":"type-product","3":"status-publish","4":"has-post-thumbnail","6":"product_cat-books","7":"product_shipping_class-small-en","9":"first","10":"instock","11":"purchasable","12":"product-type-simple"},"_links":{"self":[{"href":"https:\/\/kindart.is\/en\/wp-json\/wp\/v2\/product\/6998","targetHints":{"allow":["GET"]}}],"collection":[{"href":"https:\/\/kindart.is\/en\/wp-json\/wp\/v2\/product"}],"about":[{"href":"https:\/\/kindart.is\/en\/wp-json\/wp\/v2\/types\/product"}],"wp:featuredmedia":[{"embeddable":true,"href":"https:\/\/kindart.is\/en\/wp-json\/wp\/v2\/media\/6995"}],"wp:attachment":[{"href":"https:\/\/kindart.is\/en\/wp-json\/wp\/v2\/media?parent=6998"}],"wp:term":[{"taxonomy":"product_brand","embeddable":true,"href":"https:\/\/kindart.is\/en\/wp-json\/wp\/v2\/product_brand?post=6998"},{"taxonomy":"product_cat","embeddable":true,"href":"https:\/\/kindart.is\/en\/wp-json\/wp\/v2\/product_cat?post=6998"},{"taxonomy":"product_tag","embeddable":true,"href":"https:\/\/kindart.is\/en\/wp-json\/wp\/v2\/product_tag?post=6998"}],"curies":[{"name":"wp","href":"https:\/\/api.w.org\/{rel}","templated":true}]}}