{"id":6999,"date":"2023-05-15T05:43:23","date_gmt":"2023-05-15T05:43:23","guid":{"rendered":"https:\/\/kindart.is\/?post_type=product&#038;p=6999"},"modified":"2023-05-15T05:47:25","modified_gmt":"2023-05-15T05:47:25","slug":"nyjar-sogur","status":"publish","type":"product","link":"https:\/\/kindart.is\/en\/vara\/nyjar-sogur\/","title":{"rendered":"N\u00fdjar s\u00f6gur"},"content":{"rendered":"<p><strong>N\u00fdjar s\u00f6gur<\/strong> eftir \u00de\u00f3rir Bergsson, sem var sk\u00e1ldanafn \u00deorsteins J\u00f3nssonar f. 1885. d. 1970. \u00deetta eru um 16 sm\u00e1s\u00f6gur og b\u00f3kin er bundin \u00ed forlagsband hj\u00e1 \u00cdsafold. Vanda\u00f0 skinnband \u00e1 kj\u00f6l. Geitaskinn og sterkur spjaldapapp\u00edr (\u00edmitera\u00f0 sl\u00f6nguskinn) St\u00e6r\u00f0: 20.8 X 13.7 cm. og 246 bls.<\/p>\n<p>\u00datg\u00e1fa og prentun:<br \/>\n\u00datgefandi: \u00cdsafoldarprentsmi\u00f0ja Reykjav\u00edk 1944. Prentun: \u00cdsafoldarprentsmi\u00f0ja.<\/p>\n","protected":false},"excerpt":{"rendered":"<p>N\u00fdjar s\u00f6gur eftir \u00de\u00f3rir Bergsson, sem var sk\u00e1ldanafn \u00deorsteins J\u00f3nssonar f. 1885. d. 1970. \u00deetta eru um 16 sm\u00e1s\u00f6gur og b\u00f3kin er bundin \u00ed forlagsband hj\u00e1 \u00cdsafold. Vanda\u00f0 skinnband \u00e1 kj\u00f6l. Geitaskinn og sterkur spjaldapapp\u00edr (\u00edmitera\u00f0 sl\u00f6nguskinn) St\u00e6r\u00f0: 20.8 X 13.7 cm. og 246 bls. \u00datg\u00e1fa og prentun: \u00datgefandi: \u00cdsafoldarprentsmi\u00f0ja Reykjav\u00edk 1944. Prentun: \u00cdsafoldarprentsmi\u00f0ja.<\/p>\n","protected":false},"featured_media":7000,"template":"","meta":{"slim_seo":{"title":"N\u00fdjar s\u00f6gur - KindArt","description":"N\u00fdjar s\u00f6gur eftir \u00de\u00f3rir Bergsson, sem var sk\u00e1ldanafn \u00deorsteins J\u00f3nssonar f. 1885. d. 1970. \u00deetta eru um 16 sm\u00e1s\u00f6gur og b\u00f3kin er bundin \u00ed forlagsband hj\u00e1 \u00cdsafold"}},"product_brand":[],"product_cat":[82],"product_tag":[],"class_list":{"0":"post-6999","1":"product","2":"type-product","3":"status-publish","4":"has-post-thumbnail","6":"product_cat-baekur","7":"product_shipping_class-litill","9":"first","10":"instock","11":"purchasable","12":"product-type-simple"},"_links":{"self":[{"href":"https:\/\/kindart.is\/en\/wp-json\/wp\/v2\/product\/6999","targetHints":{"allow":["GET"]}}],"collection":[{"href":"https:\/\/kindart.is\/en\/wp-json\/wp\/v2\/product"}],"about":[{"href":"https:\/\/kindart.is\/en\/wp-json\/wp\/v2\/types\/product"}],"wp:featuredmedia":[{"embeddable":true,"href":"https:\/\/kindart.is\/en\/wp-json\/wp\/v2\/media\/7000"}],"wp:attachment":[{"href":"https:\/\/kindart.is\/en\/wp-json\/wp\/v2\/media?parent=6999"}],"wp:term":[{"taxonomy":"product_brand","embeddable":true,"href":"https:\/\/kindart.is\/en\/wp-json\/wp\/v2\/product_brand?post=6999"},{"taxonomy":"product_cat","embeddable":true,"href":"https:\/\/kindart.is\/en\/wp-json\/wp\/v2\/product_cat?post=6999"},{"taxonomy":"product_tag","embeddable":true,"href":"https:\/\/kindart.is\/en\/wp-json\/wp\/v2\/product_tag?post=6999"}],"curies":[{"name":"wp","href":"https:\/\/api.w.org\/{rel}","templated":true}]}}