{"id":7009,"date":"2023-05-15T05:52:55","date_gmt":"2023-05-15T05:52:55","guid":{"rendered":"https:\/\/kindart.is\/product\/gaddaskata\/"},"modified":"2023-05-15T05:52:55","modified_gmt":"2023-05-15T05:52:55","slug":"gaddaskata","status":"publish","type":"product","link":"https:\/\/kindart.is\/en\/vara\/gaddaskata\/","title":{"rendered":"Gaddaskata"},"content":{"rendered":"<p><strong>Gaddaskata<\/strong> eftir Stef\u00e1n J\u00f3nsson fr\u00e9ttamann. Einn, tveir og sj\u00f6 kaflar um hitt og \u00feetta. B\u00f3kin er bundin \u00ed forlagsband, alband \u00ed svartan shirting. St\u00e6r\u00f0: 21.7 X 14 cm. og 200 bls. Hl\u00edf\u00f0ark\u00e1pu vantar.<\/p>\n<p><strong>\u00datg\u00e1fa og prentun<\/strong>:<br \/>\n\u00c6gis\u00fatg\u00e1fan. Reykjav\u00edk 1966. Prentsmi\u00f0ja J\u00f3ns Helgasonar.<\/p>\n","protected":false},"excerpt":{"rendered":"<p>Gaddaskata eftir Stef\u00e1n J\u00f3nsson fr\u00e9ttamann. Einn, tveir og sj\u00f6 kaflar um hitt og \u00feetta. B\u00f3kin er bundin \u00ed forlagsband, alband \u00ed svartan shirting. St\u00e6r\u00f0: 21.7 X 14 cm. og 200 bls. Hl\u00edf\u00f0ark\u00e1pu vantar. \u00datg\u00e1fa og prentun: \u00c6gis\u00fatg\u00e1fan. Reykjav\u00edk 1966. Prentsmi\u00f0ja J\u00f3ns Helgasonar.<\/p>\n","protected":false},"featured_media":7006,"template":"","meta":{"slim_seo":{"title":"Gaddaskata - KindArt","description":"Gaddaskata eftir Stef\u00e1n J\u00f3nsson fr\u00e9ttamann. Einn, tveir og sj\u00f6 kaflar um hitt og \u00feetta. B\u00f3kin er bundin \u00ed forlagsband, alband \u00ed svartan shirting. St\u00e6r\u00f0: 21.7 X"}},"product_brand":[],"product_cat":[83],"product_tag":[],"class_list":{"0":"post-7009","1":"product","2":"type-product","3":"status-publish","4":"has-post-thumbnail","6":"product_cat-books","7":"product_shipping_class-small-en","9":"first","10":"instock","11":"purchasable","12":"product-type-simple"},"_links":{"self":[{"href":"https:\/\/kindart.is\/en\/wp-json\/wp\/v2\/product\/7009","targetHints":{"allow":["GET"]}}],"collection":[{"href":"https:\/\/kindart.is\/en\/wp-json\/wp\/v2\/product"}],"about":[{"href":"https:\/\/kindart.is\/en\/wp-json\/wp\/v2\/types\/product"}],"wp:featuredmedia":[{"embeddable":true,"href":"https:\/\/kindart.is\/en\/wp-json\/wp\/v2\/media\/7006"}],"wp:attachment":[{"href":"https:\/\/kindart.is\/en\/wp-json\/wp\/v2\/media?parent=7009"}],"wp:term":[{"taxonomy":"product_brand","embeddable":true,"href":"https:\/\/kindart.is\/en\/wp-json\/wp\/v2\/product_brand?post=7009"},{"taxonomy":"product_cat","embeddable":true,"href":"https:\/\/kindart.is\/en\/wp-json\/wp\/v2\/product_cat?post=7009"},{"taxonomy":"product_tag","embeddable":true,"href":"https:\/\/kindart.is\/en\/wp-json\/wp\/v2\/product_tag?post=7009"}],"curies":[{"name":"wp","href":"https:\/\/api.w.org\/{rel}","templated":true}]}}