{"id":7015,"date":"2023-05-15T05:57:49","date_gmt":"2023-05-15T05:57:49","guid":{"rendered":"https:\/\/kindart.is\/product\/eitt-litid-aevintyr\/"},"modified":"2023-05-15T05:57:49","modified_gmt":"2023-05-15T05:57:49","slug":"eitt-litid-aevintyr","status":"publish","type":"product","link":"https:\/\/kindart.is\/en\/vara\/eitt-litid-aevintyr\/","title":{"rendered":"Eitt l\u00edti\u00f0 \u00e6vint\u00fdr"},"content":{"rendered":"<p><strong>Eitt l\u00edti\u00f0 \u00e6vint\u00fdr<\/strong> lystugt af \u00feremur riddurum. &#8211; Kl\u00e1msaga og fj\u00f6gur \u00f6nnur misjafnlega si\u00f0l\u00e1t \u00e6vint\u00fdri fr\u00e1 sautj\u00e1ndu \u00f6ld. Einar G. P\u00e9tursson bj\u00f3 til prentunar og rita\u00f0i inngang. Kveri\u00f0 er kilja sem er l\u00edmband og sett \u00ed lj\u00f3sgulan fallegan karton, skorin til endana, en me\u00f0 formeringum a\u00f0 framan og innanbrot \u00e1 kartoninu.. St\u00e6r\u00f0 b\u00f3kar er: 21 X 13 cm og 65 bls.*<\/p>\n<p><strong>\u00datg\u00e1fa og prentun<\/strong>:<br \/>\nEinar G. P\u00e9tursson og S\u00f6guspekingastifti me\u00f0 styrk fr\u00e1 Menningarm\u00e1lanefnd Hafnarfjar\u00f0ar. Hafnarfir\u00f0i 2002. Prentsmi\u00f0ja Hafnarfjar\u00f0ar.<\/p>\n","protected":false},"excerpt":{"rendered":"<p>Eitt l\u00edti\u00f0 \u00e6vint\u00fdr lystugt af \u00feremur riddurum. &#8211; Kl\u00e1msaga og fj\u00f6gur \u00f6nnur misjafnlega si\u00f0l\u00e1t \u00e6vint\u00fdri fr\u00e1 sautj\u00e1ndu \u00f6ld. Einar G. P\u00e9tursson bj\u00f3 til prentunar og rita\u00f0i inngang. Kveri\u00f0 er kilja sem er l\u00edmband og sett \u00ed lj\u00f3sgulan fallegan karton, skorin til endana, en me\u00f0 formeringum a\u00f0 framan og innanbrot \u00e1 kartoninu.. St\u00e6r\u00f0 b\u00f3kar er: 21 [&hellip;]<\/p>\n","protected":false},"featured_media":7012,"template":"","meta":{"slim_seo":{"title":"Eitt l\u00edti\u00f0 \u00e6vint\u00fdr - KindArt","description":"Eitt l\u00edti\u00f0 \u00e6vint\u00fdr lystugt af \u00feremur riddurum. - Kl\u00e1msaga og fj\u00f6gur \u00f6nnur misjafnlega si\u00f0l\u00e1t \u00e6vint\u00fdri fr\u00e1 sautj\u00e1ndu \u00f6ld. Einar G. P\u00e9tursson bj\u00f3 til prentunar og"}},"product_brand":[],"product_cat":[83],"product_tag":[],"class_list":{"0":"post-7015","1":"product","2":"type-product","3":"status-publish","4":"has-post-thumbnail","6":"product_cat-books","7":"product_shipping_class-small-en","9":"first","10":"instock","11":"purchasable","12":"product-type-simple"},"_links":{"self":[{"href":"https:\/\/kindart.is\/en\/wp-json\/wp\/v2\/product\/7015","targetHints":{"allow":["GET"]}}],"collection":[{"href":"https:\/\/kindart.is\/en\/wp-json\/wp\/v2\/product"}],"about":[{"href":"https:\/\/kindart.is\/en\/wp-json\/wp\/v2\/types\/product"}],"wp:featuredmedia":[{"embeddable":true,"href":"https:\/\/kindart.is\/en\/wp-json\/wp\/v2\/media\/7012"}],"wp:attachment":[{"href":"https:\/\/kindart.is\/en\/wp-json\/wp\/v2\/media?parent=7015"}],"wp:term":[{"taxonomy":"product_brand","embeddable":true,"href":"https:\/\/kindart.is\/en\/wp-json\/wp\/v2\/product_brand?post=7015"},{"taxonomy":"product_cat","embeddable":true,"href":"https:\/\/kindart.is\/en\/wp-json\/wp\/v2\/product_cat?post=7015"},{"taxonomy":"product_tag","embeddable":true,"href":"https:\/\/kindart.is\/en\/wp-json\/wp\/v2\/product_tag?post=7015"}],"curies":[{"name":"wp","href":"https:\/\/api.w.org\/{rel}","templated":true}]}}