{"id":7021,"date":"2023-05-17T09:53:22","date_gmt":"2023-05-17T09:53:22","guid":{"rendered":"https:\/\/kindart.is\/product\/baejarposturinn\/"},"modified":"2024-10-19T15:51:01","modified_gmt":"2024-10-19T15:51:01","slug":"baejarposturinn","status":"publish","type":"product","link":"https:\/\/kindart.is\/en\/vara\/baejarposturinn\/","title":{"rendered":"B\u00e6jarp\u00f3sturinn"},"content":{"rendered":"<p><strong>B\u00e6jarp\u00f3sturinn<\/strong>, \u00d3h\u00e1\u00f0 fr\u00e9ttabla\u00f0, Dalv\u00edk. 4. \u00e1rg. 1988. Ritst\u00f3ri: Gu\u00f0mundur Ingi J\u00f3natansson. \u2013 14 tbl. bundin saman \u00ed eina b\u00f3k \u00ed svart rex\u00edn \u00e1 kj\u00f6l og horn og kl\u00e6dd \u00ed gr\u00e1an spjaldapapp\u00edr. St\u00e6r\u00f0: 40.2 X 21 cm.<\/p>\n<p><strong>\u00datg\u00e1fa og prentun<\/strong>:<br \/>\n\u00datgefandi: Fj\u00f6lriti sf, Karlsrau\u00f0atorgi 3, Dalv\u00edk 1988. Setning og prentun: Fj\u00f6lriti, Dalv\u00edk.<\/p>\n","protected":false},"excerpt":{"rendered":"<p>B\u00e6jarp\u00f3sturinn, \u00d3h\u00e1\u00f0 fr\u00e9ttabla\u00f0, Dalv\u00edk. 4. \u00e1rg. 1988. Ritst\u00f3ri: Gu\u00f0mundur Ingi J\u00f3natansson. \u2013 14 tbl. bundin saman \u00ed eina b\u00f3k \u00ed svart rex\u00edn \u00e1 kj\u00f6l og horn og kl\u00e6dd \u00ed gr\u00e1an spjaldapapp\u00edr. St\u00e6r\u00f0: 40.2 X 21 cm. \u00datg\u00e1fa og prentun: \u00datgefandi: Fj\u00f6lriti sf, Karlsrau\u00f0atorgi 3, Dalv\u00edk 1988. Setning og prentun: Fj\u00f6lriti, Dalv\u00edk.<\/p>\n","protected":false},"featured_media":7018,"template":"","meta":{"slim_seo":{"title":"B\u00e6jarp\u00f3sturinn - KindArt","description":"B\u00e6jarp\u00f3sturinn , \u00d3h\u00e1\u00f0 fr\u00e9ttabla\u00f0, Dalv\u00edk. 4. \u00e1rg. 1988. Ritst\u00f3ri: Gu\u00f0mundur Ingi J\u00f3natansson. \u2013 14 tbl. bundin saman \u00ed eina b\u00f3k \u00ed svart rex\u00edn \u00e1 kj\u00f6l og horn og"}},"product_brand":[],"product_cat":[83],"product_tag":[],"class_list":{"0":"post-7021","1":"product","2":"type-product","3":"status-publish","4":"has-post-thumbnail","6":"product_cat-books","7":"product_shipping_class-small-en","9":"first","10":"outofstock","11":"purchasable","12":"product-type-simple"},"_links":{"self":[{"href":"https:\/\/kindart.is\/en\/wp-json\/wp\/v2\/product\/7021","targetHints":{"allow":["GET"]}}],"collection":[{"href":"https:\/\/kindart.is\/en\/wp-json\/wp\/v2\/product"}],"about":[{"href":"https:\/\/kindart.is\/en\/wp-json\/wp\/v2\/types\/product"}],"wp:featuredmedia":[{"embeddable":true,"href":"https:\/\/kindart.is\/en\/wp-json\/wp\/v2\/media\/7018"}],"wp:attachment":[{"href":"https:\/\/kindart.is\/en\/wp-json\/wp\/v2\/media?parent=7021"}],"wp:term":[{"taxonomy":"product_brand","embeddable":true,"href":"https:\/\/kindart.is\/en\/wp-json\/wp\/v2\/product_brand?post=7021"},{"taxonomy":"product_cat","embeddable":true,"href":"https:\/\/kindart.is\/en\/wp-json\/wp\/v2\/product_cat?post=7021"},{"taxonomy":"product_tag","embeddable":true,"href":"https:\/\/kindart.is\/en\/wp-json\/wp\/v2\/product_tag?post=7021"}],"curies":[{"name":"wp","href":"https:\/\/api.w.org\/{rel}","templated":true}]}}