{"id":7029,"date":"2023-05-17T09:57:04","date_gmt":"2023-05-17T09:57:04","guid":{"rendered":"https:\/\/kindart.is\/product\/glott-vid-tonn\/"},"modified":"2023-05-17T09:57:04","modified_gmt":"2023-05-17T09:57:04","slug":"glott-vid-tonn","status":"publish","type":"product","link":"https:\/\/kindart.is\/en\/vara\/glott-vid-tonn\/","title":{"rendered":"Glott vi\u00f0 t\u00f6nn"},"content":{"rendered":"<p><strong>Glott vi\u00f0 t\u00f6nn<\/strong>. Skopkv\u00e6\u00f0i me\u00f0 teikningum eftir Bjarna J\u00f3nsson. Kv\u00e6\u00f0in orti B\u00f6\u00f0var Gu\u00f0laugsson sem var \u00edslenskur rith\u00f6fundur, lj\u00f3\u00f0sk\u00e1ld og kennari. B\u00f6\u00f0var orti m.a. \u00ed Spegilinn. St\u00e6r\u00f0: 29.7 X 21 cm. Papp\u00edrsband, 55 bls.<\/p>\n<p><strong>\u00datg\u00e1fa og prentun<\/strong>:<br \/>\nSpegils\u00fatg\u00e1fan, Reykjav\u00edk 1966. \u2013 K\u00e1rsnessprent.<\/p>\n","protected":false},"excerpt":{"rendered":"<p>Glott vi\u00f0 t\u00f6nn. Skopkv\u00e6\u00f0i me\u00f0 teikningum eftir Bjarna J\u00f3nsson. Kv\u00e6\u00f0in orti B\u00f6\u00f0var Gu\u00f0laugsson sem var \u00edslenskur rith\u00f6fundur, lj\u00f3\u00f0sk\u00e1ld og kennari. B\u00f6\u00f0var orti m.a. \u00ed Spegilinn. St\u00e6r\u00f0: 29.7 X 21 cm. Papp\u00edrsband, 55 bls. \u00datg\u00e1fa og prentun: Spegils\u00fatg\u00e1fan, Reykjav\u00edk 1966. \u2013 K\u00e1rsnessprent.<\/p>\n","protected":false},"featured_media":7024,"template":"","meta":{"slim_seo":{"title":"Glott vi\u00f0 t\u00f6nn - KindArt","description":"Glott vi\u00f0 t\u00f6nn . Skopkv\u00e6\u00f0i me\u00f0 teikningum eftir Bjarna J\u00f3nsson. Kv\u00e6\u00f0in orti B\u00f6\u00f0var Gu\u00f0laugsson sem var \u00edslenskur rith\u00f6fundur, lj\u00f3\u00f0sk\u00e1ld og kennari. B\u00f6\u00f0var orti"}},"product_brand":[],"product_cat":[83],"product_tag":[],"class_list":{"0":"post-7029","1":"product","2":"type-product","3":"status-publish","4":"has-post-thumbnail","6":"product_cat-books","7":"product_shipping_class-small-en","9":"first","10":"instock","11":"purchasable","12":"product-type-simple"},"_links":{"self":[{"href":"https:\/\/kindart.is\/en\/wp-json\/wp\/v2\/product\/7029","targetHints":{"allow":["GET"]}}],"collection":[{"href":"https:\/\/kindart.is\/en\/wp-json\/wp\/v2\/product"}],"about":[{"href":"https:\/\/kindart.is\/en\/wp-json\/wp\/v2\/types\/product"}],"wp:featuredmedia":[{"embeddable":true,"href":"https:\/\/kindart.is\/en\/wp-json\/wp\/v2\/media\/7024"}],"wp:attachment":[{"href":"https:\/\/kindart.is\/en\/wp-json\/wp\/v2\/media?parent=7029"}],"wp:term":[{"taxonomy":"product_brand","embeddable":true,"href":"https:\/\/kindart.is\/en\/wp-json\/wp\/v2\/product_brand?post=7029"},{"taxonomy":"product_cat","embeddable":true,"href":"https:\/\/kindart.is\/en\/wp-json\/wp\/v2\/product_cat?post=7029"},{"taxonomy":"product_tag","embeddable":true,"href":"https:\/\/kindart.is\/en\/wp-json\/wp\/v2\/product_tag?post=7029"}],"curies":[{"name":"wp","href":"https:\/\/api.w.org\/{rel}","templated":true}]}}