{"id":7035,"date":"2023-05-17T10:01:50","date_gmt":"2023-05-17T10:01:50","guid":{"rendered":"https:\/\/kindart.is\/product\/islendingathaettir-timans\/"},"modified":"2023-05-17T10:01:50","modified_gmt":"2023-05-17T10:01:50","slug":"islendingathaettir-timans","status":"publish","type":"product","link":"https:\/\/kindart.is\/en\/vara\/islendingathaettir-timans\/","title":{"rendered":"\u00cdslendinga\u00fe\u00e6ttir T\u00edmans"},"content":{"rendered":"<p><strong>\u00cdslendinga\u00fe\u00e6ttir T\u00edmans<\/strong>, 3. \u00e1rg. 1970. Innbundinn \u00ed svart rex\u00edn \u00e1 kj\u00f6l og horn og gyllt \u00e1 kj\u00f6l. St\u00e6r\u00f0: 29.8 X 21 cm. \u00deetta eru minningargreinar um f\u00f3lk sem birtust I \u00feessari s\u00e9r\u00fatg\u00e1fu T\u00edmans \u00e1ri\u00f0 1970, en \u00fea\u00f0 byrja\u00f0i a\u00f0 koma \u00fat 1968 og kom \u00fat til 1984. \u00deetta rit hefur miki\u00f0 veri\u00f0 nota\u00f0 af \u00e6ttfr\u00e6\u00f0ingum \u00ed gegnum \u00e1rin.<\/p>\n<p><strong>\u00datg\u00e1fa og prentun<\/strong>:<br \/>\nDagbla\u00f0i\u00f0 T\u00edminn, Reykjav\u00edk 1970. Prentsmi\u00f0ja T\u00edmans.<\/p>\n","protected":false},"excerpt":{"rendered":"<p>\u00cdslendinga\u00fe\u00e6ttir T\u00edmans, 3. \u00e1rg. 1970. Innbundinn \u00ed svart rex\u00edn \u00e1 kj\u00f6l og horn og gyllt \u00e1 kj\u00f6l. St\u00e6r\u00f0: 29.8 X 21 cm. \u00deetta eru minningargreinar um f\u00f3lk sem birtust I \u00feessari s\u00e9r\u00fatg\u00e1fu T\u00edmans \u00e1ri\u00f0 1970, en \u00fea\u00f0 byrja\u00f0i a\u00f0 koma \u00fat 1968 og kom \u00fat til 1984. \u00deetta rit hefur miki\u00f0 veri\u00f0 nota\u00f0 af \u00e6ttfr\u00e6\u00f0ingum [&hellip;]<\/p>\n","protected":false},"featured_media":7032,"template":"","meta":{"slim_seo":{"title":"\u00cdslendinga\u00fe\u00e6ttir T\u00edmans - KindArt","description":"\u00cdslendinga\u00fe\u00e6ttir T\u00edmans , 3. \u00e1rg. 1970. Innbundinn \u00ed svart rex\u00edn \u00e1 kj\u00f6l og horn og gyllt \u00e1 kj\u00f6l. St\u00e6r\u00f0: 29.8 X 21 cm. \u00deetta eru minningargreinar um f\u00f3lk sem bir"}},"product_brand":[],"product_cat":[83],"product_tag":[],"class_list":{"0":"post-7035","1":"product","2":"type-product","3":"status-publish","4":"has-post-thumbnail","6":"product_cat-books","7":"product_shipping_class-small-en","9":"first","10":"instock","11":"purchasable","12":"product-type-simple"},"_links":{"self":[{"href":"https:\/\/kindart.is\/en\/wp-json\/wp\/v2\/product\/7035","targetHints":{"allow":["GET"]}}],"collection":[{"href":"https:\/\/kindart.is\/en\/wp-json\/wp\/v2\/product"}],"about":[{"href":"https:\/\/kindart.is\/en\/wp-json\/wp\/v2\/types\/product"}],"wp:featuredmedia":[{"embeddable":true,"href":"https:\/\/kindart.is\/en\/wp-json\/wp\/v2\/media\/7032"}],"wp:attachment":[{"href":"https:\/\/kindart.is\/en\/wp-json\/wp\/v2\/media?parent=7035"}],"wp:term":[{"taxonomy":"product_brand","embeddable":true,"href":"https:\/\/kindart.is\/en\/wp-json\/wp\/v2\/product_brand?post=7035"},{"taxonomy":"product_cat","embeddable":true,"href":"https:\/\/kindart.is\/en\/wp-json\/wp\/v2\/product_cat?post=7035"},{"taxonomy":"product_tag","embeddable":true,"href":"https:\/\/kindart.is\/en\/wp-json\/wp\/v2\/product_tag?post=7035"}],"curies":[{"name":"wp","href":"https:\/\/api.w.org\/{rel}","templated":true}]}}